{"id":34808,"date":"2023-06-13T00:00:00","date_gmt":"2023-06-12T22:00:00","guid":{"rendered":"https:\/\/tech-light.com.pl\/product\/end-caps-p13-10-c23\/"},"modified":"2025-12-19T14:58:15","modified_gmt":"2025-12-19T13:58:15","slug":"end-caps-p15-1-c13-2","status":"publish","type":"product","link":"https:\/\/tech-light.com.pl\/en\/product\/end-caps-p15-1-c13-2\/","title":{"rendered":"End Caps P15-1 [C13]"},"content":{"rendered":"<p>P13-10 end caps are innovative finishing elements for LED profiles, manufactured using advanced SLS (Selective Laser Sintering) technology. Precise laser sintering ensures highest manufacturing accuracy, exceptional durability and modern design. They feature uniform structure, excellent surface finish and high mechanical and thermal resistance. Available in multiple colors, resistant to mechanical damage, UV radiation and temperature fluctuations.<\/p>\n<p>The end caps are compatible with P13-10 profile and C23 cover. Simple installation requires no specialized tools, and precise fit ensures tight closure of profile ends, creating a cohesive and elegant lighting installation.<\/p>\n<p><b>Tolerances<\/b><br \/>\nLength tolerance according to ISO 2768-9.<br \/>\nProducts (profiles and covers) made with positive tolerance.<\/p>\n","protected":false},"excerpt":{"rendered":"<p>LED profile end caps made with SLS technology. Available in multiple colors, they provide precise fit and aesthetic finishing for lighting installations.<\/p>\n","protected":false},"featured_media":34321,"template":"","meta":{"_acf_changed":false,"inline_featured_image":false},"product_brand":[],"product_cat":[428,422],"product_tag":[],"class_list":{"0":"post-34808","1":"product","2":"type-product","3":"status-publish","4":"has-post-thumbnail","6":"product_cat-end-caps","7":"product_cat-led-accessories","8":"pa_kolor-black","9":"pa_kolor-graphite","10":"pa_kolor-gray","11":"pa_kolor-white","12":"pa_material-sls-en","14":"first","15":"instock","16":"product-type-simple"},"acf":[],"yoast_head":"<!-- This site is optimized with the Yoast SEO plugin v26.6 - https:\/\/yoast.com\/wordpress\/plugins\/seo\/ -->\n<title>End Caps P15-1 [C13] - Tech Light - Profile LED<\/title>\n<meta name=\"robots\" content=\"index, follow, max-snippet:-1, max-image-preview:large, max-video-preview:-1\" \/>\n<link rel=\"canonical\" href=\"https:\/\/tech-light.com.pl\/en\/product\/end-caps-p15-1-c13-2\/\" \/>\n<meta property=\"og:locale\" content=\"en_US\" \/>\n<meta property=\"og:type\" content=\"article\" \/>\n<meta property=\"og:title\" content=\"End Caps P15-1 [C13] - Tech Light - Profile LED\" \/>\n<meta property=\"og:description\" content=\"LED profile end caps made with SLS technology. Available in multiple colors, they provide precise fit and aesthetic finishing for lighting installations.\" \/>\n<meta property=\"og:url\" content=\"https:\/\/tech-light.com.pl\/en\/product\/end-caps-p15-1-c13-2\/\" \/>\n<meta property=\"og:site_name\" content=\"Tech Light - Profile LED\" \/>\n<meta property=\"article:publisher\" content=\"https:\/\/www.facebook.com\/people\/Tech-Light\/100066483851004\/\" \/>\n<meta property=\"article:modified_time\" content=\"2025-12-19T13:58:15+00:00\" \/>\n<meta property=\"og:image\" content=\"https:\/\/tech-light.com.pl\/wp-content\/uploads\/2024\/11\/zaslepki-p13-10-c23-szary.jpg\" \/>\n\t<meta property=\"og:image:width\" content=\"1920\" \/>\n\t<meta property=\"og:image:height\" content=\"1920\" \/>\n\t<meta property=\"og:image:type\" content=\"image\/jpeg\" \/>\n<meta name=\"twitter:card\" content=\"summary_large_image\" \/>\n<meta name=\"twitter:label1\" content=\"Est. reading time\" \/>\n\t<meta name=\"twitter:data1\" content=\"1 minute\" \/>\n<script type=\"application\/ld+json\" class=\"yoast-schema-graph\">{\"@context\":\"https:\/\/schema.org\",\"@graph\":[{\"@type\":\"WebPage\",\"@id\":\"https:\/\/tech-light.com.pl\/en\/product\/end-caps-p15-1-c13-2\/\",\"url\":\"https:\/\/tech-light.com.pl\/en\/product\/end-caps-p15-1-c13-2\/\",\"name\":\"End Caps P15-1 [C13] - Tech Light - Profile LED\",\"isPartOf\":{\"@id\":\"https:\/\/tech-light.com.pl\/en\/#website\"},\"primaryImageOfPage\":{\"@id\":\"https:\/\/tech-light.com.pl\/en\/product\/end-caps-p15-1-c13-2\/#primaryimage\"},\"image\":{\"@id\":\"https:\/\/tech-light.com.pl\/en\/product\/end-caps-p15-1-c13-2\/#primaryimage\"},\"thumbnailUrl\":\"https:\/\/tech-light.com.pl\/wp-content\/uploads\/2024\/11\/zaslepki-p13-10-c23-szary.jpg\",\"datePublished\":\"2023-06-12T22:00:00+00:00\",\"dateModified\":\"2025-12-19T13:58:15+00:00\",\"breadcrumb\":{\"@id\":\"https:\/\/tech-light.com.pl\/en\/product\/end-caps-p15-1-c13-2\/#breadcrumb\"},\"inLanguage\":\"en-US\",\"potentialAction\":[{\"@type\":\"ReadAction\",\"target\":[\"https:\/\/tech-light.com.pl\/en\/product\/end-caps-p15-1-c13-2\/\"]}]},{\"@type\":\"ImageObject\",\"inLanguage\":\"en-US\",\"@id\":\"https:\/\/tech-light.com.pl\/en\/product\/end-caps-p15-1-c13-2\/#primaryimage\",\"url\":\"https:\/\/tech-light.com.pl\/wp-content\/uploads\/2024\/11\/zaslepki-p13-10-c23-szary.jpg\",\"contentUrl\":\"https:\/\/tech-light.com.pl\/wp-content\/uploads\/2024\/11\/zaslepki-p13-10-c23-szary.jpg\",\"width\":1920,\"height\":1920},{\"@type\":\"BreadcrumbList\",\"@id\":\"https:\/\/tech-light.com.pl\/en\/product\/end-caps-p15-1-c13-2\/#breadcrumb\",\"itemListElement\":[{\"@type\":\"ListItem\",\"position\":1,\"name\":\"Strona g\u0142\u00f3wna\",\"item\":\"https:\/\/tech-light.com.pl\/\"},{\"@type\":\"ListItem\",\"position\":2,\"name\":\"Produkty\",\"item\":\"https:\/\/tech-light.com.pl\/produkty\/\"},{\"@type\":\"ListItem\",\"position\":3,\"name\":\"End Caps P15-1 [C13]\"}]},{\"@type\":\"WebSite\",\"@id\":\"https:\/\/tech-light.com.pl\/en\/#website\",\"url\":\"https:\/\/tech-light.com.pl\/en\/\",\"name\":\"Tech Light - Profile LED\",\"description\":\"Rozwi\u0105zania PREMIUM w zasi\u0119gu Twojej r\u0119ki\",\"publisher\":{\"@id\":\"https:\/\/tech-light.com.pl\/en\/#organization\"},\"alternateName\":\"Polski producent Profili LED\",\"potentialAction\":[{\"@type\":\"SearchAction\",\"target\":{\"@type\":\"EntryPoint\",\"urlTemplate\":\"https:\/\/tech-light.com.pl\/en\/?s={search_term_string}\"},\"query-input\":{\"@type\":\"PropertyValueSpecification\",\"valueRequired\":true,\"valueName\":\"search_term_string\"}}],\"inLanguage\":\"en-US\"},{\"@type\":\"Organization\",\"@id\":\"https:\/\/tech-light.com.pl\/en\/#organization\",\"name\":\"Tech-Light Sp. z o.o.\",\"alternateName\":\"Tech Light - Profile LED\",\"url\":\"https:\/\/tech-light.com.pl\/en\/\",\"logo\":{\"@type\":\"ImageObject\",\"inLanguage\":\"en-US\",\"@id\":\"https:\/\/tech-light.com.pl\/en\/#\/schema\/logo\/image\/\",\"url\":\"https:\/\/tech-light.com.pl\/wp-content\/uploads\/2024\/04\/tech-light-tl.jpg\",\"contentUrl\":\"https:\/\/tech-light.com.pl\/wp-content\/uploads\/2024\/04\/tech-light-tl.jpg\",\"width\":696,\"height\":696,\"caption\":\"Tech-Light Sp. z o.o.\"},\"image\":{\"@id\":\"https:\/\/tech-light.com.pl\/en\/#\/schema\/logo\/image\/\"},\"sameAs\":[\"https:\/\/www.facebook.com\/people\/Tech-Light\/100066483851004\/\"]}]}<\/script>\n<!-- \/ Yoast SEO plugin. -->","yoast_head_json":{"title":"End Caps P15-1 [C13] - Tech Light - Profile LED","robots":{"index":"index","follow":"follow","max-snippet":"max-snippet:-1","max-image-preview":"max-image-preview:large","max-video-preview":"max-video-preview:-1"},"canonical":"https:\/\/tech-light.com.pl\/en\/product\/end-caps-p15-1-c13-2\/","og_locale":"en_US","og_type":"article","og_title":"End Caps P15-1 [C13] - Tech Light - Profile LED","og_description":"LED profile end caps made with SLS technology. Available in multiple colors, they provide precise fit and aesthetic finishing for lighting installations.","og_url":"https:\/\/tech-light.com.pl\/en\/product\/end-caps-p15-1-c13-2\/","og_site_name":"Tech Light - Profile LED","article_publisher":"https:\/\/www.facebook.com\/people\/Tech-Light\/100066483851004\/","article_modified_time":"2025-12-19T13:58:15+00:00","og_image":[{"width":1920,"height":1920,"url":"https:\/\/tech-light.com.pl\/wp-content\/uploads\/2024\/11\/zaslepki-p13-10-c23-szary.jpg","type":"image\/jpeg"}],"twitter_card":"summary_large_image","twitter_misc":{"Est. reading time":"1 minute"},"schema":{"@context":"https:\/\/schema.org","@graph":[{"@type":"WebPage","@id":"https:\/\/tech-light.com.pl\/en\/product\/end-caps-p15-1-c13-2\/","url":"https:\/\/tech-light.com.pl\/en\/product\/end-caps-p15-1-c13-2\/","name":"End Caps P15-1 [C13] - Tech Light - Profile LED","isPartOf":{"@id":"https:\/\/tech-light.com.pl\/en\/#website"},"primaryImageOfPage":{"@id":"https:\/\/tech-light.com.pl\/en\/product\/end-caps-p15-1-c13-2\/#primaryimage"},"image":{"@id":"https:\/\/tech-light.com.pl\/en\/product\/end-caps-p15-1-c13-2\/#primaryimage"},"thumbnailUrl":"https:\/\/tech-light.com.pl\/wp-content\/uploads\/2024\/11\/zaslepki-p13-10-c23-szary.jpg","datePublished":"2023-06-12T22:00:00+00:00","dateModified":"2025-12-19T13:58:15+00:00","breadcrumb":{"@id":"https:\/\/tech-light.com.pl\/en\/product\/end-caps-p15-1-c13-2\/#breadcrumb"},"inLanguage":"en-US","potentialAction":[{"@type":"ReadAction","target":["https:\/\/tech-light.com.pl\/en\/product\/end-caps-p15-1-c13-2\/"]}]},{"@type":"ImageObject","inLanguage":"en-US","@id":"https:\/\/tech-light.com.pl\/en\/product\/end-caps-p15-1-c13-2\/#primaryimage","url":"https:\/\/tech-light.com.pl\/wp-content\/uploads\/2024\/11\/zaslepki-p13-10-c23-szary.jpg","contentUrl":"https:\/\/tech-light.com.pl\/wp-content\/uploads\/2024\/11\/zaslepki-p13-10-c23-szary.jpg","width":1920,"height":1920},{"@type":"BreadcrumbList","@id":"https:\/\/tech-light.com.pl\/en\/product\/end-caps-p15-1-c13-2\/#breadcrumb","itemListElement":[{"@type":"ListItem","position":1,"name":"Strona g\u0142\u00f3wna","item":"https:\/\/tech-light.com.pl\/"},{"@type":"ListItem","position":2,"name":"Produkty","item":"https:\/\/tech-light.com.pl\/produkty\/"},{"@type":"ListItem","position":3,"name":"End Caps P15-1 [C13]"}]},{"@type":"WebSite","@id":"https:\/\/tech-light.com.pl\/en\/#website","url":"https:\/\/tech-light.com.pl\/en\/","name":"Tech Light - Profile LED","description":"Rozwi\u0105zania PREMIUM w zasi\u0119gu Twojej r\u0119ki","publisher":{"@id":"https:\/\/tech-light.com.pl\/en\/#organization"},"alternateName":"Polski producent Profili LED","potentialAction":[{"@type":"SearchAction","target":{"@type":"EntryPoint","urlTemplate":"https:\/\/tech-light.com.pl\/en\/?s={search_term_string}"},"query-input":{"@type":"PropertyValueSpecification","valueRequired":true,"valueName":"search_term_string"}}],"inLanguage":"en-US"},{"@type":"Organization","@id":"https:\/\/tech-light.com.pl\/en\/#organization","name":"Tech-Light Sp. z o.o.","alternateName":"Tech Light - Profile LED","url":"https:\/\/tech-light.com.pl\/en\/","logo":{"@type":"ImageObject","inLanguage":"en-US","@id":"https:\/\/tech-light.com.pl\/en\/#\/schema\/logo\/image\/","url":"https:\/\/tech-light.com.pl\/wp-content\/uploads\/2024\/04\/tech-light-tl.jpg","contentUrl":"https:\/\/tech-light.com.pl\/wp-content\/uploads\/2024\/04\/tech-light-tl.jpg","width":696,"height":696,"caption":"Tech-Light Sp. z o.o."},"image":{"@id":"https:\/\/tech-light.com.pl\/en\/#\/schema\/logo\/image\/"},"sameAs":["https:\/\/www.facebook.com\/people\/Tech-Light\/100066483851004\/"]}]}},"_links":{"self":[{"href":"https:\/\/tech-light.com.pl\/en\/wp-json\/wp\/v2\/product\/34808","targetHints":{"allow":["GET"]}}],"collection":[{"href":"https:\/\/tech-light.com.pl\/en\/wp-json\/wp\/v2\/product"}],"about":[{"href":"https:\/\/tech-light.com.pl\/en\/wp-json\/wp\/v2\/types\/product"}],"wp:featuredmedia":[{"embeddable":true,"href":"https:\/\/tech-light.com.pl\/en\/wp-json\/wp\/v2\/media\/34321"}],"wp:attachment":[{"href":"https:\/\/tech-light.com.pl\/en\/wp-json\/wp\/v2\/media?parent=34808"}],"wp:term":[{"taxonomy":"product_brand","embeddable":true,"href":"https:\/\/tech-light.com.pl\/en\/wp-json\/wp\/v2\/product_brand?post=34808"},{"taxonomy":"product_cat","embeddable":true,"href":"https:\/\/tech-light.com.pl\/en\/wp-json\/wp\/v2\/product_cat?post=34808"},{"taxonomy":"product_tag","embeddable":true,"href":"https:\/\/tech-light.com.pl\/en\/wp-json\/wp\/v2\/product_tag?post=34808"}],"curies":[{"name":"wp","href":"https:\/\/api.w.org\/{rel}","templated":true}]}}