{"id":34780,"date":"2023-06-14T00:00:00","date_gmt":"2023-06-13T22:00:00","guid":{"rendered":"https:\/\/tech-light.com.pl\/product\/end-caps-p14-2-c15\/"},"modified":"2025-12-19T14:58:28","modified_gmt":"2025-12-19T13:58:28","slug":"end-caps-p14-2-c15","status":"publish","type":"product","link":"https:\/\/tech-light.com.pl\/en\/product\/end-caps-p14-2-c15\/","title":{"rendered":"End Caps P14-2 [C15]"},"content":{"rendered":"<p>End caps for LED profiles P14-2 are an essential finishing element for any lighting installation. Made from high-quality polypropylene, they combine functionality with aesthetics, providing professional protection for profile ends. Available in multiple elegant colors, they enable perfect matching to the selected profile and interior arrangement. Precisely designed, they guarantee secure and stable mounting.<\/p>\n<p>End caps compatible with profile P14-2 and cover C15. Simple installation requires no specialized tools, which significantly facilitates the installation process. Material durability combined with elegant design makes them an indispensable element of every professional lighting system.<\/p>\n<p><b>Tolerances<\/b><br \/>\nLength tolerance according to ISO 2768-9.<br \/>\nProducts (profiles and covers) made with positive tolerance.<\/p>\n","protected":false},"excerpt":{"rendered":"<p>End caps for LED profiles P14-2 made from durable polypropylene. Available in multiple colors. Provide aesthetic finishing and protection for LED installations.<\/p>\n","protected":false},"featured_media":34346,"template":"","meta":{"_acf_changed":false,"inline_featured_image":false},"product_brand":[],"product_cat":[428,422],"product_tag":[],"class_list":{"0":"post-34780","1":"product","2":"type-product","3":"status-publish","4":"has-post-thumbnail","6":"product_cat-end-caps","7":"product_cat-led-accessories","8":"pa_kolor-black","9":"pa_kolor-graphite","10":"pa_kolor-gray","11":"pa_kolor-white","12":"pa_material-pp-en","14":"first","15":"instock","16":"product-type-simple"},"acf":[],"yoast_head":"<!-- This site is optimized with the Yoast SEO plugin v26.6 - https:\/\/yoast.com\/wordpress\/plugins\/seo\/ -->\n<title>End Caps P14-2 [C15] - Tech Light - Profile LED<\/title>\n<meta name=\"robots\" content=\"index, follow, max-snippet:-1, max-image-preview:large, max-video-preview:-1\" \/>\n<link rel=\"canonical\" href=\"https:\/\/tech-light.com.pl\/en\/product\/end-caps-p14-2-c15\/\" \/>\n<meta property=\"og:locale\" content=\"en_US\" \/>\n<meta property=\"og:type\" content=\"article\" \/>\n<meta property=\"og:title\" content=\"End Caps P14-2 [C15] - Tech Light - Profile LED\" \/>\n<meta property=\"og:description\" content=\"End caps for LED profiles P14-2 made from durable polypropylene. Available in multiple colors. Provide aesthetic finishing and protection for LED installations.\" \/>\n<meta property=\"og:url\" content=\"https:\/\/tech-light.com.pl\/en\/product\/end-caps-p14-2-c15\/\" \/>\n<meta property=\"og:site_name\" content=\"Tech Light - Profile LED\" \/>\n<meta property=\"article:publisher\" content=\"https:\/\/www.facebook.com\/people\/Tech-Light\/100066483851004\/\" \/>\n<meta property=\"article:modified_time\" content=\"2025-12-19T13:58:28+00:00\" \/>\n<meta property=\"og:image\" content=\"https:\/\/tech-light.com.pl\/wp-content\/uploads\/2024\/11\/zaslepki-p14-2-c15-szary.jpg\" \/>\n\t<meta property=\"og:image:width\" content=\"1920\" \/>\n\t<meta property=\"og:image:height\" content=\"1920\" \/>\n\t<meta property=\"og:image:type\" content=\"image\/jpeg\" \/>\n<meta name=\"twitter:card\" content=\"summary_large_image\" \/>\n<meta name=\"twitter:label1\" content=\"Est. reading time\" \/>\n\t<meta name=\"twitter:data1\" content=\"1 minute\" \/>\n<script type=\"application\/ld+json\" class=\"yoast-schema-graph\">{\"@context\":\"https:\/\/schema.org\",\"@graph\":[{\"@type\":\"WebPage\",\"@id\":\"https:\/\/tech-light.com.pl\/en\/product\/end-caps-p14-2-c15\/\",\"url\":\"https:\/\/tech-light.com.pl\/en\/product\/end-caps-p14-2-c15\/\",\"name\":\"End Caps P14-2 [C15] - Tech Light - Profile LED\",\"isPartOf\":{\"@id\":\"https:\/\/tech-light.com.pl\/en\/#website\"},\"primaryImageOfPage\":{\"@id\":\"https:\/\/tech-light.com.pl\/en\/product\/end-caps-p14-2-c15\/#primaryimage\"},\"image\":{\"@id\":\"https:\/\/tech-light.com.pl\/en\/product\/end-caps-p14-2-c15\/#primaryimage\"},\"thumbnailUrl\":\"https:\/\/tech-light.com.pl\/wp-content\/uploads\/2024\/11\/zaslepki-p14-2-c15-szary.jpg\",\"datePublished\":\"2023-06-13T22:00:00+00:00\",\"dateModified\":\"2025-12-19T13:58:28+00:00\",\"breadcrumb\":{\"@id\":\"https:\/\/tech-light.com.pl\/en\/product\/end-caps-p14-2-c15\/#breadcrumb\"},\"inLanguage\":\"en-US\",\"potentialAction\":[{\"@type\":\"ReadAction\",\"target\":[\"https:\/\/tech-light.com.pl\/en\/product\/end-caps-p14-2-c15\/\"]}]},{\"@type\":\"ImageObject\",\"inLanguage\":\"en-US\",\"@id\":\"https:\/\/tech-light.com.pl\/en\/product\/end-caps-p14-2-c15\/#primaryimage\",\"url\":\"https:\/\/tech-light.com.pl\/wp-content\/uploads\/2024\/11\/zaslepki-p14-2-c15-szary.jpg\",\"contentUrl\":\"https:\/\/tech-light.com.pl\/wp-content\/uploads\/2024\/11\/zaslepki-p14-2-c15-szary.jpg\",\"width\":1920,\"height\":1920},{\"@type\":\"BreadcrumbList\",\"@id\":\"https:\/\/tech-light.com.pl\/en\/product\/end-caps-p14-2-c15\/#breadcrumb\",\"itemListElement\":[{\"@type\":\"ListItem\",\"position\":1,\"name\":\"Strona g\u0142\u00f3wna\",\"item\":\"https:\/\/tech-light.com.pl\/\"},{\"@type\":\"ListItem\",\"position\":2,\"name\":\"Produkty\",\"item\":\"https:\/\/tech-light.com.pl\/produkty\/\"},{\"@type\":\"ListItem\",\"position\":3,\"name\":\"End Caps P14-2 [C15]\"}]},{\"@type\":\"WebSite\",\"@id\":\"https:\/\/tech-light.com.pl\/en\/#website\",\"url\":\"https:\/\/tech-light.com.pl\/en\/\",\"name\":\"Tech Light - Profile LED\",\"description\":\"Rozwi\u0105zania PREMIUM w zasi\u0119gu Twojej r\u0119ki\",\"publisher\":{\"@id\":\"https:\/\/tech-light.com.pl\/en\/#organization\"},\"alternateName\":\"Polski producent Profili LED\",\"potentialAction\":[{\"@type\":\"SearchAction\",\"target\":{\"@type\":\"EntryPoint\",\"urlTemplate\":\"https:\/\/tech-light.com.pl\/en\/?s={search_term_string}\"},\"query-input\":{\"@type\":\"PropertyValueSpecification\",\"valueRequired\":true,\"valueName\":\"search_term_string\"}}],\"inLanguage\":\"en-US\"},{\"@type\":\"Organization\",\"@id\":\"https:\/\/tech-light.com.pl\/en\/#organization\",\"name\":\"Tech-Light Sp. z o.o.\",\"alternateName\":\"Tech Light - Profile LED\",\"url\":\"https:\/\/tech-light.com.pl\/en\/\",\"logo\":{\"@type\":\"ImageObject\",\"inLanguage\":\"en-US\",\"@id\":\"https:\/\/tech-light.com.pl\/en\/#\/schema\/logo\/image\/\",\"url\":\"https:\/\/tech-light.com.pl\/wp-content\/uploads\/2024\/04\/tech-light-tl.jpg\",\"contentUrl\":\"https:\/\/tech-light.com.pl\/wp-content\/uploads\/2024\/04\/tech-light-tl.jpg\",\"width\":696,\"height\":696,\"caption\":\"Tech-Light Sp. z o.o.\"},\"image\":{\"@id\":\"https:\/\/tech-light.com.pl\/en\/#\/schema\/logo\/image\/\"},\"sameAs\":[\"https:\/\/www.facebook.com\/people\/Tech-Light\/100066483851004\/\"]}]}<\/script>\n<!-- \/ Yoast SEO plugin. -->","yoast_head_json":{"title":"End Caps P14-2 [C15] - Tech Light - Profile LED","robots":{"index":"index","follow":"follow","max-snippet":"max-snippet:-1","max-image-preview":"max-image-preview:large","max-video-preview":"max-video-preview:-1"},"canonical":"https:\/\/tech-light.com.pl\/en\/product\/end-caps-p14-2-c15\/","og_locale":"en_US","og_type":"article","og_title":"End Caps P14-2 [C15] - Tech Light - Profile LED","og_description":"End caps for LED profiles P14-2 made from durable polypropylene. Available in multiple colors. Provide aesthetic finishing and protection for LED installations.","og_url":"https:\/\/tech-light.com.pl\/en\/product\/end-caps-p14-2-c15\/","og_site_name":"Tech Light - Profile LED","article_publisher":"https:\/\/www.facebook.com\/people\/Tech-Light\/100066483851004\/","article_modified_time":"2025-12-19T13:58:28+00:00","og_image":[{"width":1920,"height":1920,"url":"https:\/\/tech-light.com.pl\/wp-content\/uploads\/2024\/11\/zaslepki-p14-2-c15-szary.jpg","type":"image\/jpeg"}],"twitter_card":"summary_large_image","twitter_misc":{"Est. reading time":"1 minute"},"schema":{"@context":"https:\/\/schema.org","@graph":[{"@type":"WebPage","@id":"https:\/\/tech-light.com.pl\/en\/product\/end-caps-p14-2-c15\/","url":"https:\/\/tech-light.com.pl\/en\/product\/end-caps-p14-2-c15\/","name":"End Caps P14-2 [C15] - Tech Light - Profile LED","isPartOf":{"@id":"https:\/\/tech-light.com.pl\/en\/#website"},"primaryImageOfPage":{"@id":"https:\/\/tech-light.com.pl\/en\/product\/end-caps-p14-2-c15\/#primaryimage"},"image":{"@id":"https:\/\/tech-light.com.pl\/en\/product\/end-caps-p14-2-c15\/#primaryimage"},"thumbnailUrl":"https:\/\/tech-light.com.pl\/wp-content\/uploads\/2024\/11\/zaslepki-p14-2-c15-szary.jpg","datePublished":"2023-06-13T22:00:00+00:00","dateModified":"2025-12-19T13:58:28+00:00","breadcrumb":{"@id":"https:\/\/tech-light.com.pl\/en\/product\/end-caps-p14-2-c15\/#breadcrumb"},"inLanguage":"en-US","potentialAction":[{"@type":"ReadAction","target":["https:\/\/tech-light.com.pl\/en\/product\/end-caps-p14-2-c15\/"]}]},{"@type":"ImageObject","inLanguage":"en-US","@id":"https:\/\/tech-light.com.pl\/en\/product\/end-caps-p14-2-c15\/#primaryimage","url":"https:\/\/tech-light.com.pl\/wp-content\/uploads\/2024\/11\/zaslepki-p14-2-c15-szary.jpg","contentUrl":"https:\/\/tech-light.com.pl\/wp-content\/uploads\/2024\/11\/zaslepki-p14-2-c15-szary.jpg","width":1920,"height":1920},{"@type":"BreadcrumbList","@id":"https:\/\/tech-light.com.pl\/en\/product\/end-caps-p14-2-c15\/#breadcrumb","itemListElement":[{"@type":"ListItem","position":1,"name":"Strona g\u0142\u00f3wna","item":"https:\/\/tech-light.com.pl\/"},{"@type":"ListItem","position":2,"name":"Produkty","item":"https:\/\/tech-light.com.pl\/produkty\/"},{"@type":"ListItem","position":3,"name":"End Caps P14-2 [C15]"}]},{"@type":"WebSite","@id":"https:\/\/tech-light.com.pl\/en\/#website","url":"https:\/\/tech-light.com.pl\/en\/","name":"Tech Light - Profile LED","description":"Rozwi\u0105zania PREMIUM w zasi\u0119gu Twojej r\u0119ki","publisher":{"@id":"https:\/\/tech-light.com.pl\/en\/#organization"},"alternateName":"Polski producent Profili LED","potentialAction":[{"@type":"SearchAction","target":{"@type":"EntryPoint","urlTemplate":"https:\/\/tech-light.com.pl\/en\/?s={search_term_string}"},"query-input":{"@type":"PropertyValueSpecification","valueRequired":true,"valueName":"search_term_string"}}],"inLanguage":"en-US"},{"@type":"Organization","@id":"https:\/\/tech-light.com.pl\/en\/#organization","name":"Tech-Light Sp. z o.o.","alternateName":"Tech Light - Profile LED","url":"https:\/\/tech-light.com.pl\/en\/","logo":{"@type":"ImageObject","inLanguage":"en-US","@id":"https:\/\/tech-light.com.pl\/en\/#\/schema\/logo\/image\/","url":"https:\/\/tech-light.com.pl\/wp-content\/uploads\/2024\/04\/tech-light-tl.jpg","contentUrl":"https:\/\/tech-light.com.pl\/wp-content\/uploads\/2024\/04\/tech-light-tl.jpg","width":696,"height":696,"caption":"Tech-Light Sp. z o.o."},"image":{"@id":"https:\/\/tech-light.com.pl\/en\/#\/schema\/logo\/image\/"},"sameAs":["https:\/\/www.facebook.com\/people\/Tech-Light\/100066483851004\/"]}]}},"_links":{"self":[{"href":"https:\/\/tech-light.com.pl\/en\/wp-json\/wp\/v2\/product\/34780","targetHints":{"allow":["GET"]}}],"collection":[{"href":"https:\/\/tech-light.com.pl\/en\/wp-json\/wp\/v2\/product"}],"about":[{"href":"https:\/\/tech-light.com.pl\/en\/wp-json\/wp\/v2\/types\/product"}],"wp:featuredmedia":[{"embeddable":true,"href":"https:\/\/tech-light.com.pl\/en\/wp-json\/wp\/v2\/media\/34346"}],"wp:attachment":[{"href":"https:\/\/tech-light.com.pl\/en\/wp-json\/wp\/v2\/media?parent=34780"}],"wp:term":[{"taxonomy":"product_brand","embeddable":true,"href":"https:\/\/tech-light.com.pl\/en\/wp-json\/wp\/v2\/product_brand?post=34780"},{"taxonomy":"product_cat","embeddable":true,"href":"https:\/\/tech-light.com.pl\/en\/wp-json\/wp\/v2\/product_cat?post=34780"},{"taxonomy":"product_tag","embeddable":true,"href":"https:\/\/tech-light.com.pl\/en\/wp-json\/wp\/v2\/product_tag?post=34780"}],"curies":[{"name":"wp","href":"https:\/\/api.w.org\/{rel}","templated":true}]}}