{"id":21430,"date":"2023-02-20T00:00:00","date_gmt":"2023-02-19T23:00:00","guid":{"rendered":"https:\/\/tech-light.com.pl\/product\/profile-led-gk18-7\/"},"modified":"2025-12-11T07:49:39","modified_gmt":"2025-12-11T06:49:39","slug":"profile-led-gk18-7","status":"publish","type":"product","link":"https:\/\/tech-light.com.pl\/en\/product\/profile-led-gk18-7\/","title":{"rendered":"Profile LED GK18-7"},"content":{"rendered":"<p>LED profile GK18-7 is a specialized solution for recessed installation in drywall panels. Made from high-quality aluminum, available in multiple color variants. Profile with dimensions of 45 mm width and 13.3 mm height, adapted for LED strips up to 13 mm width, offered in standard lengths and custom orders.<\/p>\n<p>Compatible with many types of covers, allowing for diverse lighting effects. Installation possible using furniture screws, plaster, or adhesive. Dedicated for SMD and COB LED strips.<\/p>\n<p>Applications:<br \/>\n&#8211; Main light source in rooms<br \/>\n&#8211; Ceiling integration in drywall systems<br \/>\n&#8211; Architectural lighting<br \/>\n&#8211; Installations using perforated profiles<\/p>\n<p><b>Tolerances<\/b><br \/>\nLength tolerance according to ISO 2768-9.<br \/>\nProducts (profiles and covers) made with positive tolerance.<\/p>\n","protected":false},"excerpt":{"rendered":"<p>Recessed aluminum LED profile for installation in drywall panels. Available in multiple colors and lengths. Compatible with a wide range of covers. Ideal for ceiling integration.<\/p>\n","protected":false},"featured_media":0,"template":"","meta":{"_acf_changed":false,"inline_featured_image":false},"product_brand":[],"product_cat":[430,465],"product_tag":[],"class_list":{"0":"post-21430","1":"product","2":"type-product","3":"status-publish","5":"product_cat-led-profiles","6":"product_cat-plaster-in-profiles-led-profiles","7":"pa_dlugosci-1000-mm-en","8":"pa_dlugosci-2000-mm-en","9":"pa_dlugosci-3000-mm-en","10":"pa_dlugosci-4000-6000-mm-on-demand","11":"pa_ilosc-led-1-en","12":"pa_ip-ip-20-en","13":"pa_kolor-anthracite-grey","14":"pa_kolor-painted-in-black","15":"pa_kolor-painted-in-white","16":"pa_kolor-silver-anodised","17":"pa_material-aluminium-en","18":"pa_oslonki-cover-c1","19":"pa_oslonki-cover-c11","20":"pa_oslonki-cover-c13","21":"pa_oslonki-cover-c14","22":"pa_oslonki-cover-c22","23":"pa_oslonki-cover-c4","24":"pa_szerokosc-led-13-mm-en","25":"pa_typ-profilu-recessed","27":"first","28":"instock","29":"product-type-simple"},"acf":[],"yoast_head":"<!-- This site is optimized with the Yoast SEO plugin v26.6 - https:\/\/yoast.com\/wordpress\/plugins\/seo\/ -->\n<title>Profile LED GK18-7 - Tech Light - Profile LED<\/title>\n<meta name=\"robots\" content=\"index, follow, max-snippet:-1, max-image-preview:large, max-video-preview:-1\" \/>\n<link rel=\"canonical\" href=\"https:\/\/tech-light.com.pl\/en\/product\/profile-led-gk18-7\/\" \/>\n<meta property=\"og:locale\" content=\"en_US\" \/>\n<meta property=\"og:type\" content=\"article\" \/>\n<meta property=\"og:title\" content=\"Profile LED GK18-7 - Tech Light - Profile LED\" \/>\n<meta property=\"og:description\" content=\"Recessed aluminum LED profile for installation in drywall panels. Available in multiple colors and lengths. Compatible with a wide range of covers. Ideal for ceiling integration.\" \/>\n<meta property=\"og:url\" content=\"https:\/\/tech-light.com.pl\/en\/product\/profile-led-gk18-7\/\" \/>\n<meta property=\"og:site_name\" content=\"Tech Light - Profile LED\" \/>\n<meta property=\"article:publisher\" content=\"https:\/\/www.facebook.com\/people\/Tech-Light\/100066483851004\/\" \/>\n<meta property=\"article:modified_time\" content=\"2025-12-11T06:49:39+00:00\" \/>\n<meta property=\"og:image\" content=\"https:\/\/tech-light.com.pl\/wp-content\/uploads\/2024\/04\/tech-light-profile-led.jpg\" \/>\n\t<meta property=\"og:image:width\" content=\"1200\" \/>\n\t<meta property=\"og:image:height\" content=\"675\" \/>\n\t<meta property=\"og:image:type\" content=\"image\/jpeg\" \/>\n<meta name=\"twitter:card\" content=\"summary_large_image\" \/>\n<meta name=\"twitter:label1\" content=\"Est. reading time\" \/>\n\t<meta name=\"twitter:data1\" content=\"1 minute\" \/>\n<script type=\"application\/ld+json\" class=\"yoast-schema-graph\">{\"@context\":\"https:\/\/schema.org\",\"@graph\":[{\"@type\":\"WebPage\",\"@id\":\"https:\/\/tech-light.com.pl\/en\/product\/profile-led-gk18-7\/\",\"url\":\"https:\/\/tech-light.com.pl\/en\/product\/profile-led-gk18-7\/\",\"name\":\"Profile LED GK18-7 - Tech Light - Profile LED\",\"isPartOf\":{\"@id\":\"https:\/\/tech-light.com.pl\/en\/#website\"},\"datePublished\":\"2023-02-19T23:00:00+00:00\",\"dateModified\":\"2025-12-11T06:49:39+00:00\",\"breadcrumb\":{\"@id\":\"https:\/\/tech-light.com.pl\/en\/product\/profile-led-gk18-7\/#breadcrumb\"},\"inLanguage\":\"en-US\",\"potentialAction\":[{\"@type\":\"ReadAction\",\"target\":[\"https:\/\/tech-light.com.pl\/en\/product\/profile-led-gk18-7\/\"]}]},{\"@type\":\"BreadcrumbList\",\"@id\":\"https:\/\/tech-light.com.pl\/en\/product\/profile-led-gk18-7\/#breadcrumb\",\"itemListElement\":[{\"@type\":\"ListItem\",\"position\":1,\"name\":\"Strona g\u0142\u00f3wna\",\"item\":\"https:\/\/tech-light.com.pl\/\"},{\"@type\":\"ListItem\",\"position\":2,\"name\":\"Produkty\",\"item\":\"https:\/\/tech-light.com.pl\/produkty\/\"},{\"@type\":\"ListItem\",\"position\":3,\"name\":\"Profile LED GK18-7\"}]},{\"@type\":\"WebSite\",\"@id\":\"https:\/\/tech-light.com.pl\/en\/#website\",\"url\":\"https:\/\/tech-light.com.pl\/en\/\",\"name\":\"Tech Light - Profile LED\",\"description\":\"Rozwi\u0105zania PREMIUM w zasi\u0119gu Twojej r\u0119ki\",\"publisher\":{\"@id\":\"https:\/\/tech-light.com.pl\/en\/#organization\"},\"alternateName\":\"Polski producent Profili LED\",\"potentialAction\":[{\"@type\":\"SearchAction\",\"target\":{\"@type\":\"EntryPoint\",\"urlTemplate\":\"https:\/\/tech-light.com.pl\/en\/?s={search_term_string}\"},\"query-input\":{\"@type\":\"PropertyValueSpecification\",\"valueRequired\":true,\"valueName\":\"search_term_string\"}}],\"inLanguage\":\"en-US\"},{\"@type\":\"Organization\",\"@id\":\"https:\/\/tech-light.com.pl\/en\/#organization\",\"name\":\"Tech-Light Sp. z o.o.\",\"alternateName\":\"Tech Light - Profile LED\",\"url\":\"https:\/\/tech-light.com.pl\/en\/\",\"logo\":{\"@type\":\"ImageObject\",\"inLanguage\":\"en-US\",\"@id\":\"https:\/\/tech-light.com.pl\/en\/#\/schema\/logo\/image\/\",\"url\":\"https:\/\/tech-light.com.pl\/wp-content\/uploads\/2024\/04\/tech-light-tl.jpg\",\"contentUrl\":\"https:\/\/tech-light.com.pl\/wp-content\/uploads\/2024\/04\/tech-light-tl.jpg\",\"width\":696,\"height\":696,\"caption\":\"Tech-Light Sp. z o.o.\"},\"image\":{\"@id\":\"https:\/\/tech-light.com.pl\/en\/#\/schema\/logo\/image\/\"},\"sameAs\":[\"https:\/\/www.facebook.com\/people\/Tech-Light\/100066483851004\/\"]}]}<\/script>\n<!-- \/ Yoast SEO plugin. -->","yoast_head_json":{"title":"Profile LED GK18-7 - Tech Light - Profile LED","robots":{"index":"index","follow":"follow","max-snippet":"max-snippet:-1","max-image-preview":"max-image-preview:large","max-video-preview":"max-video-preview:-1"},"canonical":"https:\/\/tech-light.com.pl\/en\/product\/profile-led-gk18-7\/","og_locale":"en_US","og_type":"article","og_title":"Profile LED GK18-7 - Tech Light - Profile LED","og_description":"Recessed aluminum LED profile for installation in drywall panels. Available in multiple colors and lengths. Compatible with a wide range of covers. Ideal for ceiling integration.","og_url":"https:\/\/tech-light.com.pl\/en\/product\/profile-led-gk18-7\/","og_site_name":"Tech Light - Profile LED","article_publisher":"https:\/\/www.facebook.com\/people\/Tech-Light\/100066483851004\/","article_modified_time":"2025-12-11T06:49:39+00:00","og_image":[{"width":1200,"height":675,"url":"https:\/\/tech-light.com.pl\/wp-content\/uploads\/2024\/04\/tech-light-profile-led.jpg","type":"image\/jpeg"}],"twitter_card":"summary_large_image","twitter_misc":{"Est. reading time":"1 minute"},"schema":{"@context":"https:\/\/schema.org","@graph":[{"@type":"WebPage","@id":"https:\/\/tech-light.com.pl\/en\/product\/profile-led-gk18-7\/","url":"https:\/\/tech-light.com.pl\/en\/product\/profile-led-gk18-7\/","name":"Profile LED GK18-7 - Tech Light - Profile LED","isPartOf":{"@id":"https:\/\/tech-light.com.pl\/en\/#website"},"datePublished":"2023-02-19T23:00:00+00:00","dateModified":"2025-12-11T06:49:39+00:00","breadcrumb":{"@id":"https:\/\/tech-light.com.pl\/en\/product\/profile-led-gk18-7\/#breadcrumb"},"inLanguage":"en-US","potentialAction":[{"@type":"ReadAction","target":["https:\/\/tech-light.com.pl\/en\/product\/profile-led-gk18-7\/"]}]},{"@type":"BreadcrumbList","@id":"https:\/\/tech-light.com.pl\/en\/product\/profile-led-gk18-7\/#breadcrumb","itemListElement":[{"@type":"ListItem","position":1,"name":"Strona g\u0142\u00f3wna","item":"https:\/\/tech-light.com.pl\/"},{"@type":"ListItem","position":2,"name":"Produkty","item":"https:\/\/tech-light.com.pl\/produkty\/"},{"@type":"ListItem","position":3,"name":"Profile LED GK18-7"}]},{"@type":"WebSite","@id":"https:\/\/tech-light.com.pl\/en\/#website","url":"https:\/\/tech-light.com.pl\/en\/","name":"Tech Light - Profile LED","description":"Rozwi\u0105zania PREMIUM w zasi\u0119gu Twojej r\u0119ki","publisher":{"@id":"https:\/\/tech-light.com.pl\/en\/#organization"},"alternateName":"Polski producent Profili LED","potentialAction":[{"@type":"SearchAction","target":{"@type":"EntryPoint","urlTemplate":"https:\/\/tech-light.com.pl\/en\/?s={search_term_string}"},"query-input":{"@type":"PropertyValueSpecification","valueRequired":true,"valueName":"search_term_string"}}],"inLanguage":"en-US"},{"@type":"Organization","@id":"https:\/\/tech-light.com.pl\/en\/#organization","name":"Tech-Light Sp. z o.o.","alternateName":"Tech Light - Profile LED","url":"https:\/\/tech-light.com.pl\/en\/","logo":{"@type":"ImageObject","inLanguage":"en-US","@id":"https:\/\/tech-light.com.pl\/en\/#\/schema\/logo\/image\/","url":"https:\/\/tech-light.com.pl\/wp-content\/uploads\/2024\/04\/tech-light-tl.jpg","contentUrl":"https:\/\/tech-light.com.pl\/wp-content\/uploads\/2024\/04\/tech-light-tl.jpg","width":696,"height":696,"caption":"Tech-Light Sp. z o.o."},"image":{"@id":"https:\/\/tech-light.com.pl\/en\/#\/schema\/logo\/image\/"},"sameAs":["https:\/\/www.facebook.com\/people\/Tech-Light\/100066483851004\/"]}]}},"_links":{"self":[{"href":"https:\/\/tech-light.com.pl\/en\/wp-json\/wp\/v2\/product\/21430","targetHints":{"allow":["GET"]}}],"collection":[{"href":"https:\/\/tech-light.com.pl\/en\/wp-json\/wp\/v2\/product"}],"about":[{"href":"https:\/\/tech-light.com.pl\/en\/wp-json\/wp\/v2\/types\/product"}],"wp:attachment":[{"href":"https:\/\/tech-light.com.pl\/en\/wp-json\/wp\/v2\/media?parent=21430"}],"wp:term":[{"taxonomy":"product_brand","embeddable":true,"href":"https:\/\/tech-light.com.pl\/en\/wp-json\/wp\/v2\/product_brand?post=21430"},{"taxonomy":"product_cat","embeddable":true,"href":"https:\/\/tech-light.com.pl\/en\/wp-json\/wp\/v2\/product_cat?post=21430"},{"taxonomy":"product_tag","embeddable":true,"href":"https:\/\/tech-light.com.pl\/en\/wp-json\/wp\/v2\/product_tag?post=21430"}],"curies":[{"name":"wp","href":"https:\/\/api.w.org\/{rel}","templated":true}]}}