{"id":12120,"date":"2023-04-01T00:00:00","date_gmt":"2023-03-31T22:00:00","guid":{"rendered":"https:\/\/tech-light.com.pl\/product\/cover-c6\/"},"modified":"2025-12-30T10:57:07","modified_gmt":"2025-12-30T09:57:07","slug":"cover-c6","status":"publish","type":"product","link":"https:\/\/tech-light.com.pl\/en\/product\/cover-c6\/","title":{"rendered":"Cover C6"},"content":{"rendered":"<p>The C6 cover is a high-quality component of LED lighting systems, made from durable polycarbonate (PC). It provides effective protection for LED strips and an elegant appearance for installations. Available in multiple color variants, it allows for precise adjustment of the lighting effect to individual needs. The 46\u00d75.3 mm dimensions make it ideal for wider profiles while maintaining a low profile for the entire installation. Offered in standard lengths and 10 m rolls, it enables projects of any scale.<\/p>\n<p>The cover is compatible with dedicated aluminum profiles, creating a complete lighting solution. The characteristic click-in system ensures quick and secure installation without the need for additional tools.<\/p>\n<p><b>Tolerances<\/b><br \/>\nLength tolerance according to ISO 2768-9.<br \/>\nProducts (profiles and covers) made with positive tolerance.<\/p>\n","protected":false},"excerpt":{"rendered":"<p>C6 polycarbonate cover for LED profiles with dimensions 46\u00d75.3 mm. Available in multiple color variants and lengths. Characteristic click-in system ensures easy installation.<\/p>\n","protected":false},"featured_media":27326,"template":"","meta":{"_acf_changed":false,"inline_featured_image":false},"product_brand":[],"product_cat":[424,422],"product_tag":[],"class_list":{"0":"post-12120","1":"product","2":"type-product","3":"status-publish","4":"has-post-thumbnail","6":"product_cat-covers","7":"product_cat-led-accessories","8":"pa_dlugosci-10-m-en","9":"pa_dlugosci-1000-mm-en","10":"pa_dlugosci-2000-mm-en","11":"pa_dlugosci-3000-mm-en","12":"pa_kolor-black-opal","13":"pa_kolor-matt-opal","14":"pa_kolor-montage","15":"pa_kolor-transparent","16":"pa_kolor-white-opal","17":"pa_material-pc-en","19":"first","20":"instock","21":"product-type-simple"},"acf":[],"yoast_head":"<!-- This site is optimized with the Yoast SEO plugin v26.6 - https:\/\/yoast.com\/wordpress\/plugins\/seo\/ -->\n<title>Cover C6 - Tech Light - Profile LED<\/title>\n<meta name=\"robots\" content=\"index, follow, max-snippet:-1, max-image-preview:large, max-video-preview:-1\" \/>\n<link rel=\"canonical\" href=\"https:\/\/tech-light.com.pl\/en\/product\/cover-c6\/\" \/>\n<meta property=\"og:locale\" content=\"en_US\" \/>\n<meta property=\"og:type\" content=\"article\" \/>\n<meta property=\"og:title\" content=\"Cover C6 - Tech Light - Profile LED\" \/>\n<meta property=\"og:description\" content=\"C6 polycarbonate cover for LED profiles with dimensions 46\u00d75.3 mm. Available in multiple color variants and lengths. Characteristic click-in system ensures easy installation.\" \/>\n<meta property=\"og:url\" content=\"https:\/\/tech-light.com.pl\/en\/product\/cover-c6\/\" \/>\n<meta property=\"og:site_name\" content=\"Tech Light - Profile LED\" \/>\n<meta property=\"article:publisher\" content=\"https:\/\/www.facebook.com\/people\/Tech-Light\/100066483851004\/\" \/>\n<meta property=\"article:modified_time\" content=\"2025-12-30T09:57:07+00:00\" \/>\n<meta property=\"og:image\" content=\"https:\/\/tech-light.com.pl\/wp-content\/uploads\/2024\/11\/oslonka-c6-mleczna.jpg\" \/>\n\t<meta property=\"og:image:width\" content=\"1920\" \/>\n\t<meta property=\"og:image:height\" content=\"1920\" \/>\n\t<meta property=\"og:image:type\" content=\"image\/jpeg\" \/>\n<meta name=\"twitter:card\" content=\"summary_large_image\" \/>\n<meta name=\"twitter:label1\" content=\"Est. reading time\" \/>\n\t<meta name=\"twitter:data1\" content=\"1 minute\" \/>\n<script type=\"application\/ld+json\" class=\"yoast-schema-graph\">{\"@context\":\"https:\/\/schema.org\",\"@graph\":[{\"@type\":\"WebPage\",\"@id\":\"https:\/\/tech-light.com.pl\/en\/product\/cover-c6\/\",\"url\":\"https:\/\/tech-light.com.pl\/en\/product\/cover-c6\/\",\"name\":\"Cover C6 - Tech Light - Profile LED\",\"isPartOf\":{\"@id\":\"https:\/\/tech-light.com.pl\/en\/#website\"},\"primaryImageOfPage\":{\"@id\":\"https:\/\/tech-light.com.pl\/en\/product\/cover-c6\/#primaryimage\"},\"image\":{\"@id\":\"https:\/\/tech-light.com.pl\/en\/product\/cover-c6\/#primaryimage\"},\"thumbnailUrl\":\"https:\/\/tech-light.com.pl\/wp-content\/uploads\/2024\/11\/oslonka-c6-mleczna.jpg\",\"datePublished\":\"2023-03-31T22:00:00+00:00\",\"dateModified\":\"2025-12-30T09:57:07+00:00\",\"breadcrumb\":{\"@id\":\"https:\/\/tech-light.com.pl\/en\/product\/cover-c6\/#breadcrumb\"},\"inLanguage\":\"en-US\",\"potentialAction\":[{\"@type\":\"ReadAction\",\"target\":[\"https:\/\/tech-light.com.pl\/en\/product\/cover-c6\/\"]}]},{\"@type\":\"ImageObject\",\"inLanguage\":\"en-US\",\"@id\":\"https:\/\/tech-light.com.pl\/en\/product\/cover-c6\/#primaryimage\",\"url\":\"https:\/\/tech-light.com.pl\/wp-content\/uploads\/2024\/11\/oslonka-c6-mleczna.jpg\",\"contentUrl\":\"https:\/\/tech-light.com.pl\/wp-content\/uploads\/2024\/11\/oslonka-c6-mleczna.jpg\",\"width\":1920,\"height\":1920},{\"@type\":\"BreadcrumbList\",\"@id\":\"https:\/\/tech-light.com.pl\/en\/product\/cover-c6\/#breadcrumb\",\"itemListElement\":[{\"@type\":\"ListItem\",\"position\":1,\"name\":\"Strona g\u0142\u00f3wna\",\"item\":\"https:\/\/tech-light.com.pl\/\"},{\"@type\":\"ListItem\",\"position\":2,\"name\":\"Produkty\",\"item\":\"https:\/\/tech-light.com.pl\/produkty\/\"},{\"@type\":\"ListItem\",\"position\":3,\"name\":\"Cover C6\"}]},{\"@type\":\"WebSite\",\"@id\":\"https:\/\/tech-light.com.pl\/en\/#website\",\"url\":\"https:\/\/tech-light.com.pl\/en\/\",\"name\":\"Tech Light - Profile LED\",\"description\":\"Rozwi\u0105zania PREMIUM w zasi\u0119gu Twojej r\u0119ki\",\"publisher\":{\"@id\":\"https:\/\/tech-light.com.pl\/en\/#organization\"},\"alternateName\":\"Polski producent Profili LED\",\"potentialAction\":[{\"@type\":\"SearchAction\",\"target\":{\"@type\":\"EntryPoint\",\"urlTemplate\":\"https:\/\/tech-light.com.pl\/en\/?s={search_term_string}\"},\"query-input\":{\"@type\":\"PropertyValueSpecification\",\"valueRequired\":true,\"valueName\":\"search_term_string\"}}],\"inLanguage\":\"en-US\"},{\"@type\":\"Organization\",\"@id\":\"https:\/\/tech-light.com.pl\/en\/#organization\",\"name\":\"Tech-Light Sp. z o.o.\",\"alternateName\":\"Tech Light - Profile LED\",\"url\":\"https:\/\/tech-light.com.pl\/en\/\",\"logo\":{\"@type\":\"ImageObject\",\"inLanguage\":\"en-US\",\"@id\":\"https:\/\/tech-light.com.pl\/en\/#\/schema\/logo\/image\/\",\"url\":\"https:\/\/tech-light.com.pl\/wp-content\/uploads\/2024\/04\/tech-light-tl.jpg\",\"contentUrl\":\"https:\/\/tech-light.com.pl\/wp-content\/uploads\/2024\/04\/tech-light-tl.jpg\",\"width\":696,\"height\":696,\"caption\":\"Tech-Light Sp. z o.o.\"},\"image\":{\"@id\":\"https:\/\/tech-light.com.pl\/en\/#\/schema\/logo\/image\/\"},\"sameAs\":[\"https:\/\/www.facebook.com\/people\/Tech-Light\/100066483851004\/\"]}]}<\/script>\n<!-- \/ Yoast SEO plugin. -->","yoast_head_json":{"title":"Cover C6 - Tech Light - Profile LED","robots":{"index":"index","follow":"follow","max-snippet":"max-snippet:-1","max-image-preview":"max-image-preview:large","max-video-preview":"max-video-preview:-1"},"canonical":"https:\/\/tech-light.com.pl\/en\/product\/cover-c6\/","og_locale":"en_US","og_type":"article","og_title":"Cover C6 - Tech Light - Profile LED","og_description":"C6 polycarbonate cover for LED profiles with dimensions 46\u00d75.3 mm. Available in multiple color variants and lengths. Characteristic click-in system ensures easy installation.","og_url":"https:\/\/tech-light.com.pl\/en\/product\/cover-c6\/","og_site_name":"Tech Light - Profile LED","article_publisher":"https:\/\/www.facebook.com\/people\/Tech-Light\/100066483851004\/","article_modified_time":"2025-12-30T09:57:07+00:00","og_image":[{"width":1920,"height":1920,"url":"https:\/\/tech-light.com.pl\/wp-content\/uploads\/2024\/11\/oslonka-c6-mleczna.jpg","type":"image\/jpeg"}],"twitter_card":"summary_large_image","twitter_misc":{"Est. reading time":"1 minute"},"schema":{"@context":"https:\/\/schema.org","@graph":[{"@type":"WebPage","@id":"https:\/\/tech-light.com.pl\/en\/product\/cover-c6\/","url":"https:\/\/tech-light.com.pl\/en\/product\/cover-c6\/","name":"Cover C6 - Tech Light - Profile LED","isPartOf":{"@id":"https:\/\/tech-light.com.pl\/en\/#website"},"primaryImageOfPage":{"@id":"https:\/\/tech-light.com.pl\/en\/product\/cover-c6\/#primaryimage"},"image":{"@id":"https:\/\/tech-light.com.pl\/en\/product\/cover-c6\/#primaryimage"},"thumbnailUrl":"https:\/\/tech-light.com.pl\/wp-content\/uploads\/2024\/11\/oslonka-c6-mleczna.jpg","datePublished":"2023-03-31T22:00:00+00:00","dateModified":"2025-12-30T09:57:07+00:00","breadcrumb":{"@id":"https:\/\/tech-light.com.pl\/en\/product\/cover-c6\/#breadcrumb"},"inLanguage":"en-US","potentialAction":[{"@type":"ReadAction","target":["https:\/\/tech-light.com.pl\/en\/product\/cover-c6\/"]}]},{"@type":"ImageObject","inLanguage":"en-US","@id":"https:\/\/tech-light.com.pl\/en\/product\/cover-c6\/#primaryimage","url":"https:\/\/tech-light.com.pl\/wp-content\/uploads\/2024\/11\/oslonka-c6-mleczna.jpg","contentUrl":"https:\/\/tech-light.com.pl\/wp-content\/uploads\/2024\/11\/oslonka-c6-mleczna.jpg","width":1920,"height":1920},{"@type":"BreadcrumbList","@id":"https:\/\/tech-light.com.pl\/en\/product\/cover-c6\/#breadcrumb","itemListElement":[{"@type":"ListItem","position":1,"name":"Strona g\u0142\u00f3wna","item":"https:\/\/tech-light.com.pl\/"},{"@type":"ListItem","position":2,"name":"Produkty","item":"https:\/\/tech-light.com.pl\/produkty\/"},{"@type":"ListItem","position":3,"name":"Cover C6"}]},{"@type":"WebSite","@id":"https:\/\/tech-light.com.pl\/en\/#website","url":"https:\/\/tech-light.com.pl\/en\/","name":"Tech Light - Profile LED","description":"Rozwi\u0105zania PREMIUM w zasi\u0119gu Twojej r\u0119ki","publisher":{"@id":"https:\/\/tech-light.com.pl\/en\/#organization"},"alternateName":"Polski producent Profili LED","potentialAction":[{"@type":"SearchAction","target":{"@type":"EntryPoint","urlTemplate":"https:\/\/tech-light.com.pl\/en\/?s={search_term_string}"},"query-input":{"@type":"PropertyValueSpecification","valueRequired":true,"valueName":"search_term_string"}}],"inLanguage":"en-US"},{"@type":"Organization","@id":"https:\/\/tech-light.com.pl\/en\/#organization","name":"Tech-Light Sp. z o.o.","alternateName":"Tech Light - Profile LED","url":"https:\/\/tech-light.com.pl\/en\/","logo":{"@type":"ImageObject","inLanguage":"en-US","@id":"https:\/\/tech-light.com.pl\/en\/#\/schema\/logo\/image\/","url":"https:\/\/tech-light.com.pl\/wp-content\/uploads\/2024\/04\/tech-light-tl.jpg","contentUrl":"https:\/\/tech-light.com.pl\/wp-content\/uploads\/2024\/04\/tech-light-tl.jpg","width":696,"height":696,"caption":"Tech-Light Sp. z o.o."},"image":{"@id":"https:\/\/tech-light.com.pl\/en\/#\/schema\/logo\/image\/"},"sameAs":["https:\/\/www.facebook.com\/people\/Tech-Light\/100066483851004\/"]}]}},"_links":{"self":[{"href":"https:\/\/tech-light.com.pl\/en\/wp-json\/wp\/v2\/product\/12120","targetHints":{"allow":["GET"]}}],"collection":[{"href":"https:\/\/tech-light.com.pl\/en\/wp-json\/wp\/v2\/product"}],"about":[{"href":"https:\/\/tech-light.com.pl\/en\/wp-json\/wp\/v2\/types\/product"}],"wp:featuredmedia":[{"embeddable":true,"href":"https:\/\/tech-light.com.pl\/en\/wp-json\/wp\/v2\/media\/27326"}],"wp:attachment":[{"href":"https:\/\/tech-light.com.pl\/en\/wp-json\/wp\/v2\/media?parent=12120"}],"wp:term":[{"taxonomy":"product_brand","embeddable":true,"href":"https:\/\/tech-light.com.pl\/en\/wp-json\/wp\/v2\/product_brand?post=12120"},{"taxonomy":"product_cat","embeddable":true,"href":"https:\/\/tech-light.com.pl\/en\/wp-json\/wp\/v2\/product_cat?post=12120"},{"taxonomy":"product_tag","embeddable":true,"href":"https:\/\/tech-light.com.pl\/en\/wp-json\/wp\/v2\/product_tag?post=12120"}],"curies":[{"name":"wp","href":"https:\/\/api.w.org\/{rel}","templated":true}]}}