{"id":8890,"date":"2023-03-13T10:15:42","date_gmt":"2023-03-13T09:15:42","guid":{"rendered":"https:\/\/tech-light.com.pl\/home\/"},"modified":"2026-02-19T14:15:28","modified_gmt":"2026-02-19T13:15:28","slug":"home","status":"publish","type":"page","link":"https:\/\/tech-light.com.pl\/en\/","title":{"rendered":"Home"},"content":{"rendered":"<div class=\"wpb-content-wrapper\"><p>[vc_row full_width=&#8221;stretch_row&#8221; bg_overlay_mode=&#8221;image&#8221; bg_overlay_opacity=&#8221;100&#8243; custom_parallax_type=&#8221;vertical_parallax&#8221; custom_parallax_bg_repeat=&#8221;no-repeat&#8221; custom_parallax_speed=&#8221;60&#8243; css=&#8221;.vc_custom_1679561988172{margin-bottom: 0px !important;padding-top: 40px !important;padding-bottom: 0px !important;background-position: center !important;background-repeat: no-repeat !important;background-size: cover !important;}&#8221; bg_overlay_image=&#8221;226&#8243; el_class=&#8221;home_row-1&#8243;][vc_column][vc_empty_space height=&#8221;150px&#8221; el_class=&#8221;mobile-none&#8221;][g5element_heading title=&#8221;PREMIUM solutions<br \/>\nat your fingertips&#8221; subtitle=&#8221;TECH LIGHT&#8221; tag_html=&#8221;1&#8243; title_typography=&#8221;%7B%22font_family%22%3A%22Syne%22%2C%22font_weight%22%3A%22700%22%2C%22font_style%22%3A%22normal%22%2C%22font_size_lg%22%3A%22%22%2C%22font_size_md%22%3A%2280%22%2C%22font_size_sm%22%3A%22%22%2C%22font_size_xs%22%3A%2240%22%2C%22align%22%3A%22%22%2C%22text_transform%22%3A%22%22%2C%22line_height%22%3A%22%22%2C%22letter_spacing%22%3A%22%22%2C%22color%22%3A%22light%22%2C%22hover_color%22%3A%22light%22%7D&#8221; subtitle_typography=&#8221;%7B%22font_family%22%3A%22Syne%22%2C%22font_weight%22%3A%22400%22%2C%22font_style%22%3A%22normal%22%2C%22font_size_lg%22%3A%2216%22%2C%22font_size_md%22%3A%22%22%2C%22font_size_sm%22%3A%22%22%2C%22font_size_xs%22%3A%22%22%2C%22align%22%3A%22%22%2C%22text_transform%22%3A%22%22%2C%22line_height%22%3A%22%22%2C%22letter_spacing%22%3A%22%22%2C%22color%22%3A%22light%22%2C%22hover_color%22%3A%22light%22%7D&#8221; css_animation=&#8221;fadeInLeft&#8221; css=&#8221;.vc_custom_1686318451229{margin-bottom: 25px !important;}&#8221;][vc_row_inner el_class=&#8221;flex_button_and_text&#8221;][vc_column_inner][g5element_button title=&#8221;See our 3D inspirations&#8221; link=&#8221;url:https%3A%2F%2Ftech-light.com.pl%2Fen%2Finspiracje%2F&#8221; el_class=&#8221;button_1&#8243;][vc_column_text css=&#8221;.vc_custom_1686319859916{background-position: 0 0 !important;background-repeat: no-repeat !important;}&#8221; el_class=&#8221;link_number_phone_icon&#8221;]<\/p>\n<p style=\"text-align: right;\">Questions? <strong>Write to us<\/strong><\/p>\n<p style=\"text-align: right;\"><a href=\"mailto:info@tech-light.com.pl\" target=\"_blank\" rel=\"noopener\">info@tech-light.com.pl<\/a><\/p>\n<p>[\/vc_column_text][\/vc_column_inner][\/vc_row_inner][vc_empty_space height=&#8221;154px&#8221; el_class=&#8221;mobile-none&#8221;][vc_row_inner content_placement=&#8221;bottom&#8221;][vc_column_inner el_class=&#8221;two_button_col&#8221; width=&#8221;1\/2&#8243; offset=&#8221;vc_col-lg-8 vc_col-md-6&#8243;][vc_btn title=&#8221;<strong>LED Profiles<\/strong>See all&#8221; link=&#8221;url:%2Fen%2Fproduct-category%2Fled-profiles%2F&#8221; el_class=&#8221;button_2&#8243;][vc_btn title=&#8221;<strong>LED Accessories<\/strong>Everything useful&#8221; link=&#8221;url:%2Fen%2Fproduct-category%2Fled-accessories%2F&#8221; el_class=&#8221;button_3&#8243;][\/vc_column_inner][vc_column_inner width=&#8221;1\/2&#8243; offset=&#8221;vc_col-lg-4 vc_col-md-6&#8243;][g5element_button title=&#8221;View the TECH Light catalogue&#8221; align=&#8221;right&#8221; el_class=&#8221;button_4&#8243; link=&#8221;url:https%3A%2F%2Ftech-light.com.pl%2Fkatalog%2Ftech-light-2025-en.pdf|target:_blank&#8221;][\/vc_column_inner][\/vc_row_inner][\/vc_column][\/vc_row][vc_row content_placement=&#8221;bottom&#8221; el_class=&#8221;home_row-2&#8243; css=&#8221;.vc_custom_1679304114099{margin-top: 35px !important;}&#8221;][vc_column][vc_empty_space height=&#8221;10px&#8221; el_class=&#8221;mobile-none&#8221;][\/vc_column][vc_column offset=&#8221;vc_col-md-8&#8243;][g5element_heading title=&#8221;TECH Light creates exceptional LED Profiles since 2015&#8243; subtitle=&#8221;TECH LIGHT &#8211; LED PROFILES&#8221; subtitle_typography=&#8221;%7B%22font_family%22%3A%22%22%2C%22font_weight%22%3A%22%22%2C%22font_style%22%3A%22%22%2C%22font_size_lg%22%3A%2214%22%2C%22font_size_md%22%3A%22%22%2C%22font_size_sm%22%3A%22%22%2C%22font_size_xs%22%3A%22%22%2C%22align%22%3A%22%22%2C%22text_transform%22%3A%22%22%2C%22line_height%22%3A%22%22%2C%22letter_spacing%22%3A%22%22%2C%22color%22%3A%22secondary%22%2C%22hover_color%22%3A%22%22%7D&#8221; css=&#8221;.vc_custom_1771497172007{margin-bottom: 34px !important;}&#8221;][vc_column_text css=&#8221;&#8221;]TECH Light makes unique aluminium extrusions, LED tapes and exceptional diffusers made of polycarbonate with UV protection. Thanks to our own painting installation we are able to create individual bespoke coloured coated profiles. In TECH Light we always eager to meet needs and requirements and systematically keep on extending our offer.[\/vc_column_text][\/vc_column][vc_column offset=&#8221;vc_col-md-4&#8243;][vc_single_image image=&#8221;66&#8243; img_size=&#8221;full&#8221; alignment=&#8221;right&#8221; css_animation=&#8221;fadeInRight&#8221;][\/vc_column][\/vc_row][vc_row full_width=&#8221;stretch_row&#8221; css=&#8221;.vc_custom_1679057039786{background-color: #f8f8f8 !important;}&#8221; el_class=&#8221;home_row-3&#8243;][vc_column el_class=&#8221;title&#8221;][g5element_heading title=&#8221;The most popular LED profiles&#8221; subtitle=&#8221;Popular&#8221; subtitle_typography=&#8221;%7B%22font_family%22%3A%22%22%2C%22font_weight%22%3A%22%22%2C%22font_style%22%3A%22%22%2C%22font_size_lg%22%3A%22%22%2C%22font_size_md%22%3A%22%22%2C%22font_size_sm%22%3A%22%22%2C%22font_size_xs%22%3A%22%22%2C%22align%22%3A%22%22%2C%22text_transform%22%3A%22%22%2C%22line_height%22%3A%22%22%2C%22letter_spacing%22%3A%22%22%2C%22color%22%3A%22secondary%22%2C%22hover_color%22%3A%22%22%7D&#8221;][g5element_button title=&#8221;LED profiles catalogue&#8221; align=&#8221;right&#8221; link=&#8221;url:https%3A%2F%2Ftech-light.com.pl%2Fkatalog%2Ftech-light-2025-en.pdf|target:_blank&#8221; el_class=&#8221;button_1&#8243;][\/vc_column][vc_column el_class=&#8221;products_col&#8221;][g5element_products excerpt_enable=&#8221;on&#8221; columns_gutter=&#8221;10&#8243; posts_per_page=&#8221;12&#8243; cat=&#8221;22&#8243; el_class=&#8221;products_list_custom&#8221;][g5element_button title=&#8221;See full offer&#8221; align=&#8221;center&#8221; link=&#8221;url:%2Fen%2Fprodukty%2F&#8221; el_class=&#8221;button_1&#8243;][vc_empty_space height=&#8221;35px&#8221; el_class=&#8221;mobile-none&#8221;][\/vc_column][\/vc_row][vc_row gap=&#8221;35&#8243; css=&#8221;.vc_custom_1679304228758{margin-top: 35px !important;}&#8221; el_class=&#8221;home_row-4&#8243;][vc_column width=&#8221;1\/3&#8243;][g5element_heading title=&#8221;By creating the highest quality LED profiles we aim at taking the leadership among European manufacturers.&#8221; title_typography=&#8221;%7B%22font_family%22%3A%22Syne%22%2C%22font_weight%22%3A%22400%22%2C%22font_style%22%3A%22normal%22%2C%22font_size_lg%22%3A%22%22%2C%22font_size_md%22%3A%22%22%2C%22font_size_sm%22%3A%22%22%2C%22font_size_xs%22%3A%22%22%2C%22align%22%3A%22%22%2C%22text_transform%22%3A%22%22%2C%22line_height%22%3A%2250px%22%2C%22letter_spacing%22%3A%22%22%2C%22color%22%3A%22%22%2C%22hover_color%22%3A%22%22%7D&#8221; css=&#8221;.vc_custom_1686302887059{margin-bottom: 30px !important;}&#8221;][g5element_button title=&#8221;Find out more&#8221; align=&#8221;left&#8221; link=&#8221;url:%2Fen%2Fo-firmie%2F&#8221; el_class=&#8221;button_5&#8243;][\/vc_column][vc_column width=&#8221;1\/3&#8243;][vc_column_text css=&#8221;&#8221;]The company&#8217;s ambition is to be a leader in the field of lighting profiles in Europe. Every year, the dynamically functioning design department and the TECH Light sales department develop and introduce to the market several new profile designs that meet the needs of customers and market trends.[\/vc_column_text][\/vc_column][vc_column width=&#8221;1\/3&#8243;][vc_column_text]We offer aluminum led profiles of the following types:[\/vc_column_text][vc_column_text el_class=&#8221;list_two_col square_li_item&#8221;]<\/p>\n<ul>\n<li>Linear<\/li>\n<li>Paving<\/li>\n<li>Angle<\/li>\n<li>Recessed<\/li>\n<li>Stick<\/li>\n<li>Furniture<\/li>\n<li>Hermetic<\/li>\n<li>Floorboard<\/li>\n<li>Architectural<\/li>\n<li>Lighting<\/li>\n<\/ul>\n<p>[\/vc_column_text][\/vc_column][vc_column offset=&#8221;vc_hidden-sm vc_hidden-xs&#8221;][vc_empty_space height=&#8221;45px&#8221; el_class=&#8221;mobile-none&#8221;][\/vc_column][\/vc_row][vc_row css=&#8221;.vc_custom_1679297322522{background-color: #f4f6f9 !important;}&#8221; el_class=&#8221;home_row-5&#8243;][vc_column width=&#8221;5\/12&#8243; el_class=&#8221;text_col&#8221;][g5element_heading title=&#8221;TECH Light makes the highest class LED profiles in line with individual requirements of our B2B customers.&#8221; subtitle=&#8221;LED solutions&#8221; subtitle_typography=&#8221;%7B%22font_family%22%3A%22Syne%22%2C%22font_weight%22%3A%22700%22%2C%22font_style%22%3A%22normal%22%2C%22font_size_lg%22%3A%2214%22%2C%22font_size_md%22%3A%22%22%2C%22font_size_sm%22%3A%22%22%2C%22font_size_xs%22%3A%22%22%2C%22align%22%3A%22%22%2C%22text_transform%22%3A%22uppercase%22%2C%22line_height%22%3A%2220px%22%2C%22letter_spacing%22%3A%22%22%2C%22color%22%3A%22%23ffc224%22%2C%22hover_color%22%3A%22%22%7D&#8221;][vc_column_text el_class=&#8221;fs-18&#8243;]We focus our attention in original and unique solutions. In our offer we gather many aluminium solutions designed for various applications. Our products are conceived with a special consideration of the possibility to adopt them to market demands \u2013 not only in terms of use and installation but also in the choice of painting finish.[\/vc_column_text][vc_column_text el_class=&#8221;link_number_phone_icon black_text syne_font&#8221;]<\/p>\n<p style=\"text-align: left;\">Qeustions? <strong>Write to us<\/strong><\/p>\n<p style=\"text-align: left;\"><a href=\"mailto:info@tech-light.com.pl\" target=\"_blank\" rel=\"noopener\">info@tech-light.com.pl<\/a><\/p>\n<p>[\/vc_column_text][vc_empty_space el_class=&#8221;mobile-none&#8221;][\/vc_column][vc_column width=&#8221;7\/12&#8243; el_class=&#8221;img_col&#8221;][vc_single_image image=&#8221;76&#8243; img_size=&#8221;341&#215;358&#8243; alignment=&#8221;right&#8221; css_animation=&#8221;fadeInLeft&#8221; el_class=&#8221;img-1 img_border_radius-20 zoom_hover_photo&#8221;][vc_single_image image=&#8221;77&#8243; img_size=&#8221;full&#8221; alignment=&#8221;center&#8221; css_animation=&#8221;fadeInRight&#8221; el_class=&#8221;img-2 img_border_radius-12 zoom_hover_photo&#8221;][\/vc_column][\/vc_row][vc_row full_width=&#8221;stretch_row&#8221; el_class=&#8221;home_row-3&#8243;][vc_column el_class=&#8221;title&#8221;][g5element_heading title=&#8221;Inspirations&#8221; subtitle_typography=&#8221;%7B%22font_family%22%3A%22%22%2C%22font_weight%22%3A%22%22%2C%22font_style%22%3A%22%22%2C%22font_size_lg%22%3A%22%22%2C%22font_size_md%22%3A%22%22%2C%22font_size_sm%22%3A%22%22%2C%22font_size_xs%22%3A%22%22%2C%22align%22%3A%22%22%2C%22text_transform%22%3A%22%22%2C%22line_height%22%3A%22%22%2C%22letter_spacing%22%3A%22%22%2C%22color%22%3A%22secondary%22%2C%22hover_color%22%3A%22%22%7D&#8221;][g5element_button title=&#8221;See more&#8221; align=&#8221;right&#8221; link=&#8221;url:https%3A%2F%2Ftech-light.com.pl%2Fen%2Finspiracje%2F&#8221; el_class=&#8221;button_1&#8243;][\/vc_column][vc_column el_class=&#8221;products_col&#8221;][g5element_gallery_slider image_size=&#8221;large&#8221; images=&#8221;378,368,363,360,354,349,343&#8243;][vc_empty_space height=&#8221;35px&#8221; el_class=&#8221;mobile-none&#8221;][\/vc_column][\/vc_row]<\/p>\n<\/div>","protected":false},"excerpt":{"rendered":"<p>[vc_row full_width=&#8221;stretch_row&#8221; bg_overlay_mode=&#8221;image&#8221; bg_overlay_opacity=&#8221;100&#8243; custom_parallax_type=&#8221;vertical_parallax&#8221; custom_parallax_bg_repeat=&#8221;no-repeat&#8221; custom_parallax_speed=&#8221;60&#8243; css=&#8221;.vc_custom_1679561988172{margin-bottom: 0px !important;padding-top: 40px !important;padding-bottom: 0px !important;background-position: center !important;background-repeat: no-repeat !important;background-size: cover !important;}&#8221; bg_overlay_image=&#8221;226&#8243; el_class=&#8221;home_row-1&#8243;][vc_column][vc_empty_space height=&#8221;150px&#8221; el_class=&#8221;mobile-none&#8221;][g5element_heading title=&#8221;PREMIUM solutions at your fingertips&#8221; subtitle=&#8221;TECH LIGHT&#8221; tag_html=&#8221;1&#8243; title_typography=&#8221;%7B%22font_family%22%3A%22Syne%22%2C%22font_weight%22%3A%22700%22%2C%22font_style%22%3A%22normal%22%2C%22font_size_lg%22%3A%22%22%2C%22font_size_md%22%3A%2280%22%2C%22font_size_sm%22%3A%22%22%2C%22font_size_xs%22%3A%2240%22%2C%22align%22%3A%22%22%2C%22text_transform%22%3A%22%22%2C%22line_height%22%3A%22%22%2C%22letter_spacing%22%3A%22%22%2C%22color%22%3A%22light%22%2C%22hover_color%22%3A%22light%22%7D&#8221; subtitle_typography=&#8221;%7B%22font_family%22%3A%22Syne%22%2C%22font_weight%22%3A%22400%22%2C%22font_style%22%3A%22normal%22%2C%22font_size_lg%22%3A%2216%22%2C%22font_size_md%22%3A%22%22%2C%22font_size_sm%22%3A%22%22%2C%22font_size_xs%22%3A%22%22%2C%22align%22%3A%22%22%2C%22text_transform%22%3A%22%22%2C%22line_height%22%3A%22%22%2C%22letter_spacing%22%3A%22%22%2C%22color%22%3A%22light%22%2C%22hover_color%22%3A%22light%22%7D&#8221; css_animation=&#8221;fadeInLeft&#8221; css=&#8221;.vc_custom_1686318451229{margin-bottom: 25px !important;}&#8221;][vc_row_inner el_class=&#8221;flex_button_and_text&#8221;][vc_column_inner][g5element_button title=&#8221;See our 3D inspirations&#8221; link=&#8221;url:https%3A%2F%2Ftech-light.com.pl%2Fen%2Finspiracje%2F&#8221; el_class=&#8221;button_1&#8243;][vc_column_text css=&#8221;.vc_custom_1686319859916{background-position: 0 0 !important;background-repeat: no-repeat !important;}&#8221; el_class=&#8221;link_number_phone_icon&#8221;] Questions? Write to [&hellip;]<\/p>\n","protected":false},"author":5,"featured_media":0,"parent":0,"menu_order":0,"comment_status":"closed","ping_status":"closed","template":"","meta":{"_acf_changed":false,"inline_featured_image":false,"footnotes":""},"class_list":["post-8890","page","type-page","status-publish","hentry"],"acf":[],"yoast_head":"<!-- This site is optimized with the Yoast SEO plugin v26.6 - https:\/\/yoast.com\/wordpress\/plugins\/seo\/ -->\n<title>Home - Tech Light - Profile LED<\/title>\n<meta name=\"robots\" content=\"index, follow, max-snippet:-1, max-image-preview:large, max-video-preview:-1\" \/>\n<link rel=\"canonical\" href=\"https:\/\/tech-light.com.pl\/\" \/>\n<meta property=\"og:locale\" content=\"en_US\" \/>\n<meta property=\"og:type\" content=\"article\" \/>\n<meta property=\"og:title\" content=\"Home - Tech Light - Profile LED\" \/>\n<meta property=\"og:description\" content=\"[vc_row full_width=&#8221;stretch_row&#8221; bg_overlay_mode=&#8221;image&#8221; bg_overlay_opacity=&#8221;100&#8243; custom_parallax_type=&#8221;vertical_parallax&#8221; custom_parallax_bg_repeat=&#8221;no-repeat&#8221; custom_parallax_speed=&#8221;60&#8243; css=&#8221;.vc_custom_1679561988172{margin-bottom: 0px !important;padding-top: 40px !important;padding-bottom: 0px !important;background-position: center !important;background-repeat: no-repeat !important;background-size: cover !important;}&#8221; bg_overlay_image=&#8221;226&#8243; el_class=&#8221;home_row-1&#8243;][vc_column][vc_empty_space height=&#8221;150px&#8221; el_class=&#8221;mobile-none&#8221;][g5element_heading title=&#8221;PREMIUM solutions at your fingertips&#8221; subtitle=&#8221;TECH LIGHT&#8221; tag_html=&#8221;1&#8243; title_typography=&#8221;%7B%22font_family%22%3A%22Syne%22%2C%22font_weight%22%3A%22700%22%2C%22font_style%22%3A%22normal%22%2C%22font_size_lg%22%3A%22%22%2C%22font_size_md%22%3A%2280%22%2C%22font_size_sm%22%3A%22%22%2C%22font_size_xs%22%3A%2240%22%2C%22align%22%3A%22%22%2C%22text_transform%22%3A%22%22%2C%22line_height%22%3A%22%22%2C%22letter_spacing%22%3A%22%22%2C%22color%22%3A%22light%22%2C%22hover_color%22%3A%22light%22%7D&#8221; subtitle_typography=&#8221;%7B%22font_family%22%3A%22Syne%22%2C%22font_weight%22%3A%22400%22%2C%22font_style%22%3A%22normal%22%2C%22font_size_lg%22%3A%2216%22%2C%22font_size_md%22%3A%22%22%2C%22font_size_sm%22%3A%22%22%2C%22font_size_xs%22%3A%22%22%2C%22align%22%3A%22%22%2C%22text_transform%22%3A%22%22%2C%22line_height%22%3A%22%22%2C%22letter_spacing%22%3A%22%22%2C%22color%22%3A%22light%22%2C%22hover_color%22%3A%22light%22%7D&#8221; css_animation=&#8221;fadeInLeft&#8221; css=&#8221;.vc_custom_1686318451229{margin-bottom: 25px !important;}&#8221;][vc_row_inner el_class=&#8221;flex_button_and_text&#8221;][vc_column_inner][g5element_button title=&#8221;See our 3D inspirations&#8221; link=&#8221;url:https%3A%2F%2Ftech-light.com.pl%2Fen%2Finspiracje%2F&#8221; el_class=&#8221;button_1&#8243;][vc_column_text css=&#8221;.vc_custom_1686319859916{background-position: 0 0 !important;background-repeat: no-repeat !important;}&#8221; el_class=&#8221;link_number_phone_icon&#8221;] Questions? Write to [&hellip;]\" \/>\n<meta property=\"og:url\" content=\"https:\/\/tech-light.com.pl\/\" \/>\n<meta property=\"og:site_name\" content=\"Tech Light - Profile LED\" \/>\n<meta property=\"article:publisher\" content=\"https:\/\/www.facebook.com\/people\/Tech-Light\/100066483851004\/\" \/>\n<meta property=\"article:modified_time\" content=\"2026-02-19T13:15:28+00:00\" \/>\n<meta property=\"og:image\" content=\"https:\/\/tech-light.com.pl\/wp-content\/uploads\/2024\/04\/tech-light-profile-led.jpg\" \/>\n\t<meta property=\"og:image:width\" content=\"1200\" \/>\n\t<meta property=\"og:image:height\" content=\"675\" \/>\n\t<meta property=\"og:image:type\" content=\"image\/jpeg\" \/>\n<meta name=\"twitter:card\" content=\"summary_large_image\" \/>\n<meta name=\"twitter:label1\" content=\"Est. reading time\" \/>\n\t<meta name=\"twitter:data1\" content=\"5 minutes\" \/>\n<script type=\"application\/ld+json\" class=\"yoast-schema-graph\">{\"@context\":\"https:\/\/schema.org\",\"@graph\":[{\"@type\":\"WebPage\",\"@id\":\"https:\/\/tech-light.com.pl\/\",\"url\":\"https:\/\/tech-light.com.pl\/\",\"name\":\"Home - Tech Light - Profile LED\",\"isPartOf\":{\"@id\":\"https:\/\/tech-light.com.pl\/en\/#website\"},\"datePublished\":\"2023-03-13T09:15:42+00:00\",\"dateModified\":\"2026-02-19T13:15:28+00:00\",\"breadcrumb\":{\"@id\":\"https:\/\/tech-light.com.pl\/#breadcrumb\"},\"inLanguage\":\"en-US\",\"potentialAction\":[{\"@type\":\"ReadAction\",\"target\":[\"https:\/\/tech-light.com.pl\/\"]}]},{\"@type\":\"BreadcrumbList\",\"@id\":\"https:\/\/tech-light.com.pl\/#breadcrumb\",\"itemListElement\":[{\"@type\":\"ListItem\",\"position\":1,\"name\":\"Strona g\u0142\u00f3wna\",\"item\":\"https:\/\/tech-light.com.pl\/\"},{\"@type\":\"ListItem\",\"position\":2,\"name\":\"Home\"}]},{\"@type\":\"WebSite\",\"@id\":\"https:\/\/tech-light.com.pl\/en\/#website\",\"url\":\"https:\/\/tech-light.com.pl\/en\/\",\"name\":\"Tech Light - Profile LED\",\"description\":\"Rozwi\u0105zania PREMIUM w zasi\u0119gu Twojej r\u0119ki\",\"publisher\":{\"@id\":\"https:\/\/tech-light.com.pl\/en\/#organization\"},\"alternateName\":\"Polski producent Profili LED\",\"potentialAction\":[{\"@type\":\"SearchAction\",\"target\":{\"@type\":\"EntryPoint\",\"urlTemplate\":\"https:\/\/tech-light.com.pl\/en\/?s={search_term_string}\"},\"query-input\":{\"@type\":\"PropertyValueSpecification\",\"valueRequired\":true,\"valueName\":\"search_term_string\"}}],\"inLanguage\":\"en-US\"},{\"@type\":\"Organization\",\"@id\":\"https:\/\/tech-light.com.pl\/en\/#organization\",\"name\":\"Tech-Light Sp. z o.o.\",\"alternateName\":\"Tech Light - Profile LED\",\"url\":\"https:\/\/tech-light.com.pl\/en\/\",\"logo\":{\"@type\":\"ImageObject\",\"inLanguage\":\"en-US\",\"@id\":\"https:\/\/tech-light.com.pl\/en\/#\/schema\/logo\/image\/\",\"url\":\"https:\/\/tech-light.com.pl\/wp-content\/uploads\/2024\/04\/tech-light-tl.jpg\",\"contentUrl\":\"https:\/\/tech-light.com.pl\/wp-content\/uploads\/2024\/04\/tech-light-tl.jpg\",\"width\":696,\"height\":696,\"caption\":\"Tech-Light Sp. z o.o.\"},\"image\":{\"@id\":\"https:\/\/tech-light.com.pl\/en\/#\/schema\/logo\/image\/\"},\"sameAs\":[\"https:\/\/www.facebook.com\/people\/Tech-Light\/100066483851004\/\"]}]}<\/script>\n<!-- \/ Yoast SEO plugin. -->","yoast_head_json":{"title":"Home - Tech Light - Profile LED","robots":{"index":"index","follow":"follow","max-snippet":"max-snippet:-1","max-image-preview":"max-image-preview:large","max-video-preview":"max-video-preview:-1"},"canonical":"https:\/\/tech-light.com.pl\/","og_locale":"en_US","og_type":"article","og_title":"Home - Tech Light - Profile LED","og_description":"[vc_row full_width=&#8221;stretch_row&#8221; bg_overlay_mode=&#8221;image&#8221; bg_overlay_opacity=&#8221;100&#8243; custom_parallax_type=&#8221;vertical_parallax&#8221; custom_parallax_bg_repeat=&#8221;no-repeat&#8221; custom_parallax_speed=&#8221;60&#8243; css=&#8221;.vc_custom_1679561988172{margin-bottom: 0px !important;padding-top: 40px !important;padding-bottom: 0px !important;background-position: center !important;background-repeat: no-repeat !important;background-size: cover !important;}&#8221; bg_overlay_image=&#8221;226&#8243; el_class=&#8221;home_row-1&#8243;][vc_column][vc_empty_space height=&#8221;150px&#8221; el_class=&#8221;mobile-none&#8221;][g5element_heading title=&#8221;PREMIUM solutions at your fingertips&#8221; subtitle=&#8221;TECH LIGHT&#8221; tag_html=&#8221;1&#8243; title_typography=&#8221;%7B%22font_family%22%3A%22Syne%22%2C%22font_weight%22%3A%22700%22%2C%22font_style%22%3A%22normal%22%2C%22font_size_lg%22%3A%22%22%2C%22font_size_md%22%3A%2280%22%2C%22font_size_sm%22%3A%22%22%2C%22font_size_xs%22%3A%2240%22%2C%22align%22%3A%22%22%2C%22text_transform%22%3A%22%22%2C%22line_height%22%3A%22%22%2C%22letter_spacing%22%3A%22%22%2C%22color%22%3A%22light%22%2C%22hover_color%22%3A%22light%22%7D&#8221; subtitle_typography=&#8221;%7B%22font_family%22%3A%22Syne%22%2C%22font_weight%22%3A%22400%22%2C%22font_style%22%3A%22normal%22%2C%22font_size_lg%22%3A%2216%22%2C%22font_size_md%22%3A%22%22%2C%22font_size_sm%22%3A%22%22%2C%22font_size_xs%22%3A%22%22%2C%22align%22%3A%22%22%2C%22text_transform%22%3A%22%22%2C%22line_height%22%3A%22%22%2C%22letter_spacing%22%3A%22%22%2C%22color%22%3A%22light%22%2C%22hover_color%22%3A%22light%22%7D&#8221; css_animation=&#8221;fadeInLeft&#8221; css=&#8221;.vc_custom_1686318451229{margin-bottom: 25px !important;}&#8221;][vc_row_inner el_class=&#8221;flex_button_and_text&#8221;][vc_column_inner][g5element_button title=&#8221;See our 3D inspirations&#8221; link=&#8221;url:https%3A%2F%2Ftech-light.com.pl%2Fen%2Finspiracje%2F&#8221; el_class=&#8221;button_1&#8243;][vc_column_text css=&#8221;.vc_custom_1686319859916{background-position: 0 0 !important;background-repeat: no-repeat !important;}&#8221; el_class=&#8221;link_number_phone_icon&#8221;] Questions? Write to [&hellip;]","og_url":"https:\/\/tech-light.com.pl\/","og_site_name":"Tech Light - Profile LED","article_publisher":"https:\/\/www.facebook.com\/people\/Tech-Light\/100066483851004\/","article_modified_time":"2026-02-19T13:15:28+00:00","og_image":[{"width":1200,"height":675,"url":"https:\/\/tech-light.com.pl\/wp-content\/uploads\/2024\/04\/tech-light-profile-led.jpg","type":"image\/jpeg"}],"twitter_card":"summary_large_image","twitter_misc":{"Est. reading time":"5 minutes"},"schema":{"@context":"https:\/\/schema.org","@graph":[{"@type":"WebPage","@id":"https:\/\/tech-light.com.pl\/","url":"https:\/\/tech-light.com.pl\/","name":"Home - Tech Light - Profile LED","isPartOf":{"@id":"https:\/\/tech-light.com.pl\/en\/#website"},"datePublished":"2023-03-13T09:15:42+00:00","dateModified":"2026-02-19T13:15:28+00:00","breadcrumb":{"@id":"https:\/\/tech-light.com.pl\/#breadcrumb"},"inLanguage":"en-US","potentialAction":[{"@type":"ReadAction","target":["https:\/\/tech-light.com.pl\/"]}]},{"@type":"BreadcrumbList","@id":"https:\/\/tech-light.com.pl\/#breadcrumb","itemListElement":[{"@type":"ListItem","position":1,"name":"Strona g\u0142\u00f3wna","item":"https:\/\/tech-light.com.pl\/"},{"@type":"ListItem","position":2,"name":"Home"}]},{"@type":"WebSite","@id":"https:\/\/tech-light.com.pl\/en\/#website","url":"https:\/\/tech-light.com.pl\/en\/","name":"Tech Light - Profile LED","description":"Rozwi\u0105zania PREMIUM w zasi\u0119gu Twojej r\u0119ki","publisher":{"@id":"https:\/\/tech-light.com.pl\/en\/#organization"},"alternateName":"Polski producent Profili LED","potentialAction":[{"@type":"SearchAction","target":{"@type":"EntryPoint","urlTemplate":"https:\/\/tech-light.com.pl\/en\/?s={search_term_string}"},"query-input":{"@type":"PropertyValueSpecification","valueRequired":true,"valueName":"search_term_string"}}],"inLanguage":"en-US"},{"@type":"Organization","@id":"https:\/\/tech-light.com.pl\/en\/#organization","name":"Tech-Light Sp. z o.o.","alternateName":"Tech Light - Profile LED","url":"https:\/\/tech-light.com.pl\/en\/","logo":{"@type":"ImageObject","inLanguage":"en-US","@id":"https:\/\/tech-light.com.pl\/en\/#\/schema\/logo\/image\/","url":"https:\/\/tech-light.com.pl\/wp-content\/uploads\/2024\/04\/tech-light-tl.jpg","contentUrl":"https:\/\/tech-light.com.pl\/wp-content\/uploads\/2024\/04\/tech-light-tl.jpg","width":696,"height":696,"caption":"Tech-Light Sp. z o.o."},"image":{"@id":"https:\/\/tech-light.com.pl\/en\/#\/schema\/logo\/image\/"},"sameAs":["https:\/\/www.facebook.com\/people\/Tech-Light\/100066483851004\/"]}]}},"_links":{"self":[{"href":"https:\/\/tech-light.com.pl\/en\/wp-json\/wp\/v2\/pages\/8890","targetHints":{"allow":["GET"]}}],"collection":[{"href":"https:\/\/tech-light.com.pl\/en\/wp-json\/wp\/v2\/pages"}],"about":[{"href":"https:\/\/tech-light.com.pl\/en\/wp-json\/wp\/v2\/types\/page"}],"author":[{"embeddable":true,"href":"https:\/\/tech-light.com.pl\/en\/wp-json\/wp\/v2\/users\/5"}],"replies":[{"embeddable":true,"href":"https:\/\/tech-light.com.pl\/en\/wp-json\/wp\/v2\/comments?post=8890"}],"version-history":[{"count":21,"href":"https:\/\/tech-light.com.pl\/en\/wp-json\/wp\/v2\/pages\/8890\/revisions"}],"predecessor-version":[{"id":42701,"href":"https:\/\/tech-light.com.pl\/en\/wp-json\/wp\/v2\/pages\/8890\/revisions\/42701"}],"wp:attachment":[{"href":"https:\/\/tech-light.com.pl\/en\/wp-json\/wp\/v2\/media?parent=8890"}],"curies":[{"name":"wp","href":"https:\/\/api.w.org\/{rel}","templated":true}]}}