{"id":41037,"date":"2025-02-04T08:36:54","date_gmt":"2025-02-04T07:36:54","guid":{"rendered":"https:\/\/tech-light.com.pl\/oficjalny-partner-handlowy\/"},"modified":"2026-02-19T14:38:53","modified_gmt":"2026-02-19T13:38:53","slug":"official-business-partner","status":"publish","type":"page","link":"https:\/\/tech-light.com.pl\/en\/official-business-partner\/","title":{"rendered":"Official Business Partner"},"content":{"rendered":"<div class=\"wpb-content-wrapper\"><p>[vc_row full_width=&#8221;stretch_row&#8221; bg_overlay_mode=&#8221;image&#8221; bg_overlay_opacity=&#8221;100&#8243; custom_parallax_type=&#8221;vertical_parallax&#8221; custom_parallax_bg_repeat=&#8221;no-repeat&#8221; css=&#8221;.vc_custom_1740658522616{margin-bottom: 50px !important;border-bottom-width: 10px !important;padding-top: 0px !important;padding-bottom: 0px !important;background-position: center !important;background-repeat: no-repeat !important;background-size: cover !important;border-bottom-color: #ffe001 !important;border-bottom-style: solid !important;}&#8221; custom_parallax_image=&#8221;40928&#8243;][vc_column][vc_empty_space height=&#8221;150px&#8221; el_class=&#8221;mobile-none&#8221;][g5element_heading title=&#8221;Become an official TECH Light Partner&#8221; subtitle=&#8221;TECH LIGHT&#8221; tag_html=&#8221;1&#8243; title_typography=&#8221;%7B%22font_family%22%3A%22Syne%22%2C%22font_weight%22%3A%22700%22%2C%22font_style%22%3A%22normal%22%2C%22font_size_lg%22%3A%22%22%2C%22font_size_md%22%3A%2280%22%2C%22font_size_sm%22%3A%22%22%2C%22font_size_xs%22%3A%2240%22%2C%22align%22%3A%22%22%2C%22text_transform%22%3A%22%22%2C%22line_height%22%3A%22%22%2C%22letter_spacing%22%3A%22%22%2C%22color%22%3A%22light%22%2C%22hover_color%22%3A%22light%22%7D&#8221; subtitle_typography=&#8221;%7B%22font_family%22%3A%22Syne%22%2C%22font_weight%22%3A%22400%22%2C%22font_style%22%3A%22normal%22%2C%22font_size_lg%22%3A%2216%22%2C%22font_size_md%22%3A%22%22%2C%22font_size_sm%22%3A%22%22%2C%22font_size_xs%22%3A%22%22%2C%22align%22%3A%22%22%2C%22text_transform%22%3A%22%22%2C%22line_height%22%3A%22%22%2C%22letter_spacing%22%3A%22%22%2C%22color%22%3A%22light%22%2C%22hover_color%22%3A%22light%22%7D&#8221; css_animation=&#8221;fadeInLeft&#8221; css=&#8221;.vc_custom_1771508296775{padding-top: 20px !important;padding-right: 20px !important;padding-bottom: 20px !important;padding-left: 20px !important;background-color: rgba(35,35,35,0.7) !important;*background-color: rgb(35,35,35) !important;}&#8221;][vc_empty_space height=&#8221;150px&#8221; el_class=&#8221;mobile-none&#8221;][\/vc_column][\/vc_row][vc_row][vc_column width=&#8221;1\/2&#8243;][vc_column_text]<\/p>\n<h2 class=\"text-xl font-semibold mb-4\">Why is it worth it?<\/h2>\n<p class=\"mb-4\">We are a leading European manufacturer of LED profiles, combining Polish creativity with European innovation. Our products are manufactured in a modern production plant equipped with advanced machinery, meeting rigorous quality standards and having certificates of compliance with EU requirements.<\/p>\n<div class=\"grid grid-cols-1 md:grid-cols-2 gap-6 mb-8\">\n<div>\n<h4 class=\"whitespace-pre-wrap break-words\">As an official partner, you receive:<\/h4>\n<ul class=\"list-disc pl-6 mb-4\" style=\"margin-left: 1.5rem!important;\">\n<li>Attractive trade margins<\/li>\n<li>Comprehensive technical and product support<\/li>\n<li>Access to innovative lighting solutions<\/li>\n<li>A dedicated consultant<\/li>\n<\/ul>\n<\/div>\n<div>\n<h4 class=\"whitespace-pre-wrap break-words\">Our competitive advantages:<\/h4>\n<ul class=\"list-disc pl-6 mb-4\" style=\"margin-left: 1.5rem!important;\">\n<li>Our own anodizing and powder coating line<\/li>\n<li>The possibility of implementing custom projects<\/li>\n<li>Full technical documentation in accordance with European standards<\/li>\n<li>Guaranteed product availability<\/li>\n<\/ul>\n<\/div>\n<\/div>\n<p>[\/vc_column_text][\/vc_column][vc_column width=&#8221;1\/2&#8243;][vc_single_image image=&#8221;40820&#8243; img_size=&#8221;full&#8221;][\/vc_column][\/vc_row][vc_row full_width=&#8221;stretch_row&#8221; bg_overlay_mode=&#8221;image&#8221; bg_overlay_opacity=&#8221;100&#8243; custom_parallax_type=&#8221;fixed&#8221; custom_parallax_bg_repeat=&#8221;no-repeat&#8221; css=&#8221;.vc_custom_1738827678223{margin-top: 50px !important;margin-bottom: 50px !important;padding-top: 0px !important;padding-bottom: 0px !important;background-position: center !important;background-repeat: no-repeat !important;background-size: cover !important;}&#8221; custom_parallax_image=&#8221;40823&#8243;][vc_column][vc_empty_space height=&#8221;120px&#8221; el_class=&#8221;mobile-none&#8221;][vc_empty_space height=&#8221;120px&#8221; el_class=&#8221;mobile-none&#8221;][\/vc_column][\/vc_row][vc_row][vc_column width=&#8221;1\/2&#8243;][vc_column_text]<\/p>\n<h2>Trust<\/h2>\n<p>We have been trusted by over 1,000 partners in Europe, including many leaders on the Polish market, appreciating:<\/p>\n<div class=\"grid grid-cols-1 md:grid-cols-2 gap-6 mb-6\">\n<div>\n<ul class=\"list-disc pl-6 mb-4\" style=\"margin-left: 1.5rem!important;\">\n<li class=\"whitespace-normal break-words\">European quality of workmanship<\/li>\n<li class=\"whitespace-normal break-words\">Reliability of deliveries<\/li>\n<li class=\"whitespace-normal break-words\">Innovative technical solutions<\/li>\n<li class=\"whitespace-normal break-words\">Comprehensive support for implementations<\/li>\n<\/ul>\n<\/div>\n<div><\/div>\n<\/div>\n<p>[\/vc_column_text][\/vc_column][vc_column width=&#8221;1\/2&#8243;][vc_column_text]<\/p>\n<div class=\"grid grid-cols-1 md:grid-cols-2 gap-6 mb-6\">\n<div>\n<p><span style=\"color: var(--g5-color-heading); font-family: var(--g5-h2-font); font-size: var(--g5-h2-font-size); font-weight: var(--g5-h2-font-weight); letter-spacing: var(--g5-h2-letter-spacing); text-transform: var(--g5-h2-text-transform); font-style: var(--g5-body-font-style);\">Support<\/span><\/div>\n<div>\n<p class=\"font-semibold mb-2\">We provide full support in starting and developing cooperation:<\/p>\n<ul class=\"list-disc pl-6 mb-4\" style=\"margin-left: 1.5rem!important;\">\n<li class=\"whitespace-normal break-words\">Complete product and marketing documentation<\/li>\n<li class=\"whitespace-normal break-words\">Ready e-commerce materials (descriptions, metadata, photos)<\/li>\n<li class=\"whitespace-normal break-words\">Professional displays and samples<\/li>\n<li class=\"whitespace-normal break-words\">Product and technical training<\/li>\n<li class=\"whitespace-normal break-words\">Flexible ordering system without logistic minimums<\/li>\n<li class=\"whitespace-normal break-words\">Possibility of deliveries directly to end customers<\/li>\n<\/ul>\n<\/div>\n<\/div>\n<p>[\/vc_column_text][\/vc_column][\/vc_row][vc_row full_width=&#8221;stretch_row&#8221; bg_overlay_mode=&#8221;image&#8221; bg_overlay_opacity=&#8221;100&#8243; custom_parallax_type=&#8221;fixed&#8221; custom_parallax_bg_repeat=&#8221;no-repeat&#8221; css=&#8221;.vc_custom_1740646680139{margin-top: 50px !important;margin-bottom: 50px !important;padding-top: 0px !important;padding-bottom: 0px !important;background-position: center !important;background-repeat: no-repeat !important;background-size: cover !important;}&#8221; custom_parallax_image=&#8221;40649&#8243;][vc_column][vc_empty_space height=&#8221;120px&#8221; el_class=&#8221;mobile-none&#8221;][vc_empty_space height=&#8221;120px&#8221; el_class=&#8221;mobile-none&#8221;][\/vc_column][\/vc_row][vc_row][vc_column width=&#8221;1\/2&#8243;][vc_column_text css=&#8221;&#8221;]<\/p>\n<h2>Benefits<\/h2>\n<h4 class=\"whitespace-pre-wrap break-words\">Trading conditions<\/h4>\n<ul class=\"list-disc pl-6 mb-4\" style=\"margin-left: 1.5rem!important;\">\n<li class=\"whitespace-normal break-words\">Preferential discount system depending on turnover<\/li>\n<li class=\"whitespace-normal break-words\">Dedicated promotions and special offers for partners<\/li>\n<li class=\"whitespace-normal break-words\">Extended payment terms after achieving stable cooperation<\/li>\n<li class=\"whitespace-normal break-words\">Possibility to reserve goods for specific projects<\/li>\n<\/ul>\n<h4 class=\"whitespace-pre-wrap break-words\">Technical support<\/h4>\n<ul class=\"list-disc pl-6 mb-4\" style=\"margin-left: 1.5rem!important;\">\n<li class=\"whitespace-normal break-words\">Priority handling of technical inquiries<\/li>\n<li class=\"whitespace-normal break-words\">Product training (online and stationary)<\/li>\n<li class=\"whitespace-normal break-words\">Access to technical documentation and knowledge base<\/li>\n<\/ul>\n<h4 class=\"whitespace-pre-wrap break-words\">Operational support<\/h4>\n<ul class=\"list-disc pl-6 mb-4\" style=\"margin-left: 1.5rem!important;\">\n<li class=\"whitespace-normal break-words\">Dedicated sales representative<\/li>\n<li class=\"whitespace-normal break-words\">Access to B2B platform<\/li>\n<li class=\"whitespace-normal break-words\">Possibility to track order status<\/li>\n<li class=\"whitespace-normal break-words\">Priority order fulfillment<\/li>\n<li class=\"whitespace-normal break-words\">Express deliveries in urgent cases<\/li>\n<\/ul>\n<h4 class=\"whitespace-pre-wrap break-words\">Marketing support<\/h4>\n<ul class=\"list-disc pl-6 mb-4\" style=\"margin-left: 1.5rem!important;\">\n<li class=\"whitespace-normal break-words\">Marketing and product materials<\/li>\n<li class=\"whitespace-normal break-words\">Joint promotional activities<\/li>\n<li class=\"whitespace-normal break-words\">Status of official TECH Light partner<\/li>\n<li class=\"whitespace-normal break-words\">Possibility to use company logo and materials<\/li>\n<\/ul>\n<p>[\/vc_column_text][\/vc_column][vc_column width=&#8221;1\/2&#8243; css=&#8221;.vc_custom_1738828386940{padding-top: 50px !important;padding-right: 50px !important;padding-bottom: 50px !important;padding-left: 50px !important;background-color: #ffe001 !important;border-radius: 10px !important;}&#8221;][vc_column_text]<\/p>\n<h2>Become a Partner<\/h2>\n<p>We believe that a business partnership is not just a contract &#8211; it is a relationship based on shared values \u200b\u200band mutual benefits. We start each cooperation by getting to know the needs and expectations of our partners, so that we can offer solutions that are perfectly tailored to the specifics of your business.<\/p>\n<p>Share information about your business with us using the form below. On this basis, we will prepare a personalized cooperation proposal, taking into account the unique needs of your company. Our team will contact you to start a conversation about how we can build success in the European lighting market together.<\/p>\n<h4 class=\"whitespace-pre-wrap break-words\">Together we can do more<\/h4>\n<p>[\/vc_column_text]\n<div class=\"wpcf7 no-js\" id=\"wpcf7-f41042-o1\" lang=\"en-US\" dir=\"ltr\" data-wpcf7-id=\"41042\">\n<div class=\"screen-reader-response\"><p role=\"status\" aria-live=\"polite\" aria-atomic=\"true\"><\/p> <ul><\/ul><\/div>\n<form action=\"\/en\/wp-json\/wp\/v2\/pages\/41037#wpcf7-f41042-o1\" method=\"post\" class=\"wpcf7-form init\" aria-label=\"Contact form\" novalidate=\"novalidate\" data-status=\"init\">\n<fieldset class=\"hidden-fields-container\"><input type=\"hidden\" name=\"_wpcf7\" value=\"41042\" \/><input type=\"hidden\" name=\"_wpcf7_version\" value=\"6.1.4\" \/><input type=\"hidden\" name=\"_wpcf7_locale\" value=\"en_US\" \/><input type=\"hidden\" name=\"_wpcf7_unit_tag\" value=\"wpcf7-f41042-o1\" \/><input type=\"hidden\" name=\"_wpcf7_container_post\" value=\"0\" \/><input type=\"hidden\" name=\"_wpcf7_posted_data_hash\" value=\"\" \/><input type=\"hidden\" name=\"_wpcf7dtx_version\" value=\"5.0.3\" \/>\n<\/fieldset>\n<p><label style=\"width:100%\"><span class=\"wpcf7-form-control-wrap\" data-name=\"nazwa-firmy\"><input size=\"40\" maxlength=\"100\" class=\"wpcf7-form-control wpcf7-text wpcf7-validates-as-required full-form\" aria-required=\"true\" aria-invalid=\"false\" placeholder=\"Company name\" value=\"\" type=\"text\" name=\"nazwa-firmy\" \/><\/span> <\/label><br \/>\n<label style=\"width:100%\"><span class=\"wpcf7-form-control-wrap\" data-name=\"nip-firmy\"><input size=\"40\" maxlength=\"20\" class=\"wpcf7-form-control wpcf7-text wpcf7-validates-as-required full-form\" aria-required=\"true\" aria-invalid=\"false\" placeholder=\"Tax Identification Number\" value=\"\" type=\"text\" name=\"nip-firmy\" \/><\/span> <\/label><br \/>\n<label style=\"width:100%\"><span class=\"wpcf7-form-control-wrap\" data-name=\"osoba-kontaktowa\"><input size=\"40\" maxlength=\"100\" class=\"wpcf7-form-control wpcf7-text wpcf7-validates-as-required full-form\" aria-required=\"true\" aria-invalid=\"false\" placeholder=\"Name\" value=\"\" type=\"text\" name=\"osoba-kontaktowa\" \/><\/span> <\/label><br \/>\n<label style=\"width:100%\"><span class=\"wpcf7-form-control-wrap\" data-name=\"email\"><input size=\"40\" maxlength=\"100\" class=\"wpcf7-form-control wpcf7-email wpcf7-validates-as-required wpcf7-text wpcf7-validates-as-email full-form\" aria-required=\"true\" aria-invalid=\"false\" placeholder=\"E-Mail\" value=\"\" type=\"email\" name=\"email\" \/><\/span> <\/label><br \/>\n<label style=\"width:100%\"><span class=\"wpcf7-form-control-wrap\" data-name=\"telefon\"><input size=\"40\" maxlength=\"100\" class=\"wpcf7-form-control wpcf7-tel wpcf7-validates-as-required wpcf7-text wpcf7-validates-as-tel full-form\" aria-required=\"true\" aria-invalid=\"false\" placeholder=\"Phone\" value=\"\" type=\"tel\" name=\"telefon\" \/><\/span> <\/label><br \/>\n<label style=\"width:100%\"><span class=\"wpcf7-form-control-wrap\" data-name=\"obszar-biznesowy\"><select class=\"wpcf7-form-control wpcf7-select wpcf7-validates-as-required full-form\" aria-required=\"true\" aria-invalid=\"false\" name=\"obszar-biznesowy\"><option value=\"\">&#8212;Please choose an option&#8212;<\/option><option value=\"Shop \/ Wholesale\">Shop \/ Wholesale<\/option><option value=\"Architect\">Architect<\/option><option value=\"Interior designer\">Interior designer<\/option><option value=\"Furniture manufacturer\">Furniture manufacturer<\/option><option value=\"Construction \/ Project Contractors\">Construction \/ Project Contractors<\/option><option value=\"POS \/ Advertising\">POS \/ Advertising<\/option><option value=\"Lamp manufacturer\">Lamp manufacturer<\/option><option value=\"Other\">Other<\/option><\/select><\/span> <\/label><br \/>\n<span class=\"wpcf7-form-control-wrap url-adres\" data-name=\"url-adres\"><input type=\"hidden\" name=\"url-adres\" class=\"wpcf7-form-control wpcf7-hidden wpcf7dtx wpcf7dtx-hidden\" aria-invalid=\"false\" value=\"https:\/\/tech-light.com.pl\/en\/wp-json\/wp\/v2\/pages\/41037\"><\/span><br \/>\n<span class=\"wpcf7-form-control-wrap\" data-name=\"zgoda\"><span class=\"wpcf7-form-control wpcf7-acceptance optional\"><span class=\"wpcf7-list-item\"><label><input type=\"checkbox\" name=\"zgoda\" value=\"1\" aria-invalid=\"false\" \/><span class=\"wpcf7-list-item-label\">I have read and accept <a href=\"https:\/\/tech-light.com.pl\/polityka-prywatnosci\/\" target=\"_blank\">privacy policy<\/a><\/span><\/label><\/span><\/span><\/span>\n<\/p>\n<p><input class=\"wpcf7-form-control wpcf7-submit has-spinner\" type=\"submit\" value=\"Sign up\" \/>\n<\/p><div class=\"wpcf7-response-output\" aria-hidden=\"true\"><\/div>\n<\/form>\n<\/div>\n[\/vc_column][\/vc_row][vc_row full_width=&#8221;stretch_row&#8221; bg_overlay_mode=&#8221;image&#8221; bg_overlay_opacity=&#8221;100&#8243; custom_parallax_type=&#8221;vertical_parallax&#8221; custom_parallax_bg_repeat=&#8221;no-repeat&#8221; custom_parallax_speed=&#8221;60&#8243; css=&#8221;.vc_custom_1738828237694{margin-top: 50px !important;margin-bottom: 0px !important;padding-top: 0px !important;padding-bottom: 0px !important;background-position: center !important;background-repeat: no-repeat !important;background-size: cover !important;}&#8221; custom_parallax_image=&#8221;24698&#8243;][vc_column][vc_empty_space height=&#8221;120px&#8221; el_class=&#8221;mobile-none&#8221;][vc_empty_space height=&#8221;120px&#8221; el_class=&#8221;mobile-none&#8221;][\/vc_column][\/vc_row]<\/p>\n<\/div>","protected":false},"excerpt":{"rendered":"<p>[vc_row full_width=&#8221;stretch_row&#8221; bg_overlay_mode=&#8221;image&#8221; bg_overlay_opacity=&#8221;100&#8243; custom_parallax_type=&#8221;vertical_parallax&#8221; custom_parallax_bg_repeat=&#8221;no-repeat&#8221; css=&#8221;.vc_custom_1740658522616{margin-bottom: 50px !important;border-bottom-width: 10px !important;padding-top: 0px !important;padding-bottom: 0px !important;background-position: center !important;background-repeat: no-repeat !important;background-size: cover !important;border-bottom-color: #ffe001 !important;border-bottom-style: solid !important;}&#8221; custom_parallax_image=&#8221;40928&#8243;][vc_column][vc_empty_space height=&#8221;150px&#8221; el_class=&#8221;mobile-none&#8221;][g5element_heading title=&#8221;Become an official TECH Light Partner&#8221; subtitle=&#8221;TECH LIGHT&#8221; tag_html=&#8221;1&#8243; title_typography=&#8221;%7B%22font_family%22%3A%22Syne%22%2C%22font_weight%22%3A%22700%22%2C%22font_style%22%3A%22normal%22%2C%22font_size_lg%22%3A%22%22%2C%22font_size_md%22%3A%2280%22%2C%22font_size_sm%22%3A%22%22%2C%22font_size_xs%22%3A%2240%22%2C%22align%22%3A%22%22%2C%22text_transform%22%3A%22%22%2C%22line_height%22%3A%22%22%2C%22letter_spacing%22%3A%22%22%2C%22color%22%3A%22light%22%2C%22hover_color%22%3A%22light%22%7D&#8221; subtitle_typography=&#8221;%7B%22font_family%22%3A%22Syne%22%2C%22font_weight%22%3A%22400%22%2C%22font_style%22%3A%22normal%22%2C%22font_size_lg%22%3A%2216%22%2C%22font_size_md%22%3A%22%22%2C%22font_size_sm%22%3A%22%22%2C%22font_size_xs%22%3A%22%22%2C%22align%22%3A%22%22%2C%22text_transform%22%3A%22%22%2C%22line_height%22%3A%22%22%2C%22letter_spacing%22%3A%22%22%2C%22color%22%3A%22light%22%2C%22hover_color%22%3A%22light%22%7D&#8221; css_animation=&#8221;fadeInLeft&#8221; css=&#8221;.vc_custom_1771508296775{padding-top: 20px !important;padding-right: 20px !important;padding-bottom: 20px !important;padding-left: 20px !important;background-color: rgba(35,35,35,0.7) !important;*background-color: rgb(35,35,35) !important;}&#8221;][vc_empty_space height=&#8221;150px&#8221; el_class=&#8221;mobile-none&#8221;][\/vc_column][\/vc_row][vc_row][vc_column [&hellip;]<\/p>\n","protected":false},"author":5,"featured_media":0,"parent":0,"menu_order":0,"comment_status":"closed","ping_status":"closed","template":"","meta":{"_acf_changed":false,"inline_featured_image":false,"footnotes":""},"class_list":["post-41037","page","type-page","status-publish","hentry"],"acf":[],"yoast_head":"<!-- This site is optimized with the Yoast SEO plugin v26.6 - https:\/\/yoast.com\/wordpress\/plugins\/seo\/ -->\n<title>Official Business Partner - Tech Light - Profile LED<\/title>\n<meta name=\"description\" content=\"Zapraszamy do kontaktu z Tech-Light, producentem wysokiej klasy aluminiowych profili LED.\" \/>\n<meta name=\"robots\" content=\"index, follow, max-snippet:-1, max-image-preview:large, max-video-preview:-1\" \/>\n<link rel=\"canonical\" href=\"https:\/\/tech-light.com.pl\/oficjalny-partner-handlowy\/\" \/>\n<meta property=\"og:locale\" content=\"en_US\" \/>\n<meta property=\"og:type\" content=\"article\" \/>\n<meta property=\"og:title\" content=\"Official Business Partner - Tech Light - Profile LED\" \/>\n<meta property=\"og:description\" content=\"Zapraszamy do kontaktu z Tech-Light, producentem wysokiej klasy aluminiowych profili LED.\" \/>\n<meta property=\"og:url\" content=\"https:\/\/tech-light.com.pl\/oficjalny-partner-handlowy\/\" \/>\n<meta property=\"og:site_name\" content=\"Tech Light - Profile LED\" \/>\n<meta property=\"article:publisher\" content=\"https:\/\/www.facebook.com\/people\/Tech-Light\/100066483851004\/\" \/>\n<meta property=\"article:modified_time\" content=\"2026-02-19T13:38:53+00:00\" \/>\n<meta property=\"og:image\" content=\"https:\/\/tech-light.com.pl\/wp-content\/uploads\/2024\/04\/tech-light-profile-led.jpg\" \/>\n\t<meta property=\"og:image:width\" content=\"1200\" \/>\n\t<meta property=\"og:image:height\" content=\"675\" \/>\n\t<meta property=\"og:image:type\" content=\"image\/jpeg\" \/>\n<meta name=\"twitter:card\" content=\"summary_large_image\" \/>\n<meta name=\"twitter:label1\" content=\"Est. reading time\" \/>\n\t<meta name=\"twitter:data1\" content=\"5 minutes\" \/>\n<script type=\"application\/ld+json\" class=\"yoast-schema-graph\">{\"@context\":\"https:\/\/schema.org\",\"@graph\":[{\"@type\":\"WebPage\",\"@id\":\"https:\/\/tech-light.com.pl\/oficjalny-partner-handlowy\/\",\"url\":\"https:\/\/tech-light.com.pl\/oficjalny-partner-handlowy\/\",\"name\":\"Official Business Partner - Tech Light - Profile LED\",\"isPartOf\":{\"@id\":\"https:\/\/tech-light.com.pl\/en\/#website\"},\"datePublished\":\"2025-02-04T07:36:54+00:00\",\"dateModified\":\"2026-02-19T13:38:53+00:00\",\"description\":\"Zapraszamy do kontaktu z Tech-Light, producentem wysokiej klasy aluminiowych profili LED.\",\"breadcrumb\":{\"@id\":\"https:\/\/tech-light.com.pl\/oficjalny-partner-handlowy\/#breadcrumb\"},\"inLanguage\":\"en-US\",\"potentialAction\":[{\"@type\":\"ReadAction\",\"target\":[\"https:\/\/tech-light.com.pl\/oficjalny-partner-handlowy\/\"]}]},{\"@type\":\"BreadcrumbList\",\"@id\":\"https:\/\/tech-light.com.pl\/oficjalny-partner-handlowy\/#breadcrumb\",\"itemListElement\":[{\"@type\":\"ListItem\",\"position\":1,\"name\":\"Strona g\u0142\u00f3wna\",\"item\":\"https:\/\/tech-light.com.pl\/\"},{\"@type\":\"ListItem\",\"position\":2,\"name\":\"Official Business Partner\"}]},{\"@type\":\"WebSite\",\"@id\":\"https:\/\/tech-light.com.pl\/en\/#website\",\"url\":\"https:\/\/tech-light.com.pl\/en\/\",\"name\":\"Tech Light - Profile LED\",\"description\":\"Rozwi\u0105zania PREMIUM w zasi\u0119gu Twojej r\u0119ki\",\"publisher\":{\"@id\":\"https:\/\/tech-light.com.pl\/en\/#organization\"},\"alternateName\":\"Polski producent Profili LED\",\"potentialAction\":[{\"@type\":\"SearchAction\",\"target\":{\"@type\":\"EntryPoint\",\"urlTemplate\":\"https:\/\/tech-light.com.pl\/en\/?s={search_term_string}\"},\"query-input\":{\"@type\":\"PropertyValueSpecification\",\"valueRequired\":true,\"valueName\":\"search_term_string\"}}],\"inLanguage\":\"en-US\"},{\"@type\":\"Organization\",\"@id\":\"https:\/\/tech-light.com.pl\/en\/#organization\",\"name\":\"Tech-Light Sp. z o.o.\",\"alternateName\":\"Tech Light - Profile LED\",\"url\":\"https:\/\/tech-light.com.pl\/en\/\",\"logo\":{\"@type\":\"ImageObject\",\"inLanguage\":\"en-US\",\"@id\":\"https:\/\/tech-light.com.pl\/en\/#\/schema\/logo\/image\/\",\"url\":\"https:\/\/tech-light.com.pl\/wp-content\/uploads\/2024\/04\/tech-light-tl.jpg\",\"contentUrl\":\"https:\/\/tech-light.com.pl\/wp-content\/uploads\/2024\/04\/tech-light-tl.jpg\",\"width\":696,\"height\":696,\"caption\":\"Tech-Light Sp. z o.o.\"},\"image\":{\"@id\":\"https:\/\/tech-light.com.pl\/en\/#\/schema\/logo\/image\/\"},\"sameAs\":[\"https:\/\/www.facebook.com\/people\/Tech-Light\/100066483851004\/\"]}]}<\/script>\n<!-- \/ Yoast SEO plugin. -->","yoast_head_json":{"title":"Official Business Partner - Tech Light - Profile LED","description":"Zapraszamy do kontaktu z Tech-Light, producentem wysokiej klasy aluminiowych profili LED.","robots":{"index":"index","follow":"follow","max-snippet":"max-snippet:-1","max-image-preview":"max-image-preview:large","max-video-preview":"max-video-preview:-1"},"canonical":"https:\/\/tech-light.com.pl\/oficjalny-partner-handlowy\/","og_locale":"en_US","og_type":"article","og_title":"Official Business Partner - Tech Light - Profile LED","og_description":"Zapraszamy do kontaktu z Tech-Light, producentem wysokiej klasy aluminiowych profili LED.","og_url":"https:\/\/tech-light.com.pl\/oficjalny-partner-handlowy\/","og_site_name":"Tech Light - Profile LED","article_publisher":"https:\/\/www.facebook.com\/people\/Tech-Light\/100066483851004\/","article_modified_time":"2026-02-19T13:38:53+00:00","og_image":[{"width":1200,"height":675,"url":"https:\/\/tech-light.com.pl\/wp-content\/uploads\/2024\/04\/tech-light-profile-led.jpg","type":"image\/jpeg"}],"twitter_card":"summary_large_image","twitter_misc":{"Est. reading time":"5 minutes"},"schema":{"@context":"https:\/\/schema.org","@graph":[{"@type":"WebPage","@id":"https:\/\/tech-light.com.pl\/oficjalny-partner-handlowy\/","url":"https:\/\/tech-light.com.pl\/oficjalny-partner-handlowy\/","name":"Official Business Partner - Tech Light - Profile LED","isPartOf":{"@id":"https:\/\/tech-light.com.pl\/en\/#website"},"datePublished":"2025-02-04T07:36:54+00:00","dateModified":"2026-02-19T13:38:53+00:00","description":"Zapraszamy do kontaktu z Tech-Light, producentem wysokiej klasy aluminiowych profili LED.","breadcrumb":{"@id":"https:\/\/tech-light.com.pl\/oficjalny-partner-handlowy\/#breadcrumb"},"inLanguage":"en-US","potentialAction":[{"@type":"ReadAction","target":["https:\/\/tech-light.com.pl\/oficjalny-partner-handlowy\/"]}]},{"@type":"BreadcrumbList","@id":"https:\/\/tech-light.com.pl\/oficjalny-partner-handlowy\/#breadcrumb","itemListElement":[{"@type":"ListItem","position":1,"name":"Strona g\u0142\u00f3wna","item":"https:\/\/tech-light.com.pl\/"},{"@type":"ListItem","position":2,"name":"Official Business Partner"}]},{"@type":"WebSite","@id":"https:\/\/tech-light.com.pl\/en\/#website","url":"https:\/\/tech-light.com.pl\/en\/","name":"Tech Light - Profile LED","description":"Rozwi\u0105zania PREMIUM w zasi\u0119gu Twojej r\u0119ki","publisher":{"@id":"https:\/\/tech-light.com.pl\/en\/#organization"},"alternateName":"Polski producent Profili LED","potentialAction":[{"@type":"SearchAction","target":{"@type":"EntryPoint","urlTemplate":"https:\/\/tech-light.com.pl\/en\/?s={search_term_string}"},"query-input":{"@type":"PropertyValueSpecification","valueRequired":true,"valueName":"search_term_string"}}],"inLanguage":"en-US"},{"@type":"Organization","@id":"https:\/\/tech-light.com.pl\/en\/#organization","name":"Tech-Light Sp. z o.o.","alternateName":"Tech Light - Profile LED","url":"https:\/\/tech-light.com.pl\/en\/","logo":{"@type":"ImageObject","inLanguage":"en-US","@id":"https:\/\/tech-light.com.pl\/en\/#\/schema\/logo\/image\/","url":"https:\/\/tech-light.com.pl\/wp-content\/uploads\/2024\/04\/tech-light-tl.jpg","contentUrl":"https:\/\/tech-light.com.pl\/wp-content\/uploads\/2024\/04\/tech-light-tl.jpg","width":696,"height":696,"caption":"Tech-Light Sp. z o.o."},"image":{"@id":"https:\/\/tech-light.com.pl\/en\/#\/schema\/logo\/image\/"},"sameAs":["https:\/\/www.facebook.com\/people\/Tech-Light\/100066483851004\/"]}]}},"_links":{"self":[{"href":"https:\/\/tech-light.com.pl\/en\/wp-json\/wp\/v2\/pages\/41037","targetHints":{"allow":["GET"]}}],"collection":[{"href":"https:\/\/tech-light.com.pl\/en\/wp-json\/wp\/v2\/pages"}],"about":[{"href":"https:\/\/tech-light.com.pl\/en\/wp-json\/wp\/v2\/types\/page"}],"author":[{"embeddable":true,"href":"https:\/\/tech-light.com.pl\/en\/wp-json\/wp\/v2\/users\/5"}],"replies":[{"embeddable":true,"href":"https:\/\/tech-light.com.pl\/en\/wp-json\/wp\/v2\/comments?post=41037"}],"version-history":[{"count":6,"href":"https:\/\/tech-light.com.pl\/en\/wp-json\/wp\/v2\/pages\/41037\/revisions"}],"predecessor-version":[{"id":42705,"href":"https:\/\/tech-light.com.pl\/en\/wp-json\/wp\/v2\/pages\/41037\/revisions\/42705"}],"wp:attachment":[{"href":"https:\/\/tech-light.com.pl\/en\/wp-json\/wp\/v2\/media?parent=41037"}],"curies":[{"name":"wp","href":"https:\/\/api.w.org\/{rel}","templated":true}]}}