{"id":22454,"date":"2024-07-18T10:32:05","date_gmt":"2024-07-18T08:32:05","guid":{"rendered":"https:\/\/tech-light.com.pl\/pryzma-do-profili-led\/"},"modified":"2026-02-19T14:46:06","modified_gmt":"2026-02-19T13:46:06","slug":"prism-for-led-profiles","status":"publish","type":"page","link":"https:\/\/tech-light.com.pl\/en\/prism-for-led-profiles\/","title":{"rendered":"Prism for LED profiles"},"content":{"rendered":"<div class=\"wpb-content-wrapper\"><p>[vc_row full_width=&#8221;stretch_row&#8221; bg_overlay_mode=&#8221;image&#8221; bg_overlay_opacity=&#8221;100&#8243; custom_parallax_type=&#8221;vertical_parallax&#8221; custom_parallax_bg_repeat=&#8221;no-repeat&#8221; custom_parallax_speed=&#8221;60&#8243; css=&#8221;.vc_custom_1721293027364{margin-bottom: 0px !important;padding-top: 40px !important;padding-bottom: 0px !important;background-position: center !important;background-repeat: no-repeat !important;background-size: cover !important;}&#8221; custom_parallax_image=&#8221;22413&#8243;][vc_column][vc_empty_space height=&#8221;150px&#8221; el_class=&#8221;mobile-none&#8221;][g5element_heading title=&#8221;Modern prism<br \/>\nLED profile cover&#8221; subtitle=&#8221;TECH LIGHT&#8221; tag_html=&#8221;1&#8243; title_typography=&#8221;%7B%22font_family%22%3A%22Syne%22%2C%22font_weight%22%3A%22700%22%2C%22font_style%22%3A%22normal%22%2C%22font_size_lg%22%3A%22%22%2C%22font_size_md%22%3A%2280%22%2C%22font_size_sm%22%3A%22%22%2C%22font_size_xs%22%3A%2240%22%2C%22align%22%3A%22%22%2C%22text_transform%22%3A%22%22%2C%22line_height%22%3A%22%22%2C%22letter_spacing%22%3A%22%22%2C%22color%22%3A%22light%22%2C%22hover_color%22%3A%22light%22%7D&#8221; subtitle_typography=&#8221;%7B%22font_family%22%3A%22Syne%22%2C%22font_weight%22%3A%22400%22%2C%22font_style%22%3A%22normal%22%2C%22font_size_lg%22%3A%2216%22%2C%22font_size_md%22%3A%22%22%2C%22font_size_sm%22%3A%22%22%2C%22font_size_xs%22%3A%22%22%2C%22align%22%3A%22%22%2C%22text_transform%22%3A%22%22%2C%22line_height%22%3A%22%22%2C%22letter_spacing%22%3A%22%22%2C%22color%22%3A%22light%22%2C%22hover_color%22%3A%22light%22%7D&#8221; css_animation=&#8221;fadeInLeft&#8221; css=&#8221;.vc_custom_1721303339910{margin-bottom: 25px !important;}&#8221;][g5element_button title=&#8221;Discover the current offer of the prism&#8221; align=&#8221;left&#8221; css_animation=&#8221;fadeInLeft&#8221; link=&#8221;url:https%3A%2F%2Fb2b.tech-light.com.pl%2Fen%2Fproducts%2F2%3Fsearch%3Dprism|target:_blank&#8221; el_class=&#8221;button_1&#8243;][vc_empty_space height=&#8221;154px&#8221; el_class=&#8221;mobile-none&#8221;][\/vc_column][\/vc_row][vc_row content_placement=&#8221;bottom&#8221; el_class=&#8221;home_row-2&#8243; css=&#8221;.vc_custom_1679304114099{margin-top: 35px !important;}&#8221;][vc_column][vc_empty_space height=&#8221;10px&#8221; el_class=&#8221;mobile-none&#8221;][\/vc_column][vc_column offset=&#8221;vc_col-md-8&#8243;][g5element_heading title=&#8221;Prism to LED Profiles&#8221; subtitle=&#8221;NEW IN TECH LIGHT OFFER&#8221; subtitle_typography=&#8221;%7B%22font_family%22%3A%22%22%2C%22font_weight%22%3A%22%22%2C%22font_style%22%3A%22%22%2C%22font_size_lg%22%3A%2214%22%2C%22font_size_md%22%3A%22%22%2C%22font_size_sm%22%3A%22%22%2C%22font_size_xs%22%3A%22%22%2C%22align%22%3A%22%22%2C%22text_transform%22%3A%22%22%2C%22line_height%22%3A%22%22%2C%22letter_spacing%22%3A%22%22%2C%22color%22%3A%22secondary%22%2C%22hover_color%22%3A%22%22%7D&#8221; css=&#8221;.vc_custom_1721377876036{margin-bottom: 34px !important;}&#8221;][vc_column_text el_class=&#8221;square_li_item list_two_col&#8221;]Prism cover to LED profiles is the latest innovation in lighting, distinguished by advanced technology and excellent optical properties. Thanks to precisely designed microstructures, the prism not only disperses light, but also improves its efficiency and aesthetics.<\/p>\n<p><b>Product Advantages<\/b><\/p>\n<ul>\n<li class=\"x_MsoNormal\"><b>Optimal Light Dispersion:<\/b>\u00a0The prism effectively disperses the light emitted by LED diodes, eliminating the effect of point light sources and providing uniform, eye-pleasing lighting.<\/li>\n<li class=\"x_MsoNormal\"><b>Advanced Microstructure Technology:<\/b>\u00a0Precise microstructures on prism surface create unique optical effects that increase the quality of lighting and add a modern look to every interior.<\/li>\n<li class=\"x_MsoNormal\"><b>High Transparency:<\/b>\u00a0Made of highly transparent polycarbonate (PC), the prism maximizes light transmission while maintaining aesthetic dispersion.<\/li>\n<li class=\"x_MsoNormal\"><b>Durability and Resistance:<\/b>\u00a0Thanks to the use of durable materials, the prism is resistant to scratches and external factors, which guarantees a long lifespan.<\/li>\n<li class=\"x_MsoNormal\"><b>Easy Installation:<\/b>\u00a0The prism cover has been designed for easy, click-on installation in standard LED profiles, which reduces installation costs and assembly time.<\/li>\n<li class=\"x_MsoNormal\"><b>Seamless Embossing:<\/b>\u00a0Thanks to the seamless embossing technology, the prism minimizes side light flashes, providing clean and clear lighting.<\/li>\n<\/ul>\n<p>[\/vc_column_text][\/vc_column][vc_column offset=&#8221;vc_col-md-4&#8243;][vc_single_image image=&#8221;26816&#8243; img_size=&#8221;full&#8221; alignment=&#8221;right&#8221; css_animation=&#8221;fadeInRight&#8221;][\/vc_column][\/vc_row][vc_row full_width=&#8221;stretch_row&#8221; content_placement=&#8221;bottom&#8221; el_class=&#8221;home_row-2&#8243; css=&#8221;.vc_custom_1721295038615{margin-top: 35px !important;background-color: #f8f8f8 !important;}&#8221;][vc_column][vc_empty_space height=&#8221;10px&#8221; el_class=&#8221;mobile-none&#8221;][\/vc_column][vc_column offset=&#8221;vc_col-md-4&#8243;][vc_single_image image=&#8221;22422&#8243; img_size=&#8221;full&#8221; alignment=&#8221;right&#8221; css_animation=&#8221;fadeInLeft&#8221;][\/vc_column][vc_column offset=&#8221;vc_col-md-8&#8243;][g5element_heading title=&#8221;Applications&#8221; subtitle=&#8221;SPECIFICATION, SUMMARY&#8221; subtitle_typography=&#8221;%7B%22font_family%22%3A%22%22%2C%22font_weight%22%3A%22%22%2C%22font_style%22%3A%22%22%2C%22font_size_lg%22%3A%2214%22%2C%22font_size_md%22%3A%22%22%2C%22font_size_sm%22%3A%22%22%2C%22font_size_xs%22%3A%22%22%2C%22align%22%3A%22%22%2C%22text_transform%22%3A%22%22%2C%22line_height%22%3A%22%22%2C%22letter_spacing%22%3A%22%22%2C%22color%22%3A%22secondary%22%2C%22hover_color%22%3A%22%22%7D&#8221; css=&#8221;.vc_custom_1721377927288{margin-bottom: 34px !important;}&#8221;][vc_column_text css=&#8221;&#8221; el_class=&#8221;square_li_item list_two_col&#8221;]<\/p>\n<ul>\n<li class=\"x_MsoNormal\"><b>Workplaces:<\/b>&nbsp;Ideal for lighting offices and workstations where uniform and comfortable glare-free lighting is required.<\/li>\n<li class=\"x_MsoNormal\"><b>Glare Reducing Fixtures:<\/b>&nbsp;The prism works perfectly in lighting fixtures designed to reduce glare, providing visual comfort.<\/li>\n<li class=\"x_MsoNormal\"><b>Architectural Light Lines and Ceilings:<\/b>&nbsp;Thanks to its aesthetics and functionality, the prism is the perfect choice for creating modern, architectural light lines and ceilings in commercial and residential spaces.<\/li>\n<\/ul>\n<p><b>Specification<\/b><\/p>\n<ul>\n<li class=\"x_MsoNormal\"><b>Material:<\/b>&nbsp;Polycarbonate (PC)<\/li>\n<li class=\"x_MsoNormal\"><b>Thickness:<\/b>&nbsp;2 mm<\/li>\n<li class=\"x_MsoNormal\"><b>Available Colors:<\/b>&nbsp;Transparent \/ Colorless<\/li>\n<li class=\"x_MsoNormal\"><b>Available Widths:<br \/>\n<\/b>C6 \u2013 45.5 mm<br \/>\nC7 \u2013 29.0 mm<\/li>\n<li>C15 &#8211; 19,2 mm<\/li>\n<\/ul>\n<p><strong>Summary<\/strong><\/p>\n<p class=\"x_MsoNormal\">TECH Light prism to LED profiles is a novelty on the market that combines advanced technology and elegant design. Thanks to its unique optical properties and durability, it is an excellent solution for various lighting applications, providing not only functionality but also aesthetics.<\/p>\n<p class=\"x_MsoNormal\"><b>Choose TECH Light Prism to LED Profiles and enjoy the highest quality of lighting.<\/b><\/p>\n<p>[\/vc_column_text][\/vc_column][\/vc_row][vc_row full_width=&#8221;stretch_row&#8221; content_placement=&#8221;bottom&#8221; el_class=&#8221;home_row-2&#8243; css=&#8221;.vc_custom_1721295367343{padding-bottom: 50px !important;background-color: #f8f8f8 !important;}&#8221;][vc_column][g5element_button title=&#8221;Discover the current offer of the prism&#8221; align=&#8221;center&#8221; link=&#8221;url:https%3A%2F%2Fb2b.tech-light.com.pl%2Fen%2Fproducts%2F2%3Fsearch%3Dprism|target:_blank&#8221; el_class=&#8221;button_1&#8243;][\/vc_column][\/vc_row]<\/p>\n<\/div>","protected":false},"excerpt":{"rendered":"<p>[vc_row full_width=&#8221;stretch_row&#8221; bg_overlay_mode=&#8221;image&#8221; bg_overlay_opacity=&#8221;100&#8243; custom_parallax_type=&#8221;vertical_parallax&#8221; custom_parallax_bg_repeat=&#8221;no-repeat&#8221; custom_parallax_speed=&#8221;60&#8243; css=&#8221;.vc_custom_1721293027364{margin-bottom: 0px !important;padding-top: 40px !important;padding-bottom: 0px !important;background-position: center !important;background-repeat: no-repeat !important;background-size: cover !important;}&#8221; custom_parallax_image=&#8221;22413&#8243;][vc_column][vc_empty_space height=&#8221;150px&#8221; el_class=&#8221;mobile-none&#8221;][g5element_heading title=&#8221;Modern prism LED profile cover&#8221; subtitle=&#8221;TECH LIGHT&#8221; tag_html=&#8221;1&#8243; title_typography=&#8221;%7B%22font_family%22%3A%22Syne%22%2C%22font_weight%22%3A%22700%22%2C%22font_style%22%3A%22normal%22%2C%22font_size_lg%22%3A%22%22%2C%22font_size_md%22%3A%2280%22%2C%22font_size_sm%22%3A%22%22%2C%22font_size_xs%22%3A%2240%22%2C%22align%22%3A%22%22%2C%22text_transform%22%3A%22%22%2C%22line_height%22%3A%22%22%2C%22letter_spacing%22%3A%22%22%2C%22color%22%3A%22light%22%2C%22hover_color%22%3A%22light%22%7D&#8221; subtitle_typography=&#8221;%7B%22font_family%22%3A%22Syne%22%2C%22font_weight%22%3A%22400%22%2C%22font_style%22%3A%22normal%22%2C%22font_size_lg%22%3A%2216%22%2C%22font_size_md%22%3A%22%22%2C%22font_size_sm%22%3A%22%22%2C%22font_size_xs%22%3A%22%22%2C%22align%22%3A%22%22%2C%22text_transform%22%3A%22%22%2C%22line_height%22%3A%22%22%2C%22letter_spacing%22%3A%22%22%2C%22color%22%3A%22light%22%2C%22hover_color%22%3A%22light%22%7D&#8221; css_animation=&#8221;fadeInLeft&#8221; css=&#8221;.vc_custom_1721303339910{margin-bottom: 25px !important;}&#8221;][g5element_button title=&#8221;Discover the current offer of the prism&#8221; align=&#8221;left&#8221; css_animation=&#8221;fadeInLeft&#8221; link=&#8221;url:https%3A%2F%2Fb2b.tech-light.com.pl%2Fen%2Fproducts%2F2%3Fsearch%3Dprism|target:_blank&#8221; el_class=&#8221;button_1&#8243;][vc_empty_space height=&#8221;154px&#8221; el_class=&#8221;mobile-none&#8221;][\/vc_column][\/vc_row][vc_row content_placement=&#8221;bottom&#8221; el_class=&#8221;home_row-2&#8243; css=&#8221;.vc_custom_1679304114099{margin-top: 35px !important;}&#8221;][vc_column][vc_empty_space [&hellip;]<\/p>\n","protected":false},"author":5,"featured_media":0,"parent":0,"menu_order":0,"comment_status":"closed","ping_status":"closed","template":"","meta":{"_acf_changed":false,"inline_featured_image":false,"footnotes":""},"class_list":["post-22454","page","type-page","status-publish","hentry"],"acf":[],"yoast_head":"<!-- This site is optimized with the Yoast SEO plugin v26.6 - https:\/\/yoast.com\/wordpress\/plugins\/seo\/ -->\n<title>Tech LIGHT - Polski producent Profili LED<\/title>\n<meta name=\"description\" content=\"Profile LED Tech-Light charakteryzuj\u0105 si\u0119 wysok\u0105 jako\u015bci\u0105 oraz niecodziennym designem. Zapraszamy do zapoznania si\u0119 z nasz\u0105 ofert\u0105.\" \/>\n<meta name=\"robots\" content=\"index, follow, max-snippet:-1, max-image-preview:large, max-video-preview:-1\" \/>\n<link rel=\"canonical\" href=\"https:\/\/tech-light.com.pl\/pryzma-do-profili-led\/\" \/>\n<meta property=\"og:locale\" content=\"en_US\" \/>\n<meta property=\"og:type\" content=\"article\" \/>\n<meta property=\"og:title\" content=\"Tech LIGHT - Polski producent Profili LED\" \/>\n<meta property=\"og:description\" content=\"Profile LED Tech-Light charakteryzuj\u0105 si\u0119 wysok\u0105 jako\u015bci\u0105 oraz niecodziennym designem. Zapraszamy do zapoznania si\u0119 z nasz\u0105 ofert\u0105.\" \/>\n<meta property=\"og:url\" content=\"https:\/\/tech-light.com.pl\/pryzma-do-profili-led\/\" \/>\n<meta property=\"og:site_name\" content=\"Tech Light - Profile LED\" \/>\n<meta property=\"article:publisher\" content=\"https:\/\/www.facebook.com\/people\/Tech-Light\/100066483851004\/\" \/>\n<meta property=\"article:modified_time\" content=\"2026-02-19T13:46:06+00:00\" \/>\n<meta property=\"og:image\" content=\"https:\/\/tech-light.com.pl\/wp-content\/uploads\/2024\/04\/tech-light-profile-led.jpg\" \/>\n\t<meta property=\"og:image:width\" content=\"1200\" \/>\n\t<meta property=\"og:image:height\" content=\"675\" \/>\n\t<meta property=\"og:image:type\" content=\"image\/jpeg\" \/>\n<meta name=\"twitter:card\" content=\"summary_large_image\" \/>\n<meta name=\"twitter:label1\" content=\"Est. reading time\" \/>\n\t<meta name=\"twitter:data1\" content=\"4 minutes\" \/>\n<script type=\"application\/ld+json\" class=\"yoast-schema-graph\">{\"@context\":\"https:\/\/schema.org\",\"@graph\":[{\"@type\":\"WebPage\",\"@id\":\"https:\/\/tech-light.com.pl\/pryzma-do-profili-led\/\",\"url\":\"https:\/\/tech-light.com.pl\/pryzma-do-profili-led\/\",\"name\":\"Tech LIGHT - Polski producent Profili LED\",\"isPartOf\":{\"@id\":\"https:\/\/tech-light.com.pl\/en\/#website\"},\"datePublished\":\"2024-07-18T08:32:05+00:00\",\"dateModified\":\"2026-02-19T13:46:06+00:00\",\"description\":\"Profile LED Tech-Light charakteryzuj\u0105 si\u0119 wysok\u0105 jako\u015bci\u0105 oraz niecodziennym designem. Zapraszamy do zapoznania si\u0119 z nasz\u0105 ofert\u0105.\",\"breadcrumb\":{\"@id\":\"https:\/\/tech-light.com.pl\/pryzma-do-profili-led\/#breadcrumb\"},\"inLanguage\":\"en-US\",\"potentialAction\":[{\"@type\":\"ReadAction\",\"target\":[\"https:\/\/tech-light.com.pl\/pryzma-do-profili-led\/\"]}]},{\"@type\":\"BreadcrumbList\",\"@id\":\"https:\/\/tech-light.com.pl\/pryzma-do-profili-led\/#breadcrumb\",\"itemListElement\":[{\"@type\":\"ListItem\",\"position\":1,\"name\":\"Strona g\u0142\u00f3wna\",\"item\":\"https:\/\/tech-light.com.pl\/\"},{\"@type\":\"ListItem\",\"position\":2,\"name\":\"Prism for LED profiles\"}]},{\"@type\":\"WebSite\",\"@id\":\"https:\/\/tech-light.com.pl\/en\/#website\",\"url\":\"https:\/\/tech-light.com.pl\/en\/\",\"name\":\"Tech Light - Profile LED\",\"description\":\"Rozwi\u0105zania PREMIUM w zasi\u0119gu Twojej r\u0119ki\",\"publisher\":{\"@id\":\"https:\/\/tech-light.com.pl\/en\/#organization\"},\"alternateName\":\"Polski producent Profili LED\",\"potentialAction\":[{\"@type\":\"SearchAction\",\"target\":{\"@type\":\"EntryPoint\",\"urlTemplate\":\"https:\/\/tech-light.com.pl\/en\/?s={search_term_string}\"},\"query-input\":{\"@type\":\"PropertyValueSpecification\",\"valueRequired\":true,\"valueName\":\"search_term_string\"}}],\"inLanguage\":\"en-US\"},{\"@type\":\"Organization\",\"@id\":\"https:\/\/tech-light.com.pl\/en\/#organization\",\"name\":\"Tech-Light Sp. z o.o.\",\"alternateName\":\"Tech Light - Profile LED\",\"url\":\"https:\/\/tech-light.com.pl\/en\/\",\"logo\":{\"@type\":\"ImageObject\",\"inLanguage\":\"en-US\",\"@id\":\"https:\/\/tech-light.com.pl\/en\/#\/schema\/logo\/image\/\",\"url\":\"https:\/\/tech-light.com.pl\/wp-content\/uploads\/2024\/04\/tech-light-tl.jpg\",\"contentUrl\":\"https:\/\/tech-light.com.pl\/wp-content\/uploads\/2024\/04\/tech-light-tl.jpg\",\"width\":696,\"height\":696,\"caption\":\"Tech-Light Sp. z o.o.\"},\"image\":{\"@id\":\"https:\/\/tech-light.com.pl\/en\/#\/schema\/logo\/image\/\"},\"sameAs\":[\"https:\/\/www.facebook.com\/people\/Tech-Light\/100066483851004\/\"]}]}<\/script>\n<!-- \/ Yoast SEO plugin. -->","yoast_head_json":{"title":"Tech LIGHT - Polski producent Profili LED","description":"Profile LED Tech-Light charakteryzuj\u0105 si\u0119 wysok\u0105 jako\u015bci\u0105 oraz niecodziennym designem. Zapraszamy do zapoznania si\u0119 z nasz\u0105 ofert\u0105.","robots":{"index":"index","follow":"follow","max-snippet":"max-snippet:-1","max-image-preview":"max-image-preview:large","max-video-preview":"max-video-preview:-1"},"canonical":"https:\/\/tech-light.com.pl\/pryzma-do-profili-led\/","og_locale":"en_US","og_type":"article","og_title":"Tech LIGHT - Polski producent Profili LED","og_description":"Profile LED Tech-Light charakteryzuj\u0105 si\u0119 wysok\u0105 jako\u015bci\u0105 oraz niecodziennym designem. Zapraszamy do zapoznania si\u0119 z nasz\u0105 ofert\u0105.","og_url":"https:\/\/tech-light.com.pl\/pryzma-do-profili-led\/","og_site_name":"Tech Light - Profile LED","article_publisher":"https:\/\/www.facebook.com\/people\/Tech-Light\/100066483851004\/","article_modified_time":"2026-02-19T13:46:06+00:00","og_image":[{"width":1200,"height":675,"url":"https:\/\/tech-light.com.pl\/wp-content\/uploads\/2024\/04\/tech-light-profile-led.jpg","type":"image\/jpeg"}],"twitter_card":"summary_large_image","twitter_misc":{"Est. reading time":"4 minutes"},"schema":{"@context":"https:\/\/schema.org","@graph":[{"@type":"WebPage","@id":"https:\/\/tech-light.com.pl\/pryzma-do-profili-led\/","url":"https:\/\/tech-light.com.pl\/pryzma-do-profili-led\/","name":"Tech LIGHT - Polski producent Profili LED","isPartOf":{"@id":"https:\/\/tech-light.com.pl\/en\/#website"},"datePublished":"2024-07-18T08:32:05+00:00","dateModified":"2026-02-19T13:46:06+00:00","description":"Profile LED Tech-Light charakteryzuj\u0105 si\u0119 wysok\u0105 jako\u015bci\u0105 oraz niecodziennym designem. Zapraszamy do zapoznania si\u0119 z nasz\u0105 ofert\u0105.","breadcrumb":{"@id":"https:\/\/tech-light.com.pl\/pryzma-do-profili-led\/#breadcrumb"},"inLanguage":"en-US","potentialAction":[{"@type":"ReadAction","target":["https:\/\/tech-light.com.pl\/pryzma-do-profili-led\/"]}]},{"@type":"BreadcrumbList","@id":"https:\/\/tech-light.com.pl\/pryzma-do-profili-led\/#breadcrumb","itemListElement":[{"@type":"ListItem","position":1,"name":"Strona g\u0142\u00f3wna","item":"https:\/\/tech-light.com.pl\/"},{"@type":"ListItem","position":2,"name":"Prism for LED profiles"}]},{"@type":"WebSite","@id":"https:\/\/tech-light.com.pl\/en\/#website","url":"https:\/\/tech-light.com.pl\/en\/","name":"Tech Light - Profile LED","description":"Rozwi\u0105zania PREMIUM w zasi\u0119gu Twojej r\u0119ki","publisher":{"@id":"https:\/\/tech-light.com.pl\/en\/#organization"},"alternateName":"Polski producent Profili LED","potentialAction":[{"@type":"SearchAction","target":{"@type":"EntryPoint","urlTemplate":"https:\/\/tech-light.com.pl\/en\/?s={search_term_string}"},"query-input":{"@type":"PropertyValueSpecification","valueRequired":true,"valueName":"search_term_string"}}],"inLanguage":"en-US"},{"@type":"Organization","@id":"https:\/\/tech-light.com.pl\/en\/#organization","name":"Tech-Light Sp. z o.o.","alternateName":"Tech Light - Profile LED","url":"https:\/\/tech-light.com.pl\/en\/","logo":{"@type":"ImageObject","inLanguage":"en-US","@id":"https:\/\/tech-light.com.pl\/en\/#\/schema\/logo\/image\/","url":"https:\/\/tech-light.com.pl\/wp-content\/uploads\/2024\/04\/tech-light-tl.jpg","contentUrl":"https:\/\/tech-light.com.pl\/wp-content\/uploads\/2024\/04\/tech-light-tl.jpg","width":696,"height":696,"caption":"Tech-Light Sp. z o.o."},"image":{"@id":"https:\/\/tech-light.com.pl\/en\/#\/schema\/logo\/image\/"},"sameAs":["https:\/\/www.facebook.com\/people\/Tech-Light\/100066483851004\/"]}]}},"_links":{"self":[{"href":"https:\/\/tech-light.com.pl\/en\/wp-json\/wp\/v2\/pages\/22454","targetHints":{"allow":["GET"]}}],"collection":[{"href":"https:\/\/tech-light.com.pl\/en\/wp-json\/wp\/v2\/pages"}],"about":[{"href":"https:\/\/tech-light.com.pl\/en\/wp-json\/wp\/v2\/types\/page"}],"author":[{"embeddable":true,"href":"https:\/\/tech-light.com.pl\/en\/wp-json\/wp\/v2\/users\/5"}],"replies":[{"embeddable":true,"href":"https:\/\/tech-light.com.pl\/en\/wp-json\/wp\/v2\/comments?post=22454"}],"version-history":[{"count":13,"href":"https:\/\/tech-light.com.pl\/en\/wp-json\/wp\/v2\/pages\/22454\/revisions"}],"predecessor-version":[{"id":42707,"href":"https:\/\/tech-light.com.pl\/en\/wp-json\/wp\/v2\/pages\/22454\/revisions\/42707"}],"wp:attachment":[{"href":"https:\/\/tech-light.com.pl\/en\/wp-json\/wp\/v2\/media?parent=22454"}],"curies":[{"name":"wp","href":"https:\/\/api.w.org\/{rel}","templated":true}]}}