{"id":34864,"date":"2023-06-04T00:00:00","date_gmt":"2023-06-03T22:00:00","guid":{"rendered":"https:\/\/tech-light.com.pl\/product\/endkappen-set-p10-6\/"},"modified":"2025-12-19T14:44:10","modified_gmt":"2025-12-19T13:44:10","slug":"endkappen-set-p10-6","status":"publish","type":"product","link":"https:\/\/tech-light.com.pl\/de\/produkt\/endkappen-set-p10-6\/","title":{"rendered":"Endkappen-Set P10-6"},"content":{"rendered":"<p>Aluminium-Endkappen f\u00fcr LED-Profile P10-6 sind ein exklusives Abschlusselement jeder Beleuchtungsinstallation. Aus hochwertigem Aluminium gefertigt, verbinden sie Langlebigkeit mit elegantem Aussehen und gew\u00e4hrleisten einen professionellen Abschluss der Profilenden. In vielen stilvollen Farben erh\u00e4ltlich, erm\u00f6glichen sie die perfekte Anpassung an das gew\u00e4hlte Profil und die Innenraumgestaltung. Aluminium garantiert Best\u00e4ndigkeit gegen Korrosion, mechanische Besch\u00e4digungen und hohe Temperaturen.<\/p>\n<p>Die Endkappen sind mit dem Profil P10-6 kompatibel. Pr\u00e4zise gefertigt, gew\u00e4hrleisten sie perfekte Passform und schaffen ein einheitliches Ganzes. Einfache Montage ohne Spezialwerkzeuge.<\/p>\n","protected":false},"excerpt":{"rendered":"<p>Aluminium-Endkappen f\u00fcr LED-Profile P10-6. In vielen Farben verf\u00fcgbar. Eleganter Abschluss der Beleuchtungsinstallation, einfache Montage, langlebige Ausf\u00fchrung.<\/p>\n","protected":false},"featured_media":26659,"template":"","meta":{"_acf_changed":false,"inline_featured_image":false},"product_brand":[],"product_cat":[429,423],"product_tag":[],"class_list":{"0":"post-34864","1":"product","2":"type-product","3":"status-publish","4":"has-post-thumbnail","6":"product_cat-endkappe","7":"product_cat-zubehor","8":"pa_kolor-graphit","9":"pa_kolor-grau","10":"pa_kolor-schwarz","11":"pa_kolor-weiss","12":"pa_material-aluminium-de","14":"first","15":"instock","16":"product-type-simple"},"acf":[],"yoast_head":"<!-- This site is optimized with the Yoast SEO plugin v26.6 - https:\/\/yoast.com\/wordpress\/plugins\/seo\/ -->\n<title>Endkappen-Set P10-6 - Tech Light - Profile LED<\/title>\n<meta name=\"robots\" content=\"index, follow, max-snippet:-1, max-image-preview:large, max-video-preview:-1\" \/>\n<link rel=\"canonical\" href=\"https:\/\/tech-light.com.pl\/de\/produkt\/endkappen-set-p10-6\/\" \/>\n<meta property=\"og:locale\" content=\"de_DE\" \/>\n<meta property=\"og:type\" content=\"article\" \/>\n<meta property=\"og:title\" content=\"Endkappen-Set P10-6 - Tech Light - Profile LED\" \/>\n<meta property=\"og:description\" content=\"Aluminium-Endkappen f\u00fcr LED-Profile P10-6. In vielen Farben verf\u00fcgbar. Eleganter Abschluss der Beleuchtungsinstallation, einfache Montage, langlebige Ausf\u00fchrung.\" \/>\n<meta property=\"og:url\" content=\"https:\/\/tech-light.com.pl\/de\/produkt\/endkappen-set-p10-6\/\" \/>\n<meta property=\"og:site_name\" content=\"Tech Light - Profile LED\" \/>\n<meta property=\"article:publisher\" content=\"https:\/\/www.facebook.com\/people\/Tech-Light\/100066483851004\/\" \/>\n<meta property=\"article:modified_time\" content=\"2025-12-19T13:44:10+00:00\" \/>\n<meta property=\"og:image\" content=\"https:\/\/tech-light.com.pl\/wp-content\/uploads\/2024\/11\/zaslepki-p10-6-szary.jpg\" \/>\n\t<meta property=\"og:image:width\" content=\"1920\" \/>\n\t<meta property=\"og:image:height\" content=\"1920\" \/>\n\t<meta property=\"og:image:type\" content=\"image\/jpeg\" \/>\n<meta name=\"twitter:card\" content=\"summary_large_image\" \/>\n<script type=\"application\/ld+json\" class=\"yoast-schema-graph\">{\"@context\":\"https:\/\/schema.org\",\"@graph\":[{\"@type\":\"WebPage\",\"@id\":\"https:\/\/tech-light.com.pl\/de\/produkt\/endkappen-set-p10-6\/\",\"url\":\"https:\/\/tech-light.com.pl\/de\/produkt\/endkappen-set-p10-6\/\",\"name\":\"Endkappen-Set P10-6 - Tech Light - Profile LED\",\"isPartOf\":{\"@id\":\"https:\/\/tech-light.com.pl\/en\/#website\"},\"primaryImageOfPage\":{\"@id\":\"https:\/\/tech-light.com.pl\/de\/produkt\/endkappen-set-p10-6\/#primaryimage\"},\"image\":{\"@id\":\"https:\/\/tech-light.com.pl\/de\/produkt\/endkappen-set-p10-6\/#primaryimage\"},\"thumbnailUrl\":\"https:\/\/tech-light.com.pl\/wp-content\/uploads\/2024\/11\/zaslepki-p10-6-szary.jpg\",\"datePublished\":\"2023-06-03T22:00:00+00:00\",\"dateModified\":\"2025-12-19T13:44:10+00:00\",\"breadcrumb\":{\"@id\":\"https:\/\/tech-light.com.pl\/de\/produkt\/endkappen-set-p10-6\/#breadcrumb\"},\"inLanguage\":\"de\",\"potentialAction\":[{\"@type\":\"ReadAction\",\"target\":[\"https:\/\/tech-light.com.pl\/de\/produkt\/endkappen-set-p10-6\/\"]}]},{\"@type\":\"ImageObject\",\"inLanguage\":\"de\",\"@id\":\"https:\/\/tech-light.com.pl\/de\/produkt\/endkappen-set-p10-6\/#primaryimage\",\"url\":\"https:\/\/tech-light.com.pl\/wp-content\/uploads\/2024\/11\/zaslepki-p10-6-szary.jpg\",\"contentUrl\":\"https:\/\/tech-light.com.pl\/wp-content\/uploads\/2024\/11\/zaslepki-p10-6-szary.jpg\",\"width\":1920,\"height\":1920},{\"@type\":\"BreadcrumbList\",\"@id\":\"https:\/\/tech-light.com.pl\/de\/produkt\/endkappen-set-p10-6\/#breadcrumb\",\"itemListElement\":[{\"@type\":\"ListItem\",\"position\":1,\"name\":\"Strona g\u0142\u00f3wna\",\"item\":\"https:\/\/tech-light.com.pl\/\"},{\"@type\":\"ListItem\",\"position\":2,\"name\":\"Produkty\",\"item\":\"https:\/\/tech-light.com.pl\/produkty\/\"},{\"@type\":\"ListItem\",\"position\":3,\"name\":\"Endkappen-Set P10-6\"}]},{\"@type\":\"WebSite\",\"@id\":\"https:\/\/tech-light.com.pl\/en\/#website\",\"url\":\"https:\/\/tech-light.com.pl\/en\/\",\"name\":\"Tech Light - Profile LED\",\"description\":\"Rozwi\u0105zania PREMIUM w zasi\u0119gu Twojej r\u0119ki\",\"publisher\":{\"@id\":\"https:\/\/tech-light.com.pl\/en\/#organization\"},\"alternateName\":\"Polski producent Profili LED\",\"potentialAction\":[{\"@type\":\"SearchAction\",\"target\":{\"@type\":\"EntryPoint\",\"urlTemplate\":\"https:\/\/tech-light.com.pl\/en\/?s={search_term_string}\"},\"query-input\":{\"@type\":\"PropertyValueSpecification\",\"valueRequired\":true,\"valueName\":\"search_term_string\"}}],\"inLanguage\":\"de\"},{\"@type\":\"Organization\",\"@id\":\"https:\/\/tech-light.com.pl\/en\/#organization\",\"name\":\"Tech-Light Sp. z o.o.\",\"alternateName\":\"Tech Light - Profile LED\",\"url\":\"https:\/\/tech-light.com.pl\/en\/\",\"logo\":{\"@type\":\"ImageObject\",\"inLanguage\":\"de\",\"@id\":\"https:\/\/tech-light.com.pl\/en\/#\/schema\/logo\/image\/\",\"url\":\"https:\/\/tech-light.com.pl\/wp-content\/uploads\/2024\/04\/tech-light-tl.jpg\",\"contentUrl\":\"https:\/\/tech-light.com.pl\/wp-content\/uploads\/2024\/04\/tech-light-tl.jpg\",\"width\":696,\"height\":696,\"caption\":\"Tech-Light Sp. z o.o.\"},\"image\":{\"@id\":\"https:\/\/tech-light.com.pl\/en\/#\/schema\/logo\/image\/\"},\"sameAs\":[\"https:\/\/www.facebook.com\/people\/Tech-Light\/100066483851004\/\"]}]}<\/script>\n<!-- \/ Yoast SEO plugin. -->","yoast_head_json":{"title":"Endkappen-Set P10-6 - Tech Light - Profile LED","robots":{"index":"index","follow":"follow","max-snippet":"max-snippet:-1","max-image-preview":"max-image-preview:large","max-video-preview":"max-video-preview:-1"},"canonical":"https:\/\/tech-light.com.pl\/de\/produkt\/endkappen-set-p10-6\/","og_locale":"de_DE","og_type":"article","og_title":"Endkappen-Set P10-6 - Tech Light - Profile LED","og_description":"Aluminium-Endkappen f\u00fcr LED-Profile P10-6. In vielen Farben verf\u00fcgbar. Eleganter Abschluss der Beleuchtungsinstallation, einfache Montage, langlebige Ausf\u00fchrung.","og_url":"https:\/\/tech-light.com.pl\/de\/produkt\/endkappen-set-p10-6\/","og_site_name":"Tech Light - Profile LED","article_publisher":"https:\/\/www.facebook.com\/people\/Tech-Light\/100066483851004\/","article_modified_time":"2025-12-19T13:44:10+00:00","og_image":[{"width":1920,"height":1920,"url":"https:\/\/tech-light.com.pl\/wp-content\/uploads\/2024\/11\/zaslepki-p10-6-szary.jpg","type":"image\/jpeg"}],"twitter_card":"summary_large_image","schema":{"@context":"https:\/\/schema.org","@graph":[{"@type":"WebPage","@id":"https:\/\/tech-light.com.pl\/de\/produkt\/endkappen-set-p10-6\/","url":"https:\/\/tech-light.com.pl\/de\/produkt\/endkappen-set-p10-6\/","name":"Endkappen-Set P10-6 - Tech Light - Profile LED","isPartOf":{"@id":"https:\/\/tech-light.com.pl\/en\/#website"},"primaryImageOfPage":{"@id":"https:\/\/tech-light.com.pl\/de\/produkt\/endkappen-set-p10-6\/#primaryimage"},"image":{"@id":"https:\/\/tech-light.com.pl\/de\/produkt\/endkappen-set-p10-6\/#primaryimage"},"thumbnailUrl":"https:\/\/tech-light.com.pl\/wp-content\/uploads\/2024\/11\/zaslepki-p10-6-szary.jpg","datePublished":"2023-06-03T22:00:00+00:00","dateModified":"2025-12-19T13:44:10+00:00","breadcrumb":{"@id":"https:\/\/tech-light.com.pl\/de\/produkt\/endkappen-set-p10-6\/#breadcrumb"},"inLanguage":"de","potentialAction":[{"@type":"ReadAction","target":["https:\/\/tech-light.com.pl\/de\/produkt\/endkappen-set-p10-6\/"]}]},{"@type":"ImageObject","inLanguage":"de","@id":"https:\/\/tech-light.com.pl\/de\/produkt\/endkappen-set-p10-6\/#primaryimage","url":"https:\/\/tech-light.com.pl\/wp-content\/uploads\/2024\/11\/zaslepki-p10-6-szary.jpg","contentUrl":"https:\/\/tech-light.com.pl\/wp-content\/uploads\/2024\/11\/zaslepki-p10-6-szary.jpg","width":1920,"height":1920},{"@type":"BreadcrumbList","@id":"https:\/\/tech-light.com.pl\/de\/produkt\/endkappen-set-p10-6\/#breadcrumb","itemListElement":[{"@type":"ListItem","position":1,"name":"Strona g\u0142\u00f3wna","item":"https:\/\/tech-light.com.pl\/"},{"@type":"ListItem","position":2,"name":"Produkty","item":"https:\/\/tech-light.com.pl\/produkty\/"},{"@type":"ListItem","position":3,"name":"Endkappen-Set P10-6"}]},{"@type":"WebSite","@id":"https:\/\/tech-light.com.pl\/en\/#website","url":"https:\/\/tech-light.com.pl\/en\/","name":"Tech Light - Profile LED","description":"Rozwi\u0105zania PREMIUM w zasi\u0119gu Twojej r\u0119ki","publisher":{"@id":"https:\/\/tech-light.com.pl\/en\/#organization"},"alternateName":"Polski producent Profili LED","potentialAction":[{"@type":"SearchAction","target":{"@type":"EntryPoint","urlTemplate":"https:\/\/tech-light.com.pl\/en\/?s={search_term_string}"},"query-input":{"@type":"PropertyValueSpecification","valueRequired":true,"valueName":"search_term_string"}}],"inLanguage":"de"},{"@type":"Organization","@id":"https:\/\/tech-light.com.pl\/en\/#organization","name":"Tech-Light Sp. z o.o.","alternateName":"Tech Light - Profile LED","url":"https:\/\/tech-light.com.pl\/en\/","logo":{"@type":"ImageObject","inLanguage":"de","@id":"https:\/\/tech-light.com.pl\/en\/#\/schema\/logo\/image\/","url":"https:\/\/tech-light.com.pl\/wp-content\/uploads\/2024\/04\/tech-light-tl.jpg","contentUrl":"https:\/\/tech-light.com.pl\/wp-content\/uploads\/2024\/04\/tech-light-tl.jpg","width":696,"height":696,"caption":"Tech-Light Sp. z o.o."},"image":{"@id":"https:\/\/tech-light.com.pl\/en\/#\/schema\/logo\/image\/"},"sameAs":["https:\/\/www.facebook.com\/people\/Tech-Light\/100066483851004\/"]}]}},"_links":{"self":[{"href":"https:\/\/tech-light.com.pl\/de\/wp-json\/wp\/v2\/product\/34864","targetHints":{"allow":["GET"]}}],"collection":[{"href":"https:\/\/tech-light.com.pl\/de\/wp-json\/wp\/v2\/product"}],"about":[{"href":"https:\/\/tech-light.com.pl\/de\/wp-json\/wp\/v2\/types\/product"}],"wp:featuredmedia":[{"embeddable":true,"href":"https:\/\/tech-light.com.pl\/de\/wp-json\/wp\/v2\/media\/26659"}],"wp:attachment":[{"href":"https:\/\/tech-light.com.pl\/de\/wp-json\/wp\/v2\/media?parent=34864"}],"wp:term":[{"taxonomy":"product_brand","embeddable":true,"href":"https:\/\/tech-light.com.pl\/de\/wp-json\/wp\/v2\/product_brand?post=34864"},{"taxonomy":"product_cat","embeddable":true,"href":"https:\/\/tech-light.com.pl\/de\/wp-json\/wp\/v2\/product_cat?post=34864"},{"taxonomy":"product_tag","embeddable":true,"href":"https:\/\/tech-light.com.pl\/de\/wp-json\/wp\/v2\/product_tag?post=34864"}],"curies":[{"name":"wp","href":"https:\/\/api.w.org\/{rel}","templated":true}]}}