{"id":34840,"date":"2023-05-16T00:00:00","date_gmt":"2023-05-15T22:00:00","guid":{"rendered":"https:\/\/tech-light.com.pl\/product\/endkappen-set-p5-1-c1-c4\/"},"modified":"2025-12-19T14:41:33","modified_gmt":"2025-12-19T13:41:33","slug":"endkappen-set-p5-1-c1-c4","status":"publish","type":"product","link":"https:\/\/tech-light.com.pl\/de\/produkt\/endkappen-set-p5-1-c1-c4\/","title":{"rendered":"Endkappen-Set P5-1 [C1, C4]"},"content":{"rendered":"<p>Endkappen f\u00fcr LED-Profile sind ein unverzichtbares Abschlusselement jeder Beleuchtungsinstallation. Hergestellt aus hochwertigem Polypropylen, verbinden sie Funktionalit\u00e4t mit \u00c4sthetik und bieten professionellen Schutz f\u00fcr Profilenden. In vielen eleganten Farben erh\u00e4ltlich, erm\u00f6glichen sie eine perfekte Anpassung an das gew\u00e4hlte Profil und die Innenraumgestaltung. Sie bieten langanhaltenden Schutz vor Staub und Feuchtigkeit.<\/p>\n<p>Endkappen kompatibel mit Profil P5-1 sowie Abdeckungen C1 und C4. Pr\u00e4zise konstruiert, garantieren sie eine sichere und stabile Befestigung. Die einfache Montage erfordert keine Spezialwerkzeuge, was den Installationsprozess erheblich erleichtert.<\/p>\n","protected":false},"excerpt":{"rendered":"<p>Endkappen f\u00fcr LED-Profile P5-1 aus Polypropylen. In vielen Farben erh\u00e4ltlich, bieten sie ein \u00e4sthetisches Finish und Schutz der Installation. Einfache Montage ohne Spezialwerkzeug.<\/p>\n","protected":false},"featured_media":34002,"template":"","meta":{"_acf_changed":false,"inline_featured_image":false},"product_brand":[],"product_cat":[429,423],"product_tag":[],"class_list":{"0":"post-34840","1":"product","2":"type-product","3":"status-publish","4":"has-post-thumbnail","6":"product_cat-endkappe","7":"product_cat-zubehor","8":"pa_kolor-graphit","9":"pa_kolor-grau","10":"pa_kolor-schwarz","11":"pa_kolor-weiss","12":"pa_material-pp-de","14":"first","15":"instock","16":"product-type-simple"},"acf":[],"yoast_head":"<!-- This site is optimized with the Yoast SEO plugin v26.6 - https:\/\/yoast.com\/wordpress\/plugins\/seo\/ -->\n<title>Endkappen-Set P5-1 [C1, C4] - Tech Light - Profile LED<\/title>\n<meta name=\"robots\" content=\"index, follow, max-snippet:-1, max-image-preview:large, max-video-preview:-1\" \/>\n<link rel=\"canonical\" href=\"https:\/\/tech-light.com.pl\/de\/produkt\/endkappen-set-p5-1-c1-c4\/\" \/>\n<meta property=\"og:locale\" content=\"de_DE\" \/>\n<meta property=\"og:type\" content=\"article\" \/>\n<meta property=\"og:title\" content=\"Endkappen-Set P5-1 [C1, C4] - Tech Light - Profile LED\" \/>\n<meta property=\"og:description\" content=\"Endkappen f\u00fcr LED-Profile P5-1 aus Polypropylen. In vielen Farben erh\u00e4ltlich, bieten sie ein \u00e4sthetisches Finish und Schutz der Installation. Einfache Montage ohne Spezialwerkzeug.\" \/>\n<meta property=\"og:url\" content=\"https:\/\/tech-light.com.pl\/de\/produkt\/endkappen-set-p5-1-c1-c4\/\" \/>\n<meta property=\"og:site_name\" content=\"Tech Light - Profile LED\" \/>\n<meta property=\"article:publisher\" content=\"https:\/\/www.facebook.com\/people\/Tech-Light\/100066483851004\/\" \/>\n<meta property=\"article:modified_time\" content=\"2025-12-19T13:41:33+00:00\" \/>\n<meta property=\"og:image\" content=\"https:\/\/tech-light.com.pl\/wp-content\/uploads\/2024\/11\/zaslepki-p5-1-c1-c4-szary.jpg\" \/>\n\t<meta property=\"og:image:width\" content=\"1920\" \/>\n\t<meta property=\"og:image:height\" content=\"1920\" \/>\n\t<meta property=\"og:image:type\" content=\"image\/jpeg\" \/>\n<meta name=\"twitter:card\" content=\"summary_large_image\" \/>\n<script type=\"application\/ld+json\" class=\"yoast-schema-graph\">{\"@context\":\"https:\/\/schema.org\",\"@graph\":[{\"@type\":\"WebPage\",\"@id\":\"https:\/\/tech-light.com.pl\/de\/produkt\/endkappen-set-p5-1-c1-c4\/\",\"url\":\"https:\/\/tech-light.com.pl\/de\/produkt\/endkappen-set-p5-1-c1-c4\/\",\"name\":\"Endkappen-Set P5-1 [C1, C4] - Tech Light - Profile LED\",\"isPartOf\":{\"@id\":\"https:\/\/tech-light.com.pl\/en\/#website\"},\"primaryImageOfPage\":{\"@id\":\"https:\/\/tech-light.com.pl\/de\/produkt\/endkappen-set-p5-1-c1-c4\/#primaryimage\"},\"image\":{\"@id\":\"https:\/\/tech-light.com.pl\/de\/produkt\/endkappen-set-p5-1-c1-c4\/#primaryimage\"},\"thumbnailUrl\":\"https:\/\/tech-light.com.pl\/wp-content\/uploads\/2024\/11\/zaslepki-p5-1-c1-c4-szary.jpg\",\"datePublished\":\"2023-05-15T22:00:00+00:00\",\"dateModified\":\"2025-12-19T13:41:33+00:00\",\"breadcrumb\":{\"@id\":\"https:\/\/tech-light.com.pl\/de\/produkt\/endkappen-set-p5-1-c1-c4\/#breadcrumb\"},\"inLanguage\":\"de\",\"potentialAction\":[{\"@type\":\"ReadAction\",\"target\":[\"https:\/\/tech-light.com.pl\/de\/produkt\/endkappen-set-p5-1-c1-c4\/\"]}]},{\"@type\":\"ImageObject\",\"inLanguage\":\"de\",\"@id\":\"https:\/\/tech-light.com.pl\/de\/produkt\/endkappen-set-p5-1-c1-c4\/#primaryimage\",\"url\":\"https:\/\/tech-light.com.pl\/wp-content\/uploads\/2024\/11\/zaslepki-p5-1-c1-c4-szary.jpg\",\"contentUrl\":\"https:\/\/tech-light.com.pl\/wp-content\/uploads\/2024\/11\/zaslepki-p5-1-c1-c4-szary.jpg\",\"width\":1920,\"height\":1920},{\"@type\":\"BreadcrumbList\",\"@id\":\"https:\/\/tech-light.com.pl\/de\/produkt\/endkappen-set-p5-1-c1-c4\/#breadcrumb\",\"itemListElement\":[{\"@type\":\"ListItem\",\"position\":1,\"name\":\"Strona g\u0142\u00f3wna\",\"item\":\"https:\/\/tech-light.com.pl\/\"},{\"@type\":\"ListItem\",\"position\":2,\"name\":\"Produkty\",\"item\":\"https:\/\/tech-light.com.pl\/produkty\/\"},{\"@type\":\"ListItem\",\"position\":3,\"name\":\"Endkappen-Set P5-1 [C1, C4]\"}]},{\"@type\":\"WebSite\",\"@id\":\"https:\/\/tech-light.com.pl\/en\/#website\",\"url\":\"https:\/\/tech-light.com.pl\/en\/\",\"name\":\"Tech Light - Profile LED\",\"description\":\"Rozwi\u0105zania PREMIUM w zasi\u0119gu Twojej r\u0119ki\",\"publisher\":{\"@id\":\"https:\/\/tech-light.com.pl\/en\/#organization\"},\"alternateName\":\"Polski producent Profili LED\",\"potentialAction\":[{\"@type\":\"SearchAction\",\"target\":{\"@type\":\"EntryPoint\",\"urlTemplate\":\"https:\/\/tech-light.com.pl\/en\/?s={search_term_string}\"},\"query-input\":{\"@type\":\"PropertyValueSpecification\",\"valueRequired\":true,\"valueName\":\"search_term_string\"}}],\"inLanguage\":\"de\"},{\"@type\":\"Organization\",\"@id\":\"https:\/\/tech-light.com.pl\/en\/#organization\",\"name\":\"Tech-Light Sp. z o.o.\",\"alternateName\":\"Tech Light - Profile LED\",\"url\":\"https:\/\/tech-light.com.pl\/en\/\",\"logo\":{\"@type\":\"ImageObject\",\"inLanguage\":\"de\",\"@id\":\"https:\/\/tech-light.com.pl\/en\/#\/schema\/logo\/image\/\",\"url\":\"https:\/\/tech-light.com.pl\/wp-content\/uploads\/2024\/04\/tech-light-tl.jpg\",\"contentUrl\":\"https:\/\/tech-light.com.pl\/wp-content\/uploads\/2024\/04\/tech-light-tl.jpg\",\"width\":696,\"height\":696,\"caption\":\"Tech-Light Sp. z o.o.\"},\"image\":{\"@id\":\"https:\/\/tech-light.com.pl\/en\/#\/schema\/logo\/image\/\"},\"sameAs\":[\"https:\/\/www.facebook.com\/people\/Tech-Light\/100066483851004\/\"]}]}<\/script>\n<!-- \/ Yoast SEO plugin. -->","yoast_head_json":{"title":"Endkappen-Set P5-1 [C1, C4] - Tech Light - Profile LED","robots":{"index":"index","follow":"follow","max-snippet":"max-snippet:-1","max-image-preview":"max-image-preview:large","max-video-preview":"max-video-preview:-1"},"canonical":"https:\/\/tech-light.com.pl\/de\/produkt\/endkappen-set-p5-1-c1-c4\/","og_locale":"de_DE","og_type":"article","og_title":"Endkappen-Set P5-1 [C1, C4] - Tech Light - Profile LED","og_description":"Endkappen f\u00fcr LED-Profile P5-1 aus Polypropylen. In vielen Farben erh\u00e4ltlich, bieten sie ein \u00e4sthetisches Finish und Schutz der Installation. Einfache Montage ohne Spezialwerkzeug.","og_url":"https:\/\/tech-light.com.pl\/de\/produkt\/endkappen-set-p5-1-c1-c4\/","og_site_name":"Tech Light - Profile LED","article_publisher":"https:\/\/www.facebook.com\/people\/Tech-Light\/100066483851004\/","article_modified_time":"2025-12-19T13:41:33+00:00","og_image":[{"width":1920,"height":1920,"url":"https:\/\/tech-light.com.pl\/wp-content\/uploads\/2024\/11\/zaslepki-p5-1-c1-c4-szary.jpg","type":"image\/jpeg"}],"twitter_card":"summary_large_image","schema":{"@context":"https:\/\/schema.org","@graph":[{"@type":"WebPage","@id":"https:\/\/tech-light.com.pl\/de\/produkt\/endkappen-set-p5-1-c1-c4\/","url":"https:\/\/tech-light.com.pl\/de\/produkt\/endkappen-set-p5-1-c1-c4\/","name":"Endkappen-Set P5-1 [C1, C4] - Tech Light - Profile LED","isPartOf":{"@id":"https:\/\/tech-light.com.pl\/en\/#website"},"primaryImageOfPage":{"@id":"https:\/\/tech-light.com.pl\/de\/produkt\/endkappen-set-p5-1-c1-c4\/#primaryimage"},"image":{"@id":"https:\/\/tech-light.com.pl\/de\/produkt\/endkappen-set-p5-1-c1-c4\/#primaryimage"},"thumbnailUrl":"https:\/\/tech-light.com.pl\/wp-content\/uploads\/2024\/11\/zaslepki-p5-1-c1-c4-szary.jpg","datePublished":"2023-05-15T22:00:00+00:00","dateModified":"2025-12-19T13:41:33+00:00","breadcrumb":{"@id":"https:\/\/tech-light.com.pl\/de\/produkt\/endkappen-set-p5-1-c1-c4\/#breadcrumb"},"inLanguage":"de","potentialAction":[{"@type":"ReadAction","target":["https:\/\/tech-light.com.pl\/de\/produkt\/endkappen-set-p5-1-c1-c4\/"]}]},{"@type":"ImageObject","inLanguage":"de","@id":"https:\/\/tech-light.com.pl\/de\/produkt\/endkappen-set-p5-1-c1-c4\/#primaryimage","url":"https:\/\/tech-light.com.pl\/wp-content\/uploads\/2024\/11\/zaslepki-p5-1-c1-c4-szary.jpg","contentUrl":"https:\/\/tech-light.com.pl\/wp-content\/uploads\/2024\/11\/zaslepki-p5-1-c1-c4-szary.jpg","width":1920,"height":1920},{"@type":"BreadcrumbList","@id":"https:\/\/tech-light.com.pl\/de\/produkt\/endkappen-set-p5-1-c1-c4\/#breadcrumb","itemListElement":[{"@type":"ListItem","position":1,"name":"Strona g\u0142\u00f3wna","item":"https:\/\/tech-light.com.pl\/"},{"@type":"ListItem","position":2,"name":"Produkty","item":"https:\/\/tech-light.com.pl\/produkty\/"},{"@type":"ListItem","position":3,"name":"Endkappen-Set P5-1 [C1, C4]"}]},{"@type":"WebSite","@id":"https:\/\/tech-light.com.pl\/en\/#website","url":"https:\/\/tech-light.com.pl\/en\/","name":"Tech Light - Profile LED","description":"Rozwi\u0105zania PREMIUM w zasi\u0119gu Twojej r\u0119ki","publisher":{"@id":"https:\/\/tech-light.com.pl\/en\/#organization"},"alternateName":"Polski producent Profili LED","potentialAction":[{"@type":"SearchAction","target":{"@type":"EntryPoint","urlTemplate":"https:\/\/tech-light.com.pl\/en\/?s={search_term_string}"},"query-input":{"@type":"PropertyValueSpecification","valueRequired":true,"valueName":"search_term_string"}}],"inLanguage":"de"},{"@type":"Organization","@id":"https:\/\/tech-light.com.pl\/en\/#organization","name":"Tech-Light Sp. z o.o.","alternateName":"Tech Light - Profile LED","url":"https:\/\/tech-light.com.pl\/en\/","logo":{"@type":"ImageObject","inLanguage":"de","@id":"https:\/\/tech-light.com.pl\/en\/#\/schema\/logo\/image\/","url":"https:\/\/tech-light.com.pl\/wp-content\/uploads\/2024\/04\/tech-light-tl.jpg","contentUrl":"https:\/\/tech-light.com.pl\/wp-content\/uploads\/2024\/04\/tech-light-tl.jpg","width":696,"height":696,"caption":"Tech-Light Sp. z o.o."},"image":{"@id":"https:\/\/tech-light.com.pl\/en\/#\/schema\/logo\/image\/"},"sameAs":["https:\/\/www.facebook.com\/people\/Tech-Light\/100066483851004\/"]}]}},"_links":{"self":[{"href":"https:\/\/tech-light.com.pl\/de\/wp-json\/wp\/v2\/product\/34840","targetHints":{"allow":["GET"]}}],"collection":[{"href":"https:\/\/tech-light.com.pl\/de\/wp-json\/wp\/v2\/product"}],"about":[{"href":"https:\/\/tech-light.com.pl\/de\/wp-json\/wp\/v2\/types\/product"}],"wp:featuredmedia":[{"embeddable":true,"href":"https:\/\/tech-light.com.pl\/de\/wp-json\/wp\/v2\/media\/34002"}],"wp:attachment":[{"href":"https:\/\/tech-light.com.pl\/de\/wp-json\/wp\/v2\/media?parent=34840"}],"wp:term":[{"taxonomy":"product_brand","embeddable":true,"href":"https:\/\/tech-light.com.pl\/de\/wp-json\/wp\/v2\/product_brand?post=34840"},{"taxonomy":"product_cat","embeddable":true,"href":"https:\/\/tech-light.com.pl\/de\/wp-json\/wp\/v2\/product_cat?post=34840"},{"taxonomy":"product_tag","embeddable":true,"href":"https:\/\/tech-light.com.pl\/de\/wp-json\/wp\/v2\/product_tag?post=34840"}],"curies":[{"name":"wp","href":"https:\/\/api.w.org\/{rel}","templated":true}]}}