{"id":24187,"date":"2023-01-28T00:00:00","date_gmt":"2023-01-27T23:00:00","guid":{"rendered":"https:\/\/tech-light.com.pl\/product\/led-profil-p10-10\/"},"modified":"2025-12-11T07:33:23","modified_gmt":"2025-12-11T06:33:23","slug":"led-profil-p10-10","status":"publish","type":"product","link":"https:\/\/tech-light.com.pl\/de\/produkt\/led-profil-p10-10\/","title":{"rendered":"LED Profil P10-10"},"content":{"rendered":"<p>LED-Profil P10-10 ist eine innovative L\u00f6sung, die Beleuchtungs- und Konstruktionsfunktionen kombiniert. Aus hochwertigem Aluminium gefertigt, in vielen Farbvarianten erh\u00e4ltlich. Das Profil mit den Abmessungen 39\u00d757 mm verf\u00fcgt \u00fcber eine Schiene f\u00fcr LED-Streifen mit 10 mm Breite und zeichnet sich durch die Schutzklasse IP20 aus.<\/p>\n<p>Geeignet f\u00fcr SMD- und COB-LED-Streifen. Das Profil ist tragend \u2013 es h\u00e4lt Glasregale mit einer Tiefe bis zu 25 cm und einer Belastung bis zu 15 kg. Die Montage erfolgt mittels M\u00f6belschrauben. Erh\u00e4ltlich in Standardl\u00e4ngen und auf Bestellung.<\/p>\n<p>Anwendung:<br \/>\n&#8211; Hintergrundbeleuchtung von Glasregalen mit 10 mm Dicke<br \/>\n&#8211; Funktions-dekorative Beleuchtung in M\u00f6beln<br \/>\n&#8211; Regalsysteme mit Lichteffekt<br \/>\n&#8211; Ladenauslagen und Schaufenster<br \/>\n&#8211; Moderne L\u00f6sungen im K\u00fccheneinbau<\/p>\n<p><b>Toleranzwerte<\/b><br \/>\nL\u00e4ngentoleranz nach ISO 2768-9.<br \/>\nDie Tech Light Profile und Abdeckungen werden mit einer Plus-Toleranz hergestellt<\/p>\n","protected":false},"excerpt":{"rendered":"<p>LED-Profil P10-10 ist ein Aluminium-Schienenprofil zur Hintergrundbeleuchtung von Glasregalen mit 10 mm Dicke. In vielen Farben erh\u00e4ltlich, erf\u00fcllt es tragende und dekorative Funktionen. Montage mittels M\u00f6belschrauben.<\/p>\n","protected":false},"featured_media":26385,"template":"","meta":{"_acf_changed":false,"inline_featured_image":false},"product_brand":[],"product_cat":[431,474],"product_tag":[],"class_list":{"0":"post-24187","1":"product","2":"type-product","3":"status-publish","4":"has-post-thumbnail","6":"product_cat-led-profil","7":"product_cat-standardprofile-led-profil","8":"pa_dlugosci-1000-mm-de","9":"pa_dlugosci-2000-mm-de","10":"pa_dlugosci-3000-mm-de","11":"pa_dlugosci-4000-6000-mm-auf-anfrage","12":"pa_ilosc-led-1-de","13":"pa_ip-ip-20-de","14":"pa_kolor-graphit-pulverbeschichtet","15":"pa_kolor-schwarz-pulverbeschichtet","16":"pa_kolor-silber-eloxiert","17":"pa_kolor-weiss-pulverbeschichtet","18":"pa_material-aluminium-de","19":"pa_szerokosc-led-10-mm-de","20":"pa_typ-profilu-glaskantenprofil","22":"first","23":"instock","24":"product-type-simple"},"acf":[],"yoast_head":"<!-- This site is optimized with the Yoast SEO plugin v26.6 - https:\/\/yoast.com\/wordpress\/plugins\/seo\/ -->\n<title>LED Profil P10-10 - Tech Light - Profile LED<\/title>\n<meta name=\"robots\" content=\"index, follow, max-snippet:-1, max-image-preview:large, max-video-preview:-1\" \/>\n<link rel=\"canonical\" href=\"https:\/\/tech-light.com.pl\/de\/produkt\/led-profil-p10-10\/\" \/>\n<meta property=\"og:locale\" content=\"de_DE\" \/>\n<meta property=\"og:type\" content=\"article\" \/>\n<meta property=\"og:title\" content=\"LED Profil P10-10 - Tech Light - Profile LED\" \/>\n<meta property=\"og:description\" content=\"LED-Profil P10-10 ist ein Aluminium-Schienenprofil zur Hintergrundbeleuchtung von Glasregalen mit 10 mm Dicke. In vielen Farben erh\u00e4ltlich, erf\u00fcllt es tragende und dekorative Funktionen. Montage mittels M\u00f6belschrauben.\" \/>\n<meta property=\"og:url\" content=\"https:\/\/tech-light.com.pl\/de\/produkt\/led-profil-p10-10\/\" \/>\n<meta property=\"og:site_name\" content=\"Tech Light - Profile LED\" \/>\n<meta property=\"article:publisher\" content=\"https:\/\/www.facebook.com\/people\/Tech-Light\/100066483851004\/\" \/>\n<meta property=\"article:modified_time\" content=\"2025-12-11T06:33:23+00:00\" \/>\n<meta property=\"og:image\" content=\"https:\/\/tech-light.com.pl\/wp-content\/uploads\/2024\/11\/profil-led-p10-10-szary.jpg\" \/>\n\t<meta property=\"og:image:width\" content=\"1920\" \/>\n\t<meta property=\"og:image:height\" content=\"1920\" \/>\n\t<meta property=\"og:image:type\" content=\"image\/jpeg\" \/>\n<meta name=\"twitter:card\" content=\"summary_large_image\" \/>\n<meta name=\"twitter:label1\" content=\"Gesch\u00e4tzte Lesezeit\" \/>\n\t<meta name=\"twitter:data1\" content=\"1\u00a0Minute\" \/>\n<script type=\"application\/ld+json\" class=\"yoast-schema-graph\">{\"@context\":\"https:\/\/schema.org\",\"@graph\":[{\"@type\":\"WebPage\",\"@id\":\"https:\/\/tech-light.com.pl\/de\/produkt\/led-profil-p10-10\/\",\"url\":\"https:\/\/tech-light.com.pl\/de\/produkt\/led-profil-p10-10\/\",\"name\":\"LED Profil P10-10 - Tech Light - Profile LED\",\"isPartOf\":{\"@id\":\"https:\/\/tech-light.com.pl\/en\/#website\"},\"primaryImageOfPage\":{\"@id\":\"https:\/\/tech-light.com.pl\/de\/produkt\/led-profil-p10-10\/#primaryimage\"},\"image\":{\"@id\":\"https:\/\/tech-light.com.pl\/de\/produkt\/led-profil-p10-10\/#primaryimage\"},\"thumbnailUrl\":\"https:\/\/tech-light.com.pl\/wp-content\/uploads\/2024\/11\/profil-led-p10-10-szary.jpg\",\"datePublished\":\"2023-01-27T23:00:00+00:00\",\"dateModified\":\"2025-12-11T06:33:23+00:00\",\"breadcrumb\":{\"@id\":\"https:\/\/tech-light.com.pl\/de\/produkt\/led-profil-p10-10\/#breadcrumb\"},\"inLanguage\":\"de\",\"potentialAction\":[{\"@type\":\"ReadAction\",\"target\":[\"https:\/\/tech-light.com.pl\/de\/produkt\/led-profil-p10-10\/\"]}]},{\"@type\":\"ImageObject\",\"inLanguage\":\"de\",\"@id\":\"https:\/\/tech-light.com.pl\/de\/produkt\/led-profil-p10-10\/#primaryimage\",\"url\":\"https:\/\/tech-light.com.pl\/wp-content\/uploads\/2024\/11\/profil-led-p10-10-szary.jpg\",\"contentUrl\":\"https:\/\/tech-light.com.pl\/wp-content\/uploads\/2024\/11\/profil-led-p10-10-szary.jpg\",\"width\":1920,\"height\":1920},{\"@type\":\"BreadcrumbList\",\"@id\":\"https:\/\/tech-light.com.pl\/de\/produkt\/led-profil-p10-10\/#breadcrumb\",\"itemListElement\":[{\"@type\":\"ListItem\",\"position\":1,\"name\":\"Strona g\u0142\u00f3wna\",\"item\":\"https:\/\/tech-light.com.pl\/\"},{\"@type\":\"ListItem\",\"position\":2,\"name\":\"Produkty\",\"item\":\"https:\/\/tech-light.com.pl\/produkty\/\"},{\"@type\":\"ListItem\",\"position\":3,\"name\":\"LED Profil P10-10\"}]},{\"@type\":\"WebSite\",\"@id\":\"https:\/\/tech-light.com.pl\/en\/#website\",\"url\":\"https:\/\/tech-light.com.pl\/en\/\",\"name\":\"Tech Light - Profile LED\",\"description\":\"Rozwi\u0105zania PREMIUM w zasi\u0119gu Twojej r\u0119ki\",\"publisher\":{\"@id\":\"https:\/\/tech-light.com.pl\/en\/#organization\"},\"alternateName\":\"Polski producent Profili LED\",\"potentialAction\":[{\"@type\":\"SearchAction\",\"target\":{\"@type\":\"EntryPoint\",\"urlTemplate\":\"https:\/\/tech-light.com.pl\/en\/?s={search_term_string}\"},\"query-input\":{\"@type\":\"PropertyValueSpecification\",\"valueRequired\":true,\"valueName\":\"search_term_string\"}}],\"inLanguage\":\"de\"},{\"@type\":\"Organization\",\"@id\":\"https:\/\/tech-light.com.pl\/en\/#organization\",\"name\":\"Tech-Light Sp. z o.o.\",\"alternateName\":\"Tech Light - Profile LED\",\"url\":\"https:\/\/tech-light.com.pl\/en\/\",\"logo\":{\"@type\":\"ImageObject\",\"inLanguage\":\"de\",\"@id\":\"https:\/\/tech-light.com.pl\/en\/#\/schema\/logo\/image\/\",\"url\":\"https:\/\/tech-light.com.pl\/wp-content\/uploads\/2024\/04\/tech-light-tl.jpg\",\"contentUrl\":\"https:\/\/tech-light.com.pl\/wp-content\/uploads\/2024\/04\/tech-light-tl.jpg\",\"width\":696,\"height\":696,\"caption\":\"Tech-Light Sp. z o.o.\"},\"image\":{\"@id\":\"https:\/\/tech-light.com.pl\/en\/#\/schema\/logo\/image\/\"},\"sameAs\":[\"https:\/\/www.facebook.com\/people\/Tech-Light\/100066483851004\/\"]}]}<\/script>\n<!-- \/ Yoast SEO plugin. -->","yoast_head_json":{"title":"LED Profil P10-10 - Tech Light - Profile LED","robots":{"index":"index","follow":"follow","max-snippet":"max-snippet:-1","max-image-preview":"max-image-preview:large","max-video-preview":"max-video-preview:-1"},"canonical":"https:\/\/tech-light.com.pl\/de\/produkt\/led-profil-p10-10\/","og_locale":"de_DE","og_type":"article","og_title":"LED Profil P10-10 - Tech Light - Profile LED","og_description":"LED-Profil P10-10 ist ein Aluminium-Schienenprofil zur Hintergrundbeleuchtung von Glasregalen mit 10 mm Dicke. In vielen Farben erh\u00e4ltlich, erf\u00fcllt es tragende und dekorative Funktionen. Montage mittels M\u00f6belschrauben.","og_url":"https:\/\/tech-light.com.pl\/de\/produkt\/led-profil-p10-10\/","og_site_name":"Tech Light - Profile LED","article_publisher":"https:\/\/www.facebook.com\/people\/Tech-Light\/100066483851004\/","article_modified_time":"2025-12-11T06:33:23+00:00","og_image":[{"width":1920,"height":1920,"url":"https:\/\/tech-light.com.pl\/wp-content\/uploads\/2024\/11\/profil-led-p10-10-szary.jpg","type":"image\/jpeg"}],"twitter_card":"summary_large_image","twitter_misc":{"Gesch\u00e4tzte Lesezeit":"1\u00a0Minute"},"schema":{"@context":"https:\/\/schema.org","@graph":[{"@type":"WebPage","@id":"https:\/\/tech-light.com.pl\/de\/produkt\/led-profil-p10-10\/","url":"https:\/\/tech-light.com.pl\/de\/produkt\/led-profil-p10-10\/","name":"LED Profil P10-10 - Tech Light - Profile LED","isPartOf":{"@id":"https:\/\/tech-light.com.pl\/en\/#website"},"primaryImageOfPage":{"@id":"https:\/\/tech-light.com.pl\/de\/produkt\/led-profil-p10-10\/#primaryimage"},"image":{"@id":"https:\/\/tech-light.com.pl\/de\/produkt\/led-profil-p10-10\/#primaryimage"},"thumbnailUrl":"https:\/\/tech-light.com.pl\/wp-content\/uploads\/2024\/11\/profil-led-p10-10-szary.jpg","datePublished":"2023-01-27T23:00:00+00:00","dateModified":"2025-12-11T06:33:23+00:00","breadcrumb":{"@id":"https:\/\/tech-light.com.pl\/de\/produkt\/led-profil-p10-10\/#breadcrumb"},"inLanguage":"de","potentialAction":[{"@type":"ReadAction","target":["https:\/\/tech-light.com.pl\/de\/produkt\/led-profil-p10-10\/"]}]},{"@type":"ImageObject","inLanguage":"de","@id":"https:\/\/tech-light.com.pl\/de\/produkt\/led-profil-p10-10\/#primaryimage","url":"https:\/\/tech-light.com.pl\/wp-content\/uploads\/2024\/11\/profil-led-p10-10-szary.jpg","contentUrl":"https:\/\/tech-light.com.pl\/wp-content\/uploads\/2024\/11\/profil-led-p10-10-szary.jpg","width":1920,"height":1920},{"@type":"BreadcrumbList","@id":"https:\/\/tech-light.com.pl\/de\/produkt\/led-profil-p10-10\/#breadcrumb","itemListElement":[{"@type":"ListItem","position":1,"name":"Strona g\u0142\u00f3wna","item":"https:\/\/tech-light.com.pl\/"},{"@type":"ListItem","position":2,"name":"Produkty","item":"https:\/\/tech-light.com.pl\/produkty\/"},{"@type":"ListItem","position":3,"name":"LED Profil P10-10"}]},{"@type":"WebSite","@id":"https:\/\/tech-light.com.pl\/en\/#website","url":"https:\/\/tech-light.com.pl\/en\/","name":"Tech Light - Profile LED","description":"Rozwi\u0105zania PREMIUM w zasi\u0119gu Twojej r\u0119ki","publisher":{"@id":"https:\/\/tech-light.com.pl\/en\/#organization"},"alternateName":"Polski producent Profili LED","potentialAction":[{"@type":"SearchAction","target":{"@type":"EntryPoint","urlTemplate":"https:\/\/tech-light.com.pl\/en\/?s={search_term_string}"},"query-input":{"@type":"PropertyValueSpecification","valueRequired":true,"valueName":"search_term_string"}}],"inLanguage":"de"},{"@type":"Organization","@id":"https:\/\/tech-light.com.pl\/en\/#organization","name":"Tech-Light Sp. z o.o.","alternateName":"Tech Light - Profile LED","url":"https:\/\/tech-light.com.pl\/en\/","logo":{"@type":"ImageObject","inLanguage":"de","@id":"https:\/\/tech-light.com.pl\/en\/#\/schema\/logo\/image\/","url":"https:\/\/tech-light.com.pl\/wp-content\/uploads\/2024\/04\/tech-light-tl.jpg","contentUrl":"https:\/\/tech-light.com.pl\/wp-content\/uploads\/2024\/04\/tech-light-tl.jpg","width":696,"height":696,"caption":"Tech-Light Sp. z o.o."},"image":{"@id":"https:\/\/tech-light.com.pl\/en\/#\/schema\/logo\/image\/"},"sameAs":["https:\/\/www.facebook.com\/people\/Tech-Light\/100066483851004\/"]}]}},"_links":{"self":[{"href":"https:\/\/tech-light.com.pl\/de\/wp-json\/wp\/v2\/product\/24187","targetHints":{"allow":["GET"]}}],"collection":[{"href":"https:\/\/tech-light.com.pl\/de\/wp-json\/wp\/v2\/product"}],"about":[{"href":"https:\/\/tech-light.com.pl\/de\/wp-json\/wp\/v2\/types\/product"}],"wp:featuredmedia":[{"embeddable":true,"href":"https:\/\/tech-light.com.pl\/de\/wp-json\/wp\/v2\/media\/26385"}],"wp:attachment":[{"href":"https:\/\/tech-light.com.pl\/de\/wp-json\/wp\/v2\/media?parent=24187"}],"wp:term":[{"taxonomy":"product_brand","embeddable":true,"href":"https:\/\/tech-light.com.pl\/de\/wp-json\/wp\/v2\/product_brand?post=24187"},{"taxonomy":"product_cat","embeddable":true,"href":"https:\/\/tech-light.com.pl\/de\/wp-json\/wp\/v2\/product_cat?post=24187"},{"taxonomy":"product_tag","embeddable":true,"href":"https:\/\/tech-light.com.pl\/de\/wp-json\/wp\/v2\/product_tag?post=24187"}],"curies":[{"name":"wp","href":"https:\/\/api.w.org\/{rel}","templated":true}]}}