{"id":24186,"date":"2023-01-28T00:00:00","date_gmt":"2023-01-27T23:00:00","guid":{"rendered":"https:\/\/tech-light.com.pl\/product\/led-profil-p10-8\/"},"modified":"2025-12-11T07:33:15","modified_gmt":"2025-12-11T06:33:15","slug":"led-profil-p10-8","status":"publish","type":"product","link":"https:\/\/tech-light.com.pl\/de\/produkt\/led-profil-p10-8\/","title":{"rendered":"LED Profil P10-8"},"content":{"rendered":"<p>LED-Profil P10-8 ist eine spezialisierte Schienenl\u00f6sung zur Beleuchtung von 8 mm dicken Glasb\u00f6den. Hergestellt aus hochwertigem Aluminium, in vielen Farbvarianten erh\u00e4ltlich. Das Profil wird in Standardl\u00e4ngen sowie auf Bestellung angeboten. Es zeichnet sich durch Abmessungen von 39 mm Breite und 55 mm H\u00f6he aus, mit Raum f\u00fcr LED-Streifen bis 9 mm Breite.<\/p>\n<p>Das Profil erf\u00fcllt eine Doppelfunktion \u2013 es ist sowohl Beleuchtungselement als auch tragendes Element und h\u00e4lt Belastungen bis 15 kg f\u00fcr B\u00f6den mit einer Tiefe bis zu 25 cm aus. Kompatibel mit SMD- und COB-LED-Streifen. Die Montage erfolgt mit M\u00f6belschrauben.<\/p>\n<p>Anwendung:<br \/>\n&#8211; Beleuchtung von 8 mm dicken Glasb\u00f6den<br \/>\n&#8211; Funktionsbeleuchtung in M\u00f6beln<br \/>\n&#8211; Installationen, die eine Kombination aus tragender und beleuchtender Funktion erfordern<\/p>\n<p><b>Toleranzwerte<\/b><br \/>\nL\u00e4ngentoleranz nach ISO 2768-9.<br \/>\nDie Tech Light Profile und Abdeckungen werden mit einer Plus-Toleranz hergestellt<\/p>\n","protected":false},"excerpt":{"rendered":"<p>LED-Profil P10-8 ist ein Aluminium-Schienenprofil zur Beleuchtung von 8 mm dicken Glasb\u00f6den. In vielen Farben erh\u00e4ltlich, dient es als tragendes Element f\u00fcr B\u00f6den bis zu 25 cm Tiefe.<\/p>\n","protected":false},"featured_media":26358,"template":"","meta":{"_acf_changed":false,"inline_featured_image":false},"product_brand":[],"product_cat":[431,474],"product_tag":[],"class_list":{"0":"post-24186","1":"product","2":"type-product","3":"status-publish","4":"has-post-thumbnail","6":"product_cat-led-profil","7":"product_cat-standardprofile-led-profil","8":"pa_dlugosci-1000-mm-de","9":"pa_dlugosci-2000-mm-de","10":"pa_ilosc-led-1-de","11":"pa_ip-ip-20-de","12":"pa_kolor-graphit-pulverbeschichtet","13":"pa_kolor-schwarz-pulverbeschichtet","14":"pa_kolor-silber-eloxiert","15":"pa_kolor-weiss-pulverbeschichtet","16":"pa_material-aluminium-de","17":"pa_szerokosc-led-9-mm-de","18":"pa_typ-profilu-glaskantenprofil","20":"first","21":"instock","22":"product-type-simple"},"acf":[],"yoast_head":"<!-- This site is optimized with the Yoast SEO plugin v26.6 - https:\/\/yoast.com\/wordpress\/plugins\/seo\/ -->\n<title>LED Profil P10-8 - Tech Light - Profile LED<\/title>\n<meta name=\"robots\" content=\"index, follow, max-snippet:-1, max-image-preview:large, max-video-preview:-1\" \/>\n<link rel=\"canonical\" href=\"https:\/\/tech-light.com.pl\/de\/produkt\/led-profil-p10-8\/\" \/>\n<meta property=\"og:locale\" content=\"de_DE\" \/>\n<meta property=\"og:type\" content=\"article\" \/>\n<meta property=\"og:title\" content=\"LED Profil P10-8 - Tech Light - Profile LED\" \/>\n<meta property=\"og:description\" content=\"LED-Profil P10-8 ist ein Aluminium-Schienenprofil zur Beleuchtung von 8 mm dicken Glasb\u00f6den. In vielen Farben erh\u00e4ltlich, dient es als tragendes Element f\u00fcr B\u00f6den bis zu 25 cm Tiefe.\" \/>\n<meta property=\"og:url\" content=\"https:\/\/tech-light.com.pl\/de\/produkt\/led-profil-p10-8\/\" \/>\n<meta property=\"og:site_name\" content=\"Tech Light - Profile LED\" \/>\n<meta property=\"article:publisher\" content=\"https:\/\/www.facebook.com\/people\/Tech-Light\/100066483851004\/\" \/>\n<meta property=\"article:modified_time\" content=\"2025-12-11T06:33:15+00:00\" \/>\n<meta property=\"og:image\" content=\"https:\/\/tech-light.com.pl\/wp-content\/uploads\/2024\/11\/profil-led-p10-8-szary.jpg\" \/>\n\t<meta property=\"og:image:width\" content=\"1920\" \/>\n\t<meta property=\"og:image:height\" content=\"1920\" \/>\n\t<meta property=\"og:image:type\" content=\"image\/jpeg\" \/>\n<meta name=\"twitter:card\" content=\"summary_large_image\" \/>\n<meta name=\"twitter:label1\" content=\"Gesch\u00e4tzte Lesezeit\" \/>\n\t<meta name=\"twitter:data1\" content=\"1\u00a0Minute\" \/>\n<script type=\"application\/ld+json\" class=\"yoast-schema-graph\">{\"@context\":\"https:\/\/schema.org\",\"@graph\":[{\"@type\":\"WebPage\",\"@id\":\"https:\/\/tech-light.com.pl\/de\/produkt\/led-profil-p10-8\/\",\"url\":\"https:\/\/tech-light.com.pl\/de\/produkt\/led-profil-p10-8\/\",\"name\":\"LED Profil P10-8 - Tech Light - Profile LED\",\"isPartOf\":{\"@id\":\"https:\/\/tech-light.com.pl\/en\/#website\"},\"primaryImageOfPage\":{\"@id\":\"https:\/\/tech-light.com.pl\/de\/produkt\/led-profil-p10-8\/#primaryimage\"},\"image\":{\"@id\":\"https:\/\/tech-light.com.pl\/de\/produkt\/led-profil-p10-8\/#primaryimage\"},\"thumbnailUrl\":\"https:\/\/tech-light.com.pl\/wp-content\/uploads\/2024\/11\/profil-led-p10-8-szary.jpg\",\"datePublished\":\"2023-01-27T23:00:00+00:00\",\"dateModified\":\"2025-12-11T06:33:15+00:00\",\"breadcrumb\":{\"@id\":\"https:\/\/tech-light.com.pl\/de\/produkt\/led-profil-p10-8\/#breadcrumb\"},\"inLanguage\":\"de\",\"potentialAction\":[{\"@type\":\"ReadAction\",\"target\":[\"https:\/\/tech-light.com.pl\/de\/produkt\/led-profil-p10-8\/\"]}]},{\"@type\":\"ImageObject\",\"inLanguage\":\"de\",\"@id\":\"https:\/\/tech-light.com.pl\/de\/produkt\/led-profil-p10-8\/#primaryimage\",\"url\":\"https:\/\/tech-light.com.pl\/wp-content\/uploads\/2024\/11\/profil-led-p10-8-szary.jpg\",\"contentUrl\":\"https:\/\/tech-light.com.pl\/wp-content\/uploads\/2024\/11\/profil-led-p10-8-szary.jpg\",\"width\":1920,\"height\":1920},{\"@type\":\"BreadcrumbList\",\"@id\":\"https:\/\/tech-light.com.pl\/de\/produkt\/led-profil-p10-8\/#breadcrumb\",\"itemListElement\":[{\"@type\":\"ListItem\",\"position\":1,\"name\":\"Strona g\u0142\u00f3wna\",\"item\":\"https:\/\/tech-light.com.pl\/\"},{\"@type\":\"ListItem\",\"position\":2,\"name\":\"Produkty\",\"item\":\"https:\/\/tech-light.com.pl\/produkty\/\"},{\"@type\":\"ListItem\",\"position\":3,\"name\":\"LED Profil P10-8\"}]},{\"@type\":\"WebSite\",\"@id\":\"https:\/\/tech-light.com.pl\/en\/#website\",\"url\":\"https:\/\/tech-light.com.pl\/en\/\",\"name\":\"Tech Light - Profile LED\",\"description\":\"Rozwi\u0105zania PREMIUM w zasi\u0119gu Twojej r\u0119ki\",\"publisher\":{\"@id\":\"https:\/\/tech-light.com.pl\/en\/#organization\"},\"alternateName\":\"Polski producent Profili LED\",\"potentialAction\":[{\"@type\":\"SearchAction\",\"target\":{\"@type\":\"EntryPoint\",\"urlTemplate\":\"https:\/\/tech-light.com.pl\/en\/?s={search_term_string}\"},\"query-input\":{\"@type\":\"PropertyValueSpecification\",\"valueRequired\":true,\"valueName\":\"search_term_string\"}}],\"inLanguage\":\"de\"},{\"@type\":\"Organization\",\"@id\":\"https:\/\/tech-light.com.pl\/en\/#organization\",\"name\":\"Tech-Light Sp. z o.o.\",\"alternateName\":\"Tech Light - Profile LED\",\"url\":\"https:\/\/tech-light.com.pl\/en\/\",\"logo\":{\"@type\":\"ImageObject\",\"inLanguage\":\"de\",\"@id\":\"https:\/\/tech-light.com.pl\/en\/#\/schema\/logo\/image\/\",\"url\":\"https:\/\/tech-light.com.pl\/wp-content\/uploads\/2024\/04\/tech-light-tl.jpg\",\"contentUrl\":\"https:\/\/tech-light.com.pl\/wp-content\/uploads\/2024\/04\/tech-light-tl.jpg\",\"width\":696,\"height\":696,\"caption\":\"Tech-Light Sp. z o.o.\"},\"image\":{\"@id\":\"https:\/\/tech-light.com.pl\/en\/#\/schema\/logo\/image\/\"},\"sameAs\":[\"https:\/\/www.facebook.com\/people\/Tech-Light\/100066483851004\/\"]}]}<\/script>\n<!-- \/ Yoast SEO plugin. -->","yoast_head_json":{"title":"LED Profil P10-8 - Tech Light - Profile LED","robots":{"index":"index","follow":"follow","max-snippet":"max-snippet:-1","max-image-preview":"max-image-preview:large","max-video-preview":"max-video-preview:-1"},"canonical":"https:\/\/tech-light.com.pl\/de\/produkt\/led-profil-p10-8\/","og_locale":"de_DE","og_type":"article","og_title":"LED Profil P10-8 - Tech Light - Profile LED","og_description":"LED-Profil P10-8 ist ein Aluminium-Schienenprofil zur Beleuchtung von 8 mm dicken Glasb\u00f6den. In vielen Farben erh\u00e4ltlich, dient es als tragendes Element f\u00fcr B\u00f6den bis zu 25 cm Tiefe.","og_url":"https:\/\/tech-light.com.pl\/de\/produkt\/led-profil-p10-8\/","og_site_name":"Tech Light - Profile LED","article_publisher":"https:\/\/www.facebook.com\/people\/Tech-Light\/100066483851004\/","article_modified_time":"2025-12-11T06:33:15+00:00","og_image":[{"width":1920,"height":1920,"url":"https:\/\/tech-light.com.pl\/wp-content\/uploads\/2024\/11\/profil-led-p10-8-szary.jpg","type":"image\/jpeg"}],"twitter_card":"summary_large_image","twitter_misc":{"Gesch\u00e4tzte Lesezeit":"1\u00a0Minute"},"schema":{"@context":"https:\/\/schema.org","@graph":[{"@type":"WebPage","@id":"https:\/\/tech-light.com.pl\/de\/produkt\/led-profil-p10-8\/","url":"https:\/\/tech-light.com.pl\/de\/produkt\/led-profil-p10-8\/","name":"LED Profil P10-8 - Tech Light - Profile LED","isPartOf":{"@id":"https:\/\/tech-light.com.pl\/en\/#website"},"primaryImageOfPage":{"@id":"https:\/\/tech-light.com.pl\/de\/produkt\/led-profil-p10-8\/#primaryimage"},"image":{"@id":"https:\/\/tech-light.com.pl\/de\/produkt\/led-profil-p10-8\/#primaryimage"},"thumbnailUrl":"https:\/\/tech-light.com.pl\/wp-content\/uploads\/2024\/11\/profil-led-p10-8-szary.jpg","datePublished":"2023-01-27T23:00:00+00:00","dateModified":"2025-12-11T06:33:15+00:00","breadcrumb":{"@id":"https:\/\/tech-light.com.pl\/de\/produkt\/led-profil-p10-8\/#breadcrumb"},"inLanguage":"de","potentialAction":[{"@type":"ReadAction","target":["https:\/\/tech-light.com.pl\/de\/produkt\/led-profil-p10-8\/"]}]},{"@type":"ImageObject","inLanguage":"de","@id":"https:\/\/tech-light.com.pl\/de\/produkt\/led-profil-p10-8\/#primaryimage","url":"https:\/\/tech-light.com.pl\/wp-content\/uploads\/2024\/11\/profil-led-p10-8-szary.jpg","contentUrl":"https:\/\/tech-light.com.pl\/wp-content\/uploads\/2024\/11\/profil-led-p10-8-szary.jpg","width":1920,"height":1920},{"@type":"BreadcrumbList","@id":"https:\/\/tech-light.com.pl\/de\/produkt\/led-profil-p10-8\/#breadcrumb","itemListElement":[{"@type":"ListItem","position":1,"name":"Strona g\u0142\u00f3wna","item":"https:\/\/tech-light.com.pl\/"},{"@type":"ListItem","position":2,"name":"Produkty","item":"https:\/\/tech-light.com.pl\/produkty\/"},{"@type":"ListItem","position":3,"name":"LED Profil P10-8"}]},{"@type":"WebSite","@id":"https:\/\/tech-light.com.pl\/en\/#website","url":"https:\/\/tech-light.com.pl\/en\/","name":"Tech Light - Profile LED","description":"Rozwi\u0105zania PREMIUM w zasi\u0119gu Twojej r\u0119ki","publisher":{"@id":"https:\/\/tech-light.com.pl\/en\/#organization"},"alternateName":"Polski producent Profili LED","potentialAction":[{"@type":"SearchAction","target":{"@type":"EntryPoint","urlTemplate":"https:\/\/tech-light.com.pl\/en\/?s={search_term_string}"},"query-input":{"@type":"PropertyValueSpecification","valueRequired":true,"valueName":"search_term_string"}}],"inLanguage":"de"},{"@type":"Organization","@id":"https:\/\/tech-light.com.pl\/en\/#organization","name":"Tech-Light Sp. z o.o.","alternateName":"Tech Light - Profile LED","url":"https:\/\/tech-light.com.pl\/en\/","logo":{"@type":"ImageObject","inLanguage":"de","@id":"https:\/\/tech-light.com.pl\/en\/#\/schema\/logo\/image\/","url":"https:\/\/tech-light.com.pl\/wp-content\/uploads\/2024\/04\/tech-light-tl.jpg","contentUrl":"https:\/\/tech-light.com.pl\/wp-content\/uploads\/2024\/04\/tech-light-tl.jpg","width":696,"height":696,"caption":"Tech-Light Sp. z o.o."},"image":{"@id":"https:\/\/tech-light.com.pl\/en\/#\/schema\/logo\/image\/"},"sameAs":["https:\/\/www.facebook.com\/people\/Tech-Light\/100066483851004\/"]}]}},"_links":{"self":[{"href":"https:\/\/tech-light.com.pl\/de\/wp-json\/wp\/v2\/product\/24186","targetHints":{"allow":["GET"]}}],"collection":[{"href":"https:\/\/tech-light.com.pl\/de\/wp-json\/wp\/v2\/product"}],"about":[{"href":"https:\/\/tech-light.com.pl\/de\/wp-json\/wp\/v2\/types\/product"}],"wp:featuredmedia":[{"embeddable":true,"href":"https:\/\/tech-light.com.pl\/de\/wp-json\/wp\/v2\/media\/26358"}],"wp:attachment":[{"href":"https:\/\/tech-light.com.pl\/de\/wp-json\/wp\/v2\/media?parent=24186"}],"wp:term":[{"taxonomy":"product_brand","embeddable":true,"href":"https:\/\/tech-light.com.pl\/de\/wp-json\/wp\/v2\/product_brand?post=24186"},{"taxonomy":"product_cat","embeddable":true,"href":"https:\/\/tech-light.com.pl\/de\/wp-json\/wp\/v2\/product_cat?post=24186"},{"taxonomy":"product_tag","embeddable":true,"href":"https:\/\/tech-light.com.pl\/de\/wp-json\/wp\/v2\/product_tag?post=24186"}],"curies":[{"name":"wp","href":"https:\/\/api.w.org\/{rel}","templated":true}]}}