{"id":12560,"date":"2023-01-28T00:00:00","date_gmt":"2023-01-27T23:00:00","guid":{"rendered":"https:\/\/tech-light.com.pl\/product\/led-profil-p10-1\/"},"modified":"2025-12-11T07:32:59","modified_gmt":"2025-12-11T06:32:59","slug":"led-profil-p10-1","status":"publish","type":"product","link":"https:\/\/tech-light.com.pl\/de\/produkt\/led-profil-p10-1\/","title":{"rendered":"LED Profil P10-1"},"content":{"rendered":"<p>LED-Profil P10-1 ist eine spezialisierte Glasregal-L\u00f6sung zur Beleuchtung von Glasregalen verschiedener Dicken. Hergestellt aus hochwertigem Aluminium, in verschiedenen Farbvarianten erh\u00e4ltlich. Das Profil mit den Abmessungen 48 mm Breite und 51,9 mm H\u00f6he wird in Standardl\u00e4ngen und auf Bestellung bis zu 6000 mm angeboten. Charakterisiert durch Schutzart IP20.<\/p>\n<p>Das Profil erm\u00f6glicht die gleichzeitige Montage von zwei LED-Streifen, wodurch sowohl die Glaskanten als auch die R\u00fcckseite des Regals beleuchtet werden k\u00f6nnen. Kompatibel mit verschiedenen Abdeckungstypen, geeignet f\u00fcr SMD- und COB-LED-Streifen. Montage mit M\u00f6belschrauben.<\/p>\n<p>Anwendung:<br \/>\n&#8211; Beleuchtung von Glasregalen verschiedener Dicken<br \/>\n&#8211; Tragendes Regalprofil f\u00fcr Tiefen bis 25 cm mit Belastung bis 6 kg<br \/>\n&#8211; Glaskantenbeleuchtung<br \/>\n&#8211; Dekorative Beleuchtung in M\u00f6beln<br \/>\n&#8211; Kommerzielle und private Installationen<\/p>\n<p><b>Toleranzwerte<\/b><br \/>\nL\u00e4ngentoleranz nach ISO 2768-9.<br \/>\nDie Tech Light Profile und Abdeckungen werden mit einer Plus-Toleranz hergestellt<\/p>\n","protected":false},"excerpt":{"rendered":"<p>LED-Aluminiumprofil f\u00fcr Glasregal-Montage. Erm\u00f6glicht Kantenbeleuchtung des Glases und Hintergrundbeleuchtung des Regals. In verschiedenen Farben und L\u00e4ngen erh\u00e4ltlich.<\/p>\n","protected":false},"featured_media":29725,"template":"","meta":{"_acf_changed":false,"inline_featured_image":false},"product_brand":[],"product_cat":[431,474],"product_tag":[],"class_list":{"0":"post-12560","1":"product","2":"type-product","3":"status-publish","4":"has-post-thumbnail","6":"product_cat-led-profil","7":"product_cat-standardprofile-led-profil","8":"pa_dlugosci-1000-mm-de","9":"pa_dlugosci-2000-mm-de","10":"pa_dlugosci-3000-6000-mm-auf-anfrage","11":"pa_ilosc-led-1-de","12":"pa_ip-ip-20-de","13":"pa_kolor-graphit-pulverbeschichtet","14":"pa_kolor-schwarz-pulverbeschichtet","15":"pa_kolor-silber-eloxiert","16":"pa_kolor-weiss-pulverbeschichtet","17":"pa_material-aluminium-de","18":"pa_oslonki-abdeckung-c1","19":"pa_oslonki-abdeckung-c11","20":"pa_oslonki-abdeckung-c13","21":"pa_oslonki-abdeckung-c14","22":"pa_oslonki-abdeckung-c4","23":"pa_szerokosc-led-12-mm-10-mm-de","24":"pa_typ-profilu-glaskantenprofil","26":"first","27":"instock","28":"product-type-simple"},"acf":[],"yoast_head":"<!-- This site is optimized with the Yoast SEO plugin v26.6 - https:\/\/yoast.com\/wordpress\/plugins\/seo\/ -->\n<title>LED Profil P10-1 - Tech Light - Profile LED<\/title>\n<meta name=\"robots\" content=\"index, follow, max-snippet:-1, max-image-preview:large, max-video-preview:-1\" \/>\n<link rel=\"canonical\" href=\"https:\/\/tech-light.com.pl\/de\/produkt\/led-profil-p10-1\/\" \/>\n<meta property=\"og:locale\" content=\"de_DE\" \/>\n<meta property=\"og:type\" content=\"article\" \/>\n<meta property=\"og:title\" content=\"LED Profil P10-1 - Tech Light - Profile LED\" \/>\n<meta property=\"og:description\" content=\"LED-Aluminiumprofil f\u00fcr Glasregal-Montage. Erm\u00f6glicht Kantenbeleuchtung des Glases und Hintergrundbeleuchtung des Regals. In verschiedenen Farben und L\u00e4ngen erh\u00e4ltlich.\" \/>\n<meta property=\"og:url\" content=\"https:\/\/tech-light.com.pl\/de\/produkt\/led-profil-p10-1\/\" \/>\n<meta property=\"og:site_name\" content=\"Tech Light - Profile LED\" \/>\n<meta property=\"article:publisher\" content=\"https:\/\/www.facebook.com\/people\/Tech-Light\/100066483851004\/\" \/>\n<meta property=\"article:modified_time\" content=\"2025-12-11T06:32:59+00:00\" \/>\n<meta property=\"og:image\" content=\"https:\/\/tech-light.com.pl\/wp-content\/uploads\/2024\/11\/profil-led-p10-1-szary.jpg\" \/>\n\t<meta property=\"og:image:width\" content=\"1920\" \/>\n\t<meta property=\"og:image:height\" content=\"1920\" \/>\n\t<meta property=\"og:image:type\" content=\"image\/jpeg\" \/>\n<meta name=\"twitter:card\" content=\"summary_large_image\" \/>\n<meta name=\"twitter:label1\" content=\"Gesch\u00e4tzte Lesezeit\" \/>\n\t<meta name=\"twitter:data1\" content=\"1\u00a0Minute\" \/>\n<script type=\"application\/ld+json\" class=\"yoast-schema-graph\">{\"@context\":\"https:\/\/schema.org\",\"@graph\":[{\"@type\":\"WebPage\",\"@id\":\"https:\/\/tech-light.com.pl\/de\/produkt\/led-profil-p10-1\/\",\"url\":\"https:\/\/tech-light.com.pl\/de\/produkt\/led-profil-p10-1\/\",\"name\":\"LED Profil P10-1 - Tech Light - Profile LED\",\"isPartOf\":{\"@id\":\"https:\/\/tech-light.com.pl\/en\/#website\"},\"primaryImageOfPage\":{\"@id\":\"https:\/\/tech-light.com.pl\/de\/produkt\/led-profil-p10-1\/#primaryimage\"},\"image\":{\"@id\":\"https:\/\/tech-light.com.pl\/de\/produkt\/led-profil-p10-1\/#primaryimage\"},\"thumbnailUrl\":\"https:\/\/tech-light.com.pl\/wp-content\/uploads\/2024\/11\/profil-led-p10-1-szary.jpg\",\"datePublished\":\"2023-01-27T23:00:00+00:00\",\"dateModified\":\"2025-12-11T06:32:59+00:00\",\"breadcrumb\":{\"@id\":\"https:\/\/tech-light.com.pl\/de\/produkt\/led-profil-p10-1\/#breadcrumb\"},\"inLanguage\":\"de\",\"potentialAction\":[{\"@type\":\"ReadAction\",\"target\":[\"https:\/\/tech-light.com.pl\/de\/produkt\/led-profil-p10-1\/\"]}]},{\"@type\":\"ImageObject\",\"inLanguage\":\"de\",\"@id\":\"https:\/\/tech-light.com.pl\/de\/produkt\/led-profil-p10-1\/#primaryimage\",\"url\":\"https:\/\/tech-light.com.pl\/wp-content\/uploads\/2024\/11\/profil-led-p10-1-szary.jpg\",\"contentUrl\":\"https:\/\/tech-light.com.pl\/wp-content\/uploads\/2024\/11\/profil-led-p10-1-szary.jpg\",\"width\":1920,\"height\":1920},{\"@type\":\"BreadcrumbList\",\"@id\":\"https:\/\/tech-light.com.pl\/de\/produkt\/led-profil-p10-1\/#breadcrumb\",\"itemListElement\":[{\"@type\":\"ListItem\",\"position\":1,\"name\":\"Strona g\u0142\u00f3wna\",\"item\":\"https:\/\/tech-light.com.pl\/\"},{\"@type\":\"ListItem\",\"position\":2,\"name\":\"Produkty\",\"item\":\"https:\/\/tech-light.com.pl\/produkty\/\"},{\"@type\":\"ListItem\",\"position\":3,\"name\":\"LED Profil P10-1\"}]},{\"@type\":\"WebSite\",\"@id\":\"https:\/\/tech-light.com.pl\/en\/#website\",\"url\":\"https:\/\/tech-light.com.pl\/en\/\",\"name\":\"Tech Light - Profile LED\",\"description\":\"Rozwi\u0105zania PREMIUM w zasi\u0119gu Twojej r\u0119ki\",\"publisher\":{\"@id\":\"https:\/\/tech-light.com.pl\/en\/#organization\"},\"alternateName\":\"Polski producent Profili LED\",\"potentialAction\":[{\"@type\":\"SearchAction\",\"target\":{\"@type\":\"EntryPoint\",\"urlTemplate\":\"https:\/\/tech-light.com.pl\/en\/?s={search_term_string}\"},\"query-input\":{\"@type\":\"PropertyValueSpecification\",\"valueRequired\":true,\"valueName\":\"search_term_string\"}}],\"inLanguage\":\"de\"},{\"@type\":\"Organization\",\"@id\":\"https:\/\/tech-light.com.pl\/en\/#organization\",\"name\":\"Tech-Light Sp. z o.o.\",\"alternateName\":\"Tech Light - Profile LED\",\"url\":\"https:\/\/tech-light.com.pl\/en\/\",\"logo\":{\"@type\":\"ImageObject\",\"inLanguage\":\"de\",\"@id\":\"https:\/\/tech-light.com.pl\/en\/#\/schema\/logo\/image\/\",\"url\":\"https:\/\/tech-light.com.pl\/wp-content\/uploads\/2024\/04\/tech-light-tl.jpg\",\"contentUrl\":\"https:\/\/tech-light.com.pl\/wp-content\/uploads\/2024\/04\/tech-light-tl.jpg\",\"width\":696,\"height\":696,\"caption\":\"Tech-Light Sp. z o.o.\"},\"image\":{\"@id\":\"https:\/\/tech-light.com.pl\/en\/#\/schema\/logo\/image\/\"},\"sameAs\":[\"https:\/\/www.facebook.com\/people\/Tech-Light\/100066483851004\/\"]}]}<\/script>\n<!-- \/ Yoast SEO plugin. -->","yoast_head_json":{"title":"LED Profil P10-1 - Tech Light - Profile LED","robots":{"index":"index","follow":"follow","max-snippet":"max-snippet:-1","max-image-preview":"max-image-preview:large","max-video-preview":"max-video-preview:-1"},"canonical":"https:\/\/tech-light.com.pl\/de\/produkt\/led-profil-p10-1\/","og_locale":"de_DE","og_type":"article","og_title":"LED Profil P10-1 - Tech Light - Profile LED","og_description":"LED-Aluminiumprofil f\u00fcr Glasregal-Montage. Erm\u00f6glicht Kantenbeleuchtung des Glases und Hintergrundbeleuchtung des Regals. In verschiedenen Farben und L\u00e4ngen erh\u00e4ltlich.","og_url":"https:\/\/tech-light.com.pl\/de\/produkt\/led-profil-p10-1\/","og_site_name":"Tech Light - Profile LED","article_publisher":"https:\/\/www.facebook.com\/people\/Tech-Light\/100066483851004\/","article_modified_time":"2025-12-11T06:32:59+00:00","og_image":[{"width":1920,"height":1920,"url":"https:\/\/tech-light.com.pl\/wp-content\/uploads\/2024\/11\/profil-led-p10-1-szary.jpg","type":"image\/jpeg"}],"twitter_card":"summary_large_image","twitter_misc":{"Gesch\u00e4tzte Lesezeit":"1\u00a0Minute"},"schema":{"@context":"https:\/\/schema.org","@graph":[{"@type":"WebPage","@id":"https:\/\/tech-light.com.pl\/de\/produkt\/led-profil-p10-1\/","url":"https:\/\/tech-light.com.pl\/de\/produkt\/led-profil-p10-1\/","name":"LED Profil P10-1 - Tech Light - Profile LED","isPartOf":{"@id":"https:\/\/tech-light.com.pl\/en\/#website"},"primaryImageOfPage":{"@id":"https:\/\/tech-light.com.pl\/de\/produkt\/led-profil-p10-1\/#primaryimage"},"image":{"@id":"https:\/\/tech-light.com.pl\/de\/produkt\/led-profil-p10-1\/#primaryimage"},"thumbnailUrl":"https:\/\/tech-light.com.pl\/wp-content\/uploads\/2024\/11\/profil-led-p10-1-szary.jpg","datePublished":"2023-01-27T23:00:00+00:00","dateModified":"2025-12-11T06:32:59+00:00","breadcrumb":{"@id":"https:\/\/tech-light.com.pl\/de\/produkt\/led-profil-p10-1\/#breadcrumb"},"inLanguage":"de","potentialAction":[{"@type":"ReadAction","target":["https:\/\/tech-light.com.pl\/de\/produkt\/led-profil-p10-1\/"]}]},{"@type":"ImageObject","inLanguage":"de","@id":"https:\/\/tech-light.com.pl\/de\/produkt\/led-profil-p10-1\/#primaryimage","url":"https:\/\/tech-light.com.pl\/wp-content\/uploads\/2024\/11\/profil-led-p10-1-szary.jpg","contentUrl":"https:\/\/tech-light.com.pl\/wp-content\/uploads\/2024\/11\/profil-led-p10-1-szary.jpg","width":1920,"height":1920},{"@type":"BreadcrumbList","@id":"https:\/\/tech-light.com.pl\/de\/produkt\/led-profil-p10-1\/#breadcrumb","itemListElement":[{"@type":"ListItem","position":1,"name":"Strona g\u0142\u00f3wna","item":"https:\/\/tech-light.com.pl\/"},{"@type":"ListItem","position":2,"name":"Produkty","item":"https:\/\/tech-light.com.pl\/produkty\/"},{"@type":"ListItem","position":3,"name":"LED Profil P10-1"}]},{"@type":"WebSite","@id":"https:\/\/tech-light.com.pl\/en\/#website","url":"https:\/\/tech-light.com.pl\/en\/","name":"Tech Light - Profile LED","description":"Rozwi\u0105zania PREMIUM w zasi\u0119gu Twojej r\u0119ki","publisher":{"@id":"https:\/\/tech-light.com.pl\/en\/#organization"},"alternateName":"Polski producent Profili LED","potentialAction":[{"@type":"SearchAction","target":{"@type":"EntryPoint","urlTemplate":"https:\/\/tech-light.com.pl\/en\/?s={search_term_string}"},"query-input":{"@type":"PropertyValueSpecification","valueRequired":true,"valueName":"search_term_string"}}],"inLanguage":"de"},{"@type":"Organization","@id":"https:\/\/tech-light.com.pl\/en\/#organization","name":"Tech-Light Sp. z o.o.","alternateName":"Tech Light - Profile LED","url":"https:\/\/tech-light.com.pl\/en\/","logo":{"@type":"ImageObject","inLanguage":"de","@id":"https:\/\/tech-light.com.pl\/en\/#\/schema\/logo\/image\/","url":"https:\/\/tech-light.com.pl\/wp-content\/uploads\/2024\/04\/tech-light-tl.jpg","contentUrl":"https:\/\/tech-light.com.pl\/wp-content\/uploads\/2024\/04\/tech-light-tl.jpg","width":696,"height":696,"caption":"Tech-Light Sp. z o.o."},"image":{"@id":"https:\/\/tech-light.com.pl\/en\/#\/schema\/logo\/image\/"},"sameAs":["https:\/\/www.facebook.com\/people\/Tech-Light\/100066483851004\/"]}]}},"_links":{"self":[{"href":"https:\/\/tech-light.com.pl\/de\/wp-json\/wp\/v2\/product\/12560","targetHints":{"allow":["GET"]}}],"collection":[{"href":"https:\/\/tech-light.com.pl\/de\/wp-json\/wp\/v2\/product"}],"about":[{"href":"https:\/\/tech-light.com.pl\/de\/wp-json\/wp\/v2\/types\/product"}],"wp:featuredmedia":[{"embeddable":true,"href":"https:\/\/tech-light.com.pl\/de\/wp-json\/wp\/v2\/media\/29725"}],"wp:attachment":[{"href":"https:\/\/tech-light.com.pl\/de\/wp-json\/wp\/v2\/media?parent=12560"}],"wp:term":[{"taxonomy":"product_brand","embeddable":true,"href":"https:\/\/tech-light.com.pl\/de\/wp-json\/wp\/v2\/product_brand?post=12560"},{"taxonomy":"product_cat","embeddable":true,"href":"https:\/\/tech-light.com.pl\/de\/wp-json\/wp\/v2\/product_cat?post=12560"},{"taxonomy":"product_tag","embeddable":true,"href":"https:\/\/tech-light.com.pl\/de\/wp-json\/wp\/v2\/product_tag?post=12560"}],"curies":[{"name":"wp","href":"https:\/\/api.w.org\/{rel}","templated":true}]}}