{"id":8891,"date":"2023-03-13T10:15:42","date_gmt":"2023-03-13T09:15:42","guid":{"rendered":"https:\/\/tech-light.com.pl\/home\/"},"modified":"2026-02-19T12:49:16","modified_gmt":"2026-02-19T11:49:16","slug":"home","status":"publish","type":"page","link":"https:\/\/tech-light.com.pl\/de\/","title":{"rendered":"Home"},"content":{"rendered":"<div class=\"wpb-content-wrapper\"><p>[vc_row full_width=&#8220;stretch_row&#8220; bg_overlay_mode=&#8220;image&#8220; bg_overlay_opacity=&#8220;100&#8243; custom_parallax_type=&#8220;vertical_parallax&#8220; custom_parallax_bg_repeat=&#8220;no-repeat&#8220; custom_parallax_speed=&#8220;60&#8243; css=&#8220;.vc_custom_1679561988172{margin-bottom: 0px !important;padding-top: 40px !important;padding-bottom: 0px !important;background-position: center !important;background-repeat: no-repeat !important;background-size: cover !important;}&#8220; bg_overlay_image=&#8220;226&#8243; el_class=&#8220;home_row-1&#8243;][vc_column][vc_empty_space height=&#8220;150px&#8220; el_class=&#8220;mobile-none&#8220;][g5element_heading title=&#8220;Premiumklasse<br \/>\nin Deiner Reichweite&#8220; subtitle=&#8220;TECH LIGHT&#8220; tag_html=&#8220;1&#8243; title_typography=&#8220;%7B%22font_family%22%3A%22Syne%22%2C%22font_weight%22%3A%22700%22%2C%22font_style%22%3A%22normal%22%2C%22font_size_lg%22%3A%22%22%2C%22font_size_md%22%3A%2280%22%2C%22font_size_sm%22%3A%22%22%2C%22font_size_xs%22%3A%2240%22%2C%22align%22%3A%22%22%2C%22text_transform%22%3A%22%22%2C%22line_height%22%3A%22%22%2C%22letter_spacing%22%3A%22%22%2C%22color%22%3A%22light%22%2C%22hover_color%22%3A%22light%22%7D&#8220; subtitle_typography=&#8220;%7B%22font_family%22%3A%22Syne%22%2C%22font_weight%22%3A%22400%22%2C%22font_style%22%3A%22normal%22%2C%22font_size_lg%22%3A%2216%22%2C%22font_size_md%22%3A%22%22%2C%22font_size_sm%22%3A%22%22%2C%22font_size_xs%22%3A%22%22%2C%22align%22%3A%22%22%2C%22text_transform%22%3A%22%22%2C%22line_height%22%3A%22%22%2C%22letter_spacing%22%3A%22%22%2C%22color%22%3A%22light%22%2C%22hover_color%22%3A%22light%22%7D&#8220; css_animation=&#8220;fadeInLeft&#8220; css=&#8220;.vc_custom_1686830502163{margin-bottom: 25px !important;}&#8220;][vc_row_inner el_class=&#8220;flex_button_and_text&#8220;][vc_column_inner][g5element_button title=&#8220;Unsere 3D-Inspirationen&#8220; link=&#8220;url:%2Fde%2Finspiracje%2F&#8220; el_class=&#8220;button_1&#8243;][vc_column_text css=&#8220;.vc_custom_1688115412504{background-position: 0 0 !important;background-repeat: no-repeat !important;}&#8220; el_class=&#8220;link_number_phone_icon&#8220;]<\/p>\n<p style=\"text-align: right;\">Fragen? <strong>Schreib uns<\/strong><\/p>\n<p style=\"text-align: right;\"><a href=\"mailto:info@tech-light.com.pl\" target=\"_blank\" rel=\"noopener\">info@tech-light.com.pl<\/a><\/p>\n<p>[\/vc_column_text][\/vc_column_inner][\/vc_row_inner][vc_empty_space height=&#8220;154px&#8220; el_class=&#8220;mobile-none&#8220;][vc_row_inner content_placement=&#8220;bottom&#8220;][vc_column_inner el_class=&#8220;two_button_col&#8220; width=&#8220;1\/2&#8243; offset=&#8220;vc_col-lg-8 vc_col-md-6&#8243;][vc_btn title=&#8220;<strong>LED-Profile<\/strong>Komplettes Angebot&#8220; link=&#8220;url:%2Fde%2Fproduct-category%2Fprofile-led%2F&#8220; el_class=&#8220;button_2&#8243;][vc_btn title=&#8220;<strong>LED-Zubeh\u00f6r<\/strong>Alles n\u00fctzlich&#8220; link=&#8220;url:https%3A%2F%2Ftech-light.com.pl%2Fde%2Fprodukt-kategorie%2Fakcesoria-led-de%2F&#8220; el_class=&#8220;button_3&#8243;][\/vc_column_inner][vc_column_inner width=&#8220;1\/2&#8243; offset=&#8220;vc_col-lg-4 vc_col-md-6&#8243;][g5element_button title=&#8220;Unser TECH Light Katalog&#8220; align=&#8220;right&#8220; el_class=&#8220;button_4&#8243; link=&#8220;url:https%3A%2F%2Ftech-light.com.pl%2Fkatalog%2Ftech-light-2025-de.pdf|target:_blank&#8220;][\/vc_column_inner][\/vc_row_inner][\/vc_column][\/vc_row][vc_row content_placement=&#8220;bottom&#8220; el_class=&#8220;home_row-2&#8243; css=&#8220;.vc_custom_1679304114099{margin-top: 35px !important;}&#8220;][vc_column][vc_empty_space height=&#8220;10px&#8220; el_class=&#8220;mobile-none&#8220;][\/vc_column][vc_column offset=&#8220;vc_col-md-8&#8243;][g5element_heading title=&#8220;TECH Light produziert seit 2015 einzigartige LED-Profile&#8220; subtitle=&#8220;TECH LIGHT &#8211; LED-PROFILE&#8220; subtitle_typography=&#8220;%7B%22font_family%22%3A%22%22%2C%22font_weight%22%3A%22%22%2C%22font_style%22%3A%22%22%2C%22font_size_lg%22%3A%2214%22%2C%22font_size_md%22%3A%22%22%2C%22font_size_sm%22%3A%22%22%2C%22font_size_xs%22%3A%22%22%2C%22align%22%3A%22%22%2C%22text_transform%22%3A%22%22%2C%22line_height%22%3A%22%22%2C%22letter_spacing%22%3A%22%22%2C%22color%22%3A%22secondary%22%2C%22hover_color%22%3A%22%22%7D&#8220; css=&#8220;.vc_custom_1771497350255{margin-bottom: 34px !important;}&#8220;][vc_column_text css=&#8220;&#8220;]Das Unternehmen TECH Light stellt einzigartige Aluminiumprofile, LED-B\u00e4nder und besondere Abdeckungen aus UV-best\u00e4ndigem Polycarbonat her. Dank einer eigenen Lackiererei ist es in der Lage individuelle Anforderungen des Kunden auszuf\u00fchren. TECH Light geht immer auf die Bed\u00fcrfnisse und Anforderungen seiner Kunden ein und erweitert sein Produktangebot systematisch.[\/vc_column_text][\/vc_column][vc_column offset=&#8220;vc_col-md-4&#8243;][vc_single_image image=&#8220;66&#8243; img_size=&#8220;full&#8220; alignment=&#8220;right&#8220; css_animation=&#8220;fadeInRight&#8220;][\/vc_column][\/vc_row][vc_row full_width=&#8220;stretch_row&#8220; css=&#8220;.vc_custom_1679057039786{background-color: #f8f8f8 !important;}&#8220; el_class=&#8220;home_row-3&#8243;][vc_column el_class=&#8220;title&#8220;][g5element_heading title=&#8220;Die beliebtesten LED-Profile&#8220; subtitle=&#8220;Beliebt&#8220; subtitle_typography=&#8220;%7B%22font_family%22%3A%22%22%2C%22font_weight%22%3A%22%22%2C%22font_style%22%3A%22%22%2C%22font_size_lg%22%3A%22%22%2C%22font_size_md%22%3A%22%22%2C%22font_size_sm%22%3A%22%22%2C%22font_size_xs%22%3A%22%22%2C%22align%22%3A%22%22%2C%22text_transform%22%3A%22%22%2C%22line_height%22%3A%22%22%2C%22letter_spacing%22%3A%22%22%2C%22color%22%3A%22secondary%22%2C%22hover_color%22%3A%22%22%7D&#8220;][g5element_button title=&#8220;LED-Profilkatalog&#8220; align=&#8220;right&#8220; link=&#8220;url:https%3A%2F%2Ftech-light.com.pl%2Fkatalog%2Ftech-light-2025-de.pdf|target:_blank&#8220; el_class=&#8220;button_1&#8243;][\/vc_column][vc_column el_class=&#8220;products_col&#8220;][g5element_products excerpt_enable=&#8220;on&#8220; columns_gutter=&#8220;10&#8243; posts_per_page=&#8220;12&#8243; cat=&#8220;431&#8243; el_class=&#8220;products_list_custom&#8220;][g5element_button title=&#8220;Komplettes Angebot&#8220; align=&#8220;center&#8220; link=&#8220;url:https%3A%2F%2Ftech-light.com.pl%2Fde%2Fshop%2F&#8220; el_class=&#8220;button_1&#8243;][vc_empty_space height=&#8220;35px&#8220; el_class=&#8220;mobile-none&#8220;][\/vc_column][\/vc_row][vc_row gap=&#8220;35&#8243; css=&#8220;.vc_custom_1679304228758{margin-top: 35px !important;}&#8220; el_class=&#8220;home_row-4&#8243;][vc_column width=&#8220;1\/3&#8243;][g5element_heading title=&#8220;Durch die Einsetzung von hochwertigen LED-L\u00f6sungen und -Profilen streben wir an, eine f\u00fchrende Position auf dem europ\u00e4ischen Markt einzunehmen.&#8220; title_typography=&#8220;%7B%22font_family%22%3A%22Syne%22%2C%22font_weight%22%3A%22400%22%2C%22font_style%22%3A%22normal%22%2C%22font_size_lg%22%3A%22%22%2C%22font_size_md%22%3A%22%22%2C%22font_size_sm%22%3A%22%22%2C%22font_size_xs%22%3A%22%22%2C%22align%22%3A%22%22%2C%22text_transform%22%3A%22%22%2C%22line_height%22%3A%2250px%22%2C%22letter_spacing%22%3A%22%22%2C%22color%22%3A%22%22%2C%22hover_color%22%3A%22%22%7D&#8220; css=&#8220;.vc_custom_1688116062040{margin-bottom: 30px !important;}&#8220;][g5element_button title=&#8220;weitere Informationen&#8220; align=&#8220;left&#8220; link=&#8220;url:%2Fde%2Fo-firmie%2F&#8220; el_class=&#8220;button_5&#8243;][\/vc_column][vc_column width=&#8220;1\/3&#8243;][vc_column_text css=&#8220;&#8220;]Ziel des Unternehmens ist es, im Bereich der Beleuchtungsprofile eine f\u00fchrende Position einzunehmen. Die Design\u2013 und Vertriebsabteilung von TECH Light entwickeln und bringen jedes Jahr mehrere neue Profildesigns auf den Markt, die die h\u00f6chsten Anforderungen der Kunden erf\u00fcllen sowie an den Markttrends orientiert sind.[\/vc_column_text][\/vc_column][vc_column width=&#8220;1\/3&#8243;][vc_column_text]Wir bieten Aluminium-LED-Profile der folgenden Typen an:[\/vc_column_text][vc_column_text el_class=&#8220;list_two_col square_li_item&#8220;]<\/p>\n<ul>\n<li>Linear<\/li>\n<li>Oberfl\u00e4chen<\/li>\n<li>Eck<\/li>\n<li>Einbau<\/li>\n<li>Glaskanten<\/li>\n<li>Garderobenstangen<\/li>\n<li>M\u00f6bel<\/li>\n<li>Sockel<\/li>\n<li>Beleuchtungs<\/li>\n<li>Hermetische Profile<\/li>\n<li>Architektonische Profile<\/li>\n<\/ul>\n<p>[\/vc_column_text][\/vc_column][vc_column offset=&#8220;vc_hidden-sm vc_hidden-xs&#8220;][vc_empty_space height=&#8220;45px&#8220; el_class=&#8220;mobile-none&#8220;][\/vc_column][\/vc_row][vc_row css=&#8220;.vc_custom_1679297322522{background-color: #f4f6f9 !important;}&#8220; el_class=&#8220;home_row-5&#8243;][vc_column width=&#8220;5\/12&#8243; el_class=&#8220;text_col&#8220;][g5element_heading title=&#8220;TECH Light erstellt hochwertige LED-Profile, die den individuellen B2B-Kundenbed\u00fcrfnissen entsprechen. Wir setzen auf produkteigene L\u00f6sungen, die woanders nicht anzutreffen sind.&#8220; subtitle=&#8220;LED-L\u00f6sungen&#8220; subtitle_typography=&#8220;%7B%22font_family%22%3A%22Syne%22%2C%22font_weight%22%3A%22700%22%2C%22font_style%22%3A%22normal%22%2C%22font_size_lg%22%3A%2214%22%2C%22font_size_md%22%3A%22%22%2C%22font_size_sm%22%3A%22%22%2C%22font_size_xs%22%3A%22%22%2C%22align%22%3A%22%22%2C%22text_transform%22%3A%22uppercase%22%2C%22line_height%22%3A%2220px%22%2C%22letter_spacing%22%3A%22%22%2C%22color%22%3A%22%23ffc224%22%2C%22hover_color%22%3A%22%22%7D&#8220;][vc_column_text css=&#8220;&#8220; el_class=&#8220;fs-18&#8243;]Das Produktangebot von TECH Light umfasst Aluminiuml\u00f6sungen f\u00fcr die unterschiedlichsten Montageverwendungen. Bei unseren Produkten gehen wir von den Erwartungen des Kunden aus sowohl in der Anwendung- als auch in der Farbwahl.[\/vc_column_text][vc_column_text el_class=&#8220;link_number_phone_icon black_text syne_font&#8220;]<\/p>\n<p style=\"text-align: left;\">Fragen? <strong>Schreib uns<\/strong><\/p>\n<p style=\"text-align: left;\"><a href=\"mailto:info@tech-light.com.pl\" target=\"_blank\" rel=\"noopener\">info@tech-light.com.pl<\/a><\/p>\n<p>[\/vc_column_text][vc_empty_space el_class=&#8220;mobile-none&#8220;][\/vc_column][vc_column width=&#8220;7\/12&#8243; el_class=&#8220;img_col&#8220;][vc_single_image image=&#8220;76&#8243; img_size=&#8220;341&#215;358&#8243; alignment=&#8220;right&#8220; css_animation=&#8220;fadeInLeft&#8220; el_class=&#8220;img-1 img_border_radius-20 zoom_hover_photo&#8220;][vc_single_image image=&#8220;77&#8243; img_size=&#8220;full&#8220; alignment=&#8220;center&#8220; css_animation=&#8220;fadeInRight&#8220; el_class=&#8220;img-2 img_border_radius-12 zoom_hover_photo&#8220;][\/vc_column][\/vc_row][vc_row full_width=&#8220;stretch_row&#8220; el_class=&#8220;home_row-3&#8243;][vc_column el_class=&#8220;title&#8220;][g5element_heading title=&#8220;Inspirationen&#8220; subtitle_typography=&#8220;%7B%22font_family%22%3A%22%22%2C%22font_weight%22%3A%22%22%2C%22font_style%22%3A%22%22%2C%22font_size_lg%22%3A%22%22%2C%22font_size_md%22%3A%22%22%2C%22font_size_sm%22%3A%22%22%2C%22font_size_xs%22%3A%22%22%2C%22align%22%3A%22%22%2C%22text_transform%22%3A%22%22%2C%22line_height%22%3A%22%22%2C%22letter_spacing%22%3A%22%22%2C%22color%22%3A%22secondary%22%2C%22hover_color%22%3A%22%22%7D&#8220;][g5element_button title=&#8220;Mehr&#8220; align=&#8220;right&#8220; link=&#8220;url:https%3A%2F%2Ftech-light.com.pl%2Fde%2Finspiracje%2F&#8220; el_class=&#8220;button_1&#8243;][\/vc_column][vc_column el_class=&#8220;products_col&#8220;][g5element_gallery_slider image_size=&#8220;large&#8220; images=&#8220;378,368,363,360,354,349,343&#8243;][vc_empty_space height=&#8220;35px&#8220; el_class=&#8220;mobile-none&#8220;][\/vc_column][\/vc_row]<\/p>\n<\/div>","protected":false},"excerpt":{"rendered":"<p>[vc_row full_width=&#8220;stretch_row&#8220; bg_overlay_mode=&#8220;image&#8220; bg_overlay_opacity=&#8220;100&#8243; custom_parallax_type=&#8220;vertical_parallax&#8220; custom_parallax_bg_repeat=&#8220;no-repeat&#8220; custom_parallax_speed=&#8220;60&#8243; css=&#8220;.vc_custom_1679561988172{margin-bottom: 0px !important;padding-top: 40px !important;padding-bottom: 0px !important;background-position: center !important;background-repeat: no-repeat !important;background-size: cover !important;}&#8220; bg_overlay_image=&#8220;226&#8243; el_class=&#8220;home_row-1&#8243;][vc_column][vc_empty_space height=&#8220;150px&#8220; el_class=&#8220;mobile-none&#8220;][g5element_heading title=&#8220;Premiumklasse in Deiner Reichweite&#8220; subtitle=&#8220;TECH LIGHT&#8220; tag_html=&#8220;1&#8243; title_typography=&#8220;%7B%22font_family%22%3A%22Syne%22%2C%22font_weight%22%3A%22700%22%2C%22font_style%22%3A%22normal%22%2C%22font_size_lg%22%3A%22%22%2C%22font_size_md%22%3A%2280%22%2C%22font_size_sm%22%3A%22%22%2C%22font_size_xs%22%3A%2240%22%2C%22align%22%3A%22%22%2C%22text_transform%22%3A%22%22%2C%22line_height%22%3A%22%22%2C%22letter_spacing%22%3A%22%22%2C%22color%22%3A%22light%22%2C%22hover_color%22%3A%22light%22%7D&#8220; subtitle_typography=&#8220;%7B%22font_family%22%3A%22Syne%22%2C%22font_weight%22%3A%22400%22%2C%22font_style%22%3A%22normal%22%2C%22font_size_lg%22%3A%2216%22%2C%22font_size_md%22%3A%22%22%2C%22font_size_sm%22%3A%22%22%2C%22font_size_xs%22%3A%22%22%2C%22align%22%3A%22%22%2C%22text_transform%22%3A%22%22%2C%22line_height%22%3A%22%22%2C%22letter_spacing%22%3A%22%22%2C%22color%22%3A%22light%22%2C%22hover_color%22%3A%22light%22%7D&#8220; css_animation=&#8220;fadeInLeft&#8220; css=&#8220;.vc_custom_1686830502163{margin-bottom: 25px !important;}&#8220;][vc_row_inner el_class=&#8220;flex_button_and_text&#8220;][vc_column_inner][g5element_button title=&#8220;Unsere 3D-Inspirationen&#8220; link=&#8220;url:%2Fde%2Finspiracje%2F&#8220; el_class=&#8220;button_1&#8243;][vc_column_text css=&#8220;.vc_custom_1688115412504{background-position: 0 0 !important;background-repeat: no-repeat !important;}&#8220; el_class=&#8220;link_number_phone_icon&#8220;] Fragen? Schreib uns info@tech-light.com.pl [\/vc_column_text][\/vc_column_inner][\/vc_row_inner][vc_empty_space height=&#8220;154px&#8220; [&hellip;]<\/p>\n","protected":false},"author":5,"featured_media":0,"parent":0,"menu_order":0,"comment_status":"closed","ping_status":"closed","template":"","meta":{"_acf_changed":false,"inline_featured_image":false,"footnotes":""},"class_list":["post-8891","page","type-page","status-publish","hentry"],"acf":[],"yoast_head":"<!-- This site is optimized with the Yoast SEO plugin v26.6 - https:\/\/yoast.com\/wordpress\/plugins\/seo\/ -->\n<title>Home - Tech Light - Profile LED<\/title>\n<meta name=\"robots\" content=\"index, follow, max-snippet:-1, max-image-preview:large, max-video-preview:-1\" \/>\n<link rel=\"canonical\" href=\"https:\/\/tech-light.com.pl\/\" \/>\n<meta property=\"og:locale\" content=\"de_DE\" \/>\n<meta property=\"og:type\" content=\"article\" \/>\n<meta property=\"og:title\" content=\"Home - Tech Light - Profile LED\" \/>\n<meta property=\"og:description\" content=\"[vc_row full_width=&#8220;stretch_row&#8220; bg_overlay_mode=&#8220;image&#8220; bg_overlay_opacity=&#8220;100&#8243; custom_parallax_type=&#8220;vertical_parallax&#8220; custom_parallax_bg_repeat=&#8220;no-repeat&#8220; custom_parallax_speed=&#8220;60&#8243; css=&#8220;.vc_custom_1679561988172{margin-bottom: 0px !important;padding-top: 40px !important;padding-bottom: 0px !important;background-position: center !important;background-repeat: no-repeat !important;background-size: cover !important;}&#8220; bg_overlay_image=&#8220;226&#8243; el_class=&#8220;home_row-1&#8243;][vc_column][vc_empty_space height=&#8220;150px&#8220; el_class=&#8220;mobile-none&#8220;][g5element_heading title=&#8220;Premiumklasse in Deiner Reichweite&#8220; subtitle=&#8220;TECH LIGHT&#8220; tag_html=&#8220;1&#8243; title_typography=&#8220;%7B%22font_family%22%3A%22Syne%22%2C%22font_weight%22%3A%22700%22%2C%22font_style%22%3A%22normal%22%2C%22font_size_lg%22%3A%22%22%2C%22font_size_md%22%3A%2280%22%2C%22font_size_sm%22%3A%22%22%2C%22font_size_xs%22%3A%2240%22%2C%22align%22%3A%22%22%2C%22text_transform%22%3A%22%22%2C%22line_height%22%3A%22%22%2C%22letter_spacing%22%3A%22%22%2C%22color%22%3A%22light%22%2C%22hover_color%22%3A%22light%22%7D&#8220; subtitle_typography=&#8220;%7B%22font_family%22%3A%22Syne%22%2C%22font_weight%22%3A%22400%22%2C%22font_style%22%3A%22normal%22%2C%22font_size_lg%22%3A%2216%22%2C%22font_size_md%22%3A%22%22%2C%22font_size_sm%22%3A%22%22%2C%22font_size_xs%22%3A%22%22%2C%22align%22%3A%22%22%2C%22text_transform%22%3A%22%22%2C%22line_height%22%3A%22%22%2C%22letter_spacing%22%3A%22%22%2C%22color%22%3A%22light%22%2C%22hover_color%22%3A%22light%22%7D&#8220; css_animation=&#8220;fadeInLeft&#8220; css=&#8220;.vc_custom_1686830502163{margin-bottom: 25px !important;}&#8220;][vc_row_inner el_class=&#8220;flex_button_and_text&#8220;][vc_column_inner][g5element_button title=&#8220;Unsere 3D-Inspirationen&#8220; link=&#8220;url:%2Fde%2Finspiracje%2F&#8220; el_class=&#8220;button_1&#8243;][vc_column_text css=&#8220;.vc_custom_1688115412504{background-position: 0 0 !important;background-repeat: no-repeat !important;}&#8220; el_class=&#8220;link_number_phone_icon&#8220;] Fragen? Schreib uns info@tech-light.com.pl [\/vc_column_text][\/vc_column_inner][\/vc_row_inner][vc_empty_space height=&#8220;154px&#8220; [&hellip;]\" \/>\n<meta property=\"og:url\" content=\"https:\/\/tech-light.com.pl\/\" \/>\n<meta property=\"og:site_name\" content=\"Tech Light - Profile LED\" \/>\n<meta property=\"article:publisher\" content=\"https:\/\/www.facebook.com\/people\/Tech-Light\/100066483851004\/\" \/>\n<meta property=\"article:modified_time\" content=\"2026-02-19T11:49:16+00:00\" \/>\n<meta property=\"og:image\" content=\"https:\/\/tech-light.com.pl\/wp-content\/uploads\/2024\/04\/tech-light-profile-led.jpg\" \/>\n\t<meta property=\"og:image:width\" content=\"1200\" \/>\n\t<meta property=\"og:image:height\" content=\"675\" \/>\n\t<meta property=\"og:image:type\" content=\"image\/jpeg\" \/>\n<meta name=\"twitter:card\" content=\"summary_large_image\" \/>\n<meta name=\"twitter:label1\" content=\"Gesch\u00e4tzte Lesezeit\" \/>\n\t<meta name=\"twitter:data1\" content=\"5\u00a0Minuten\" \/>\n<script type=\"application\/ld+json\" class=\"yoast-schema-graph\">{\"@context\":\"https:\/\/schema.org\",\"@graph\":[{\"@type\":\"WebPage\",\"@id\":\"https:\/\/tech-light.com.pl\/\",\"url\":\"https:\/\/tech-light.com.pl\/\",\"name\":\"Home - Tech Light - Profile LED\",\"isPartOf\":{\"@id\":\"https:\/\/tech-light.com.pl\/en\/#website\"},\"datePublished\":\"2023-03-13T09:15:42+00:00\",\"dateModified\":\"2026-02-19T11:49:16+00:00\",\"breadcrumb\":{\"@id\":\"https:\/\/tech-light.com.pl\/#breadcrumb\"},\"inLanguage\":\"de\",\"potentialAction\":[{\"@type\":\"ReadAction\",\"target\":[\"https:\/\/tech-light.com.pl\/\"]}]},{\"@type\":\"BreadcrumbList\",\"@id\":\"https:\/\/tech-light.com.pl\/#breadcrumb\",\"itemListElement\":[{\"@type\":\"ListItem\",\"position\":1,\"name\":\"Strona g\u0142\u00f3wna\",\"item\":\"https:\/\/tech-light.com.pl\/\"},{\"@type\":\"ListItem\",\"position\":2,\"name\":\"Home\"}]},{\"@type\":\"WebSite\",\"@id\":\"https:\/\/tech-light.com.pl\/en\/#website\",\"url\":\"https:\/\/tech-light.com.pl\/en\/\",\"name\":\"Tech Light - Profile LED\",\"description\":\"Rozwi\u0105zania PREMIUM w zasi\u0119gu Twojej r\u0119ki\",\"publisher\":{\"@id\":\"https:\/\/tech-light.com.pl\/en\/#organization\"},\"alternateName\":\"Polski producent Profili LED\",\"potentialAction\":[{\"@type\":\"SearchAction\",\"target\":{\"@type\":\"EntryPoint\",\"urlTemplate\":\"https:\/\/tech-light.com.pl\/en\/?s={search_term_string}\"},\"query-input\":{\"@type\":\"PropertyValueSpecification\",\"valueRequired\":true,\"valueName\":\"search_term_string\"}}],\"inLanguage\":\"de\"},{\"@type\":\"Organization\",\"@id\":\"https:\/\/tech-light.com.pl\/en\/#organization\",\"name\":\"Tech-Light Sp. z o.o.\",\"alternateName\":\"Tech Light - Profile LED\",\"url\":\"https:\/\/tech-light.com.pl\/en\/\",\"logo\":{\"@type\":\"ImageObject\",\"inLanguage\":\"de\",\"@id\":\"https:\/\/tech-light.com.pl\/en\/#\/schema\/logo\/image\/\",\"url\":\"https:\/\/tech-light.com.pl\/wp-content\/uploads\/2024\/04\/tech-light-tl.jpg\",\"contentUrl\":\"https:\/\/tech-light.com.pl\/wp-content\/uploads\/2024\/04\/tech-light-tl.jpg\",\"width\":696,\"height\":696,\"caption\":\"Tech-Light Sp. z o.o.\"},\"image\":{\"@id\":\"https:\/\/tech-light.com.pl\/en\/#\/schema\/logo\/image\/\"},\"sameAs\":[\"https:\/\/www.facebook.com\/people\/Tech-Light\/100066483851004\/\"]}]}<\/script>\n<!-- \/ Yoast SEO plugin. -->","yoast_head_json":{"title":"Home - Tech Light - Profile LED","robots":{"index":"index","follow":"follow","max-snippet":"max-snippet:-1","max-image-preview":"max-image-preview:large","max-video-preview":"max-video-preview:-1"},"canonical":"https:\/\/tech-light.com.pl\/","og_locale":"de_DE","og_type":"article","og_title":"Home - Tech Light - Profile LED","og_description":"[vc_row full_width=&#8220;stretch_row&#8220; bg_overlay_mode=&#8220;image&#8220; bg_overlay_opacity=&#8220;100&#8243; custom_parallax_type=&#8220;vertical_parallax&#8220; custom_parallax_bg_repeat=&#8220;no-repeat&#8220; custom_parallax_speed=&#8220;60&#8243; css=&#8220;.vc_custom_1679561988172{margin-bottom: 0px !important;padding-top: 40px !important;padding-bottom: 0px !important;background-position: center !important;background-repeat: no-repeat !important;background-size: cover !important;}&#8220; bg_overlay_image=&#8220;226&#8243; el_class=&#8220;home_row-1&#8243;][vc_column][vc_empty_space height=&#8220;150px&#8220; el_class=&#8220;mobile-none&#8220;][g5element_heading title=&#8220;Premiumklasse in Deiner Reichweite&#8220; subtitle=&#8220;TECH LIGHT&#8220; tag_html=&#8220;1&#8243; title_typography=&#8220;%7B%22font_family%22%3A%22Syne%22%2C%22font_weight%22%3A%22700%22%2C%22font_style%22%3A%22normal%22%2C%22font_size_lg%22%3A%22%22%2C%22font_size_md%22%3A%2280%22%2C%22font_size_sm%22%3A%22%22%2C%22font_size_xs%22%3A%2240%22%2C%22align%22%3A%22%22%2C%22text_transform%22%3A%22%22%2C%22line_height%22%3A%22%22%2C%22letter_spacing%22%3A%22%22%2C%22color%22%3A%22light%22%2C%22hover_color%22%3A%22light%22%7D&#8220; subtitle_typography=&#8220;%7B%22font_family%22%3A%22Syne%22%2C%22font_weight%22%3A%22400%22%2C%22font_style%22%3A%22normal%22%2C%22font_size_lg%22%3A%2216%22%2C%22font_size_md%22%3A%22%22%2C%22font_size_sm%22%3A%22%22%2C%22font_size_xs%22%3A%22%22%2C%22align%22%3A%22%22%2C%22text_transform%22%3A%22%22%2C%22line_height%22%3A%22%22%2C%22letter_spacing%22%3A%22%22%2C%22color%22%3A%22light%22%2C%22hover_color%22%3A%22light%22%7D&#8220; css_animation=&#8220;fadeInLeft&#8220; css=&#8220;.vc_custom_1686830502163{margin-bottom: 25px !important;}&#8220;][vc_row_inner el_class=&#8220;flex_button_and_text&#8220;][vc_column_inner][g5element_button title=&#8220;Unsere 3D-Inspirationen&#8220; link=&#8220;url:%2Fde%2Finspiracje%2F&#8220; el_class=&#8220;button_1&#8243;][vc_column_text css=&#8220;.vc_custom_1688115412504{background-position: 0 0 !important;background-repeat: no-repeat !important;}&#8220; el_class=&#8220;link_number_phone_icon&#8220;] Fragen? Schreib uns info@tech-light.com.pl [\/vc_column_text][\/vc_column_inner][\/vc_row_inner][vc_empty_space height=&#8220;154px&#8220; [&hellip;]","og_url":"https:\/\/tech-light.com.pl\/","og_site_name":"Tech Light - Profile LED","article_publisher":"https:\/\/www.facebook.com\/people\/Tech-Light\/100066483851004\/","article_modified_time":"2026-02-19T11:49:16+00:00","og_image":[{"width":1200,"height":675,"url":"https:\/\/tech-light.com.pl\/wp-content\/uploads\/2024\/04\/tech-light-profile-led.jpg","type":"image\/jpeg"}],"twitter_card":"summary_large_image","twitter_misc":{"Gesch\u00e4tzte Lesezeit":"5\u00a0Minuten"},"schema":{"@context":"https:\/\/schema.org","@graph":[{"@type":"WebPage","@id":"https:\/\/tech-light.com.pl\/","url":"https:\/\/tech-light.com.pl\/","name":"Home - Tech Light - Profile LED","isPartOf":{"@id":"https:\/\/tech-light.com.pl\/en\/#website"},"datePublished":"2023-03-13T09:15:42+00:00","dateModified":"2026-02-19T11:49:16+00:00","breadcrumb":{"@id":"https:\/\/tech-light.com.pl\/#breadcrumb"},"inLanguage":"de","potentialAction":[{"@type":"ReadAction","target":["https:\/\/tech-light.com.pl\/"]}]},{"@type":"BreadcrumbList","@id":"https:\/\/tech-light.com.pl\/#breadcrumb","itemListElement":[{"@type":"ListItem","position":1,"name":"Strona g\u0142\u00f3wna","item":"https:\/\/tech-light.com.pl\/"},{"@type":"ListItem","position":2,"name":"Home"}]},{"@type":"WebSite","@id":"https:\/\/tech-light.com.pl\/en\/#website","url":"https:\/\/tech-light.com.pl\/en\/","name":"Tech Light - Profile LED","description":"Rozwi\u0105zania PREMIUM w zasi\u0119gu Twojej r\u0119ki","publisher":{"@id":"https:\/\/tech-light.com.pl\/en\/#organization"},"alternateName":"Polski producent Profili LED","potentialAction":[{"@type":"SearchAction","target":{"@type":"EntryPoint","urlTemplate":"https:\/\/tech-light.com.pl\/en\/?s={search_term_string}"},"query-input":{"@type":"PropertyValueSpecification","valueRequired":true,"valueName":"search_term_string"}}],"inLanguage":"de"},{"@type":"Organization","@id":"https:\/\/tech-light.com.pl\/en\/#organization","name":"Tech-Light Sp. z o.o.","alternateName":"Tech Light - Profile LED","url":"https:\/\/tech-light.com.pl\/en\/","logo":{"@type":"ImageObject","inLanguage":"de","@id":"https:\/\/tech-light.com.pl\/en\/#\/schema\/logo\/image\/","url":"https:\/\/tech-light.com.pl\/wp-content\/uploads\/2024\/04\/tech-light-tl.jpg","contentUrl":"https:\/\/tech-light.com.pl\/wp-content\/uploads\/2024\/04\/tech-light-tl.jpg","width":696,"height":696,"caption":"Tech-Light Sp. z o.o."},"image":{"@id":"https:\/\/tech-light.com.pl\/en\/#\/schema\/logo\/image\/"},"sameAs":["https:\/\/www.facebook.com\/people\/Tech-Light\/100066483851004\/"]}]}},"_links":{"self":[{"href":"https:\/\/tech-light.com.pl\/de\/wp-json\/wp\/v2\/pages\/8891","targetHints":{"allow":["GET"]}}],"collection":[{"href":"https:\/\/tech-light.com.pl\/de\/wp-json\/wp\/v2\/pages"}],"about":[{"href":"https:\/\/tech-light.com.pl\/de\/wp-json\/wp\/v2\/types\/page"}],"author":[{"embeddable":true,"href":"https:\/\/tech-light.com.pl\/de\/wp-json\/wp\/v2\/users\/5"}],"replies":[{"embeddable":true,"href":"https:\/\/tech-light.com.pl\/de\/wp-json\/wp\/v2\/comments?post=8891"}],"version-history":[{"count":27,"href":"https:\/\/tech-light.com.pl\/de\/wp-json\/wp\/v2\/pages\/8891\/revisions"}],"predecessor-version":[{"id":42691,"href":"https:\/\/tech-light.com.pl\/de\/wp-json\/wp\/v2\/pages\/8891\/revisions\/42691"}],"wp:attachment":[{"href":"https:\/\/tech-light.com.pl\/de\/wp-json\/wp\/v2\/media?parent=8891"}],"curies":[{"name":"wp","href":"https:\/\/api.w.org\/{rel}","templated":true}]}}