{"id":4115,"date":"2023-05-26T10:18:27","date_gmt":"2023-05-26T08:18:27","guid":{"rendered":"https:\/\/tech-light.com.pl\/do-pobrania\/"},"modified":"2026-02-19T12:47:38","modified_gmt":"2026-02-19T11:47:38","slug":"do-pobrania","status":"publish","type":"page","link":"https:\/\/tech-light.com.pl\/de\/do-pobrania\/","title":{"rendered":"Do pobrania"},"content":{"rendered":"<div class=\"wpb-content-wrapper\"><p>[vc_row css=&#8220;.vc_custom_1679464473604{margin-top: 40px !important;}&#8220; el_class=&#8220;contact_row-1&#8243;][vc_column offset=&#8220;vc_hidden-sm vc_hidden-xs&#8220;][vc_empty_space height=&#8220;10px&#8220;][g5element_heading title=&#8220;Zum Herunterladen&#8220; title_typography=&#8220;%7B%22font_family%22%3A%22Syne%22%2C%22font_weight%22%3A%22400%22%2C%22font_style%22%3A%22normal%22%2C%22font_size_lg%22%3A%22%22%2C%22font_size_md%22%3A%22%22%2C%22font_size_sm%22%3A%22%22%2C%22font_size_xs%22%3A%22%22%2C%22align%22%3A%22%22%2C%22text_transform%22%3A%22%22%2C%22line_height%22%3A%22%22%2C%22letter_spacing%22%3A%22%22%2C%22color%22%3A%22%22%2C%22hover_color%22%3A%22%22%7D&#8220; subtitle_typography=&#8220;%7B%22font_family%22%3A%22Syne%22%2C%22font_weight%22%3A%22700%22%2C%22font_style%22%3A%22normal%22%2C%22font_size_lg%22%3A%2214%22%2C%22font_size_md%22%3A%22%22%2C%22font_size_sm%22%3A%22%22%2C%22font_size_xs%22%3A%22%22%2C%22align%22%3A%22%22%2C%22text_transform%22%3A%22uppercase%22%2C%22line_height%22%3A%2220px%22%2C%22letter_spacing%22%3A%22%22%2C%22color%22%3A%22secondary%22%2C%22hover_color%22%3A%22%22%7D&#8220; css=&#8220;.vc_custom_1685091075233{margin-bottom: 16px !important;}&#8220;][\/vc_column][\/vc_row][vc_row css=&#8220;.vc_custom_1685089933309{margin-bottom: 20px !important;}&#8220;][vc_column][g5element_button title=&#8220;TECH Light-Produktkatalog&#8220; align=&#8220;left&#8220; link=&#8220;url:https%3A%2F%2Ftech-light.com.pl%2Fkatalog%2Ftech-light-2025-de.pdf|target:_blank&#8220; el_class=&#8220;button_1&#8243; css=&#8220;.vc_custom_1771501643943{margin-bottom: 20px !important;}&#8220;][g5element_button title=&#8220;Produktkatalog (Kompaktversion)&#8220; align=&#8220;left&#8220; link=&#8220;url:https%3A%2F%2Ftech-light.com.pl%2Fkatalog%2Ftech-light-slim-de.pdf|target:_blank&#8220; el_class=&#8220;button_1&#8243; css=&#8220;.vc_custom_1745913037836{margin-bottom: 20px !important;}&#8220;][\/vc_column][\/vc_row][vc_row css=&#8220;.vc_custom_1679464473604{margin-top: 40px !important;}&#8220; el_class=&#8220;contact_row-1&#8243;][vc_column offset=&#8220;vc_hidden-sm vc_hidden-xs&#8220;][vc_empty_space height=&#8220;10px&#8220;][g5element_heading title=&#8220;Konformit\u00e4tserkl\u00e4rungen&#8220; title_typography=&#8220;%7B%22font_family%22%3A%22Syne%22%2C%22font_weight%22%3A%22400%22%2C%22font_style%22%3A%22normal%22%2C%22font_size_lg%22%3A%22%22%2C%22font_size_md%22%3A%22%22%2C%22font_size_sm%22%3A%22%22%2C%22font_size_xs%22%3A%22%22%2C%22align%22%3A%22%22%2C%22text_transform%22%3A%22%22%2C%22line_height%22%3A%22%22%2C%22letter_spacing%22%3A%22%22%2C%22color%22%3A%22%22%2C%22hover_color%22%3A%22%22%7D&#8220; subtitle_typography=&#8220;%7B%22font_family%22%3A%22Syne%22%2C%22font_weight%22%3A%22700%22%2C%22font_style%22%3A%22normal%22%2C%22font_size_lg%22%3A%2214%22%2C%22font_size_md%22%3A%22%22%2C%22font_size_sm%22%3A%22%22%2C%22font_size_xs%22%3A%22%22%2C%22align%22%3A%22%22%2C%22text_transform%22%3A%22uppercase%22%2C%22line_height%22%3A%2220px%22%2C%22letter_spacing%22%3A%22%22%2C%22color%22%3A%22secondary%22%2C%22hover_color%22%3A%22%22%7D&#8220; css=&#8220;.vc_custom_1732624302186{margin-bottom: 16px !important;}&#8220;][\/vc_column][\/vc_row][vc_row css=&#8220;.vc_custom_1685089933309{margin-bottom: 20px !important;}&#8220;][vc_column][g5element_button title=&#8220;Konformit\u00e4tserkl\u00e4rungen &#8211; LED-Abdeckungen&#8220; align=&#8220;left&#8220; link=&#8220;url:https%3A%2F%2Ftech-light.com.pl%2Fwp-content%2Fuploads%2F2024%2F11%2FTech-Light-declaration-of-conformity-cover.pdf|target:_blank&#8220; el_class=&#8220;button_1&#8243; css=&#8220;.vc_custom_1732624340635{margin-bottom: 20px !important;}&#8220;][g5element_button title=&#8220;Konformit\u00e4tserkl\u00e4rungen &#8211; LED-Profile&#8220; align=&#8220;left&#8220; link=&#8220;url:https%3A%2F%2Ftech-light.com.pl%2Fwp-content%2Fuploads%2F2024%2F11%2FTech-Light-declaration-of-conformity-profile-led.pdf|target:_blank&#8220; el_class=&#8220;button_1&#8243; css=&#8220;.vc_custom_1732624365189{margin-bottom: 20px !important;}&#8220;][\/vc_column][\/vc_row][vc_row css=&#8220;.vc_custom_1679464473604{margin-top: 40px !important;}&#8220; el_class=&#8220;contact_row-1&#8243;][vc_column offset=&#8220;vc_hidden-sm vc_hidden-xs&#8220;][vc_empty_space height=&#8220;10px&#8220;][g5element_heading title=&#8220;Andere Materialien&#8220; title_typography=&#8220;%7B%22font_family%22%3A%22Syne%22%2C%22font_weight%22%3A%22400%22%2C%22font_style%22%3A%22normal%22%2C%22font_size_lg%22%3A%22%22%2C%22font_size_md%22%3A%22%22%2C%22font_size_sm%22%3A%22%22%2C%22font_size_xs%22%3A%22%22%2C%22align%22%3A%22%22%2C%22text_transform%22%3A%22%22%2C%22line_height%22%3A%22%22%2C%22letter_spacing%22%3A%22%22%2C%22color%22%3A%22%22%2C%22hover_color%22%3A%22%22%7D&#8220; subtitle_typography=&#8220;%7B%22font_family%22%3A%22Syne%22%2C%22font_weight%22%3A%22700%22%2C%22font_style%22%3A%22normal%22%2C%22font_size_lg%22%3A%2214%22%2C%22font_size_md%22%3A%22%22%2C%22font_size_sm%22%3A%22%22%2C%22font_size_xs%22%3A%22%22%2C%22align%22%3A%22%22%2C%22text_transform%22%3A%22uppercase%22%2C%22line_height%22%3A%2220px%22%2C%22letter_spacing%22%3A%22%22%2C%22color%22%3A%22secondary%22%2C%22hover_color%22%3A%22%22%7D&#8220; css=&#8220;.vc_custom_1732624282249{margin-bottom: 16px !important;}&#8220;][\/vc_column][\/vc_row][vc_row css=&#8220;.vc_custom_1685089933309{margin-bottom: 20px !important;}&#8220;][vc_column][g5element_button title=&#8220;Profileigenschaften und Toleranz&#8220; align=&#8220;left&#8220; link=&#8220;url:https%3A%2F%2Ftech-light.com.pl%2Fwp-content%2Fuploads%2F2024%2F11%2Fcharakterystyka-profili-tolerancje-de.pdf|target:_blank&#8220; el_class=&#8220;button_1&#8243; css=&#8220;.vc_custom_1732624255715{margin-bottom: 20px !important;}&#8220;][\/vc_column][\/vc_row][vc_row][vc_column][vc_empty_space height=&#8220;100px&#8220;][\/vc_column][\/vc_row]<\/p>\n<\/div>","protected":false},"excerpt":{"rendered":"<p>[vc_row css=&#8220;.vc_custom_1679464473604{margin-top: 40px !important;}&#8220; el_class=&#8220;contact_row-1&#8243;][vc_column offset=&#8220;vc_hidden-sm vc_hidden-xs&#8220;][vc_empty_space height=&#8220;10px&#8220;][g5element_heading title=&#8220;Zum Herunterladen&#8220; title_typography=&#8220;%7B%22font_family%22%3A%22Syne%22%2C%22font_weight%22%3A%22400%22%2C%22font_style%22%3A%22normal%22%2C%22font_size_lg%22%3A%22%22%2C%22font_size_md%22%3A%22%22%2C%22font_size_sm%22%3A%22%22%2C%22font_size_xs%22%3A%22%22%2C%22align%22%3A%22%22%2C%22text_transform%22%3A%22%22%2C%22line_height%22%3A%22%22%2C%22letter_spacing%22%3A%22%22%2C%22color%22%3A%22%22%2C%22hover_color%22%3A%22%22%7D&#8220; subtitle_typography=&#8220;%7B%22font_family%22%3A%22Syne%22%2C%22font_weight%22%3A%22700%22%2C%22font_style%22%3A%22normal%22%2C%22font_size_lg%22%3A%2214%22%2C%22font_size_md%22%3A%22%22%2C%22font_size_sm%22%3A%22%22%2C%22font_size_xs%22%3A%22%22%2C%22align%22%3A%22%22%2C%22text_transform%22%3A%22uppercase%22%2C%22line_height%22%3A%2220px%22%2C%22letter_spacing%22%3A%22%22%2C%22color%22%3A%22secondary%22%2C%22hover_color%22%3A%22%22%7D&#8220; css=&#8220;.vc_custom_1685091075233{margin-bottom: 16px !important;}&#8220;][\/vc_column][\/vc_row][vc_row css=&#8220;.vc_custom_1685089933309{margin-bottom: 20px !important;}&#8220;][vc_column][g5element_button title=&#8220;TECH Light-Produktkatalog&#8220; align=&#8220;left&#8220; link=&#8220;url:https%3A%2F%2Ftech-light.com.pl%2Fkatalog%2Ftech-light-2025-de.pdf|target:_blank&#8220; el_class=&#8220;button_1&#8243; css=&#8220;.vc_custom_1771501643943{margin-bottom: 20px !important;}&#8220;][g5element_button title=&#8220;Produktkatalog (Kompaktversion)&#8220; align=&#8220;left&#8220; link=&#8220;url:https%3A%2F%2Ftech-light.com.pl%2Fkatalog%2Ftech-light-slim-de.pdf|target:_blank&#8220; el_class=&#8220;button_1&#8243; css=&#8220;.vc_custom_1745913037836{margin-bottom: 20px !important;}&#8220;][\/vc_column][\/vc_row][vc_row css=&#8220;.vc_custom_1679464473604{margin-top: 40px !important;}&#8220; el_class=&#8220;contact_row-1&#8243;][vc_column offset=&#8220;vc_hidden-sm vc_hidden-xs&#8220;][vc_empty_space height=&#8220;10px&#8220;][g5element_heading title=&#8220;Konformit\u00e4tserkl\u00e4rungen&#8220; title_typography=&#8220;%7B%22font_family%22%3A%22Syne%22%2C%22font_weight%22%3A%22400%22%2C%22font_style%22%3A%22normal%22%2C%22font_size_lg%22%3A%22%22%2C%22font_size_md%22%3A%22%22%2C%22font_size_sm%22%3A%22%22%2C%22font_size_xs%22%3A%22%22%2C%22align%22%3A%22%22%2C%22text_transform%22%3A%22%22%2C%22line_height%22%3A%22%22%2C%22letter_spacing%22%3A%22%22%2C%22color%22%3A%22%22%2C%22hover_color%22%3A%22%22%7D&#8220; subtitle_typography=&#8220;%7B%22font_family%22%3A%22Syne%22%2C%22font_weight%22%3A%22700%22%2C%22font_style%22%3A%22normal%22%2C%22font_size_lg%22%3A%2214%22%2C%22font_size_md%22%3A%22%22%2C%22font_size_sm%22%3A%22%22%2C%22font_size_xs%22%3A%22%22%2C%22align%22%3A%22%22%2C%22text_transform%22%3A%22uppercase%22%2C%22line_height%22%3A%2220px%22%2C%22letter_spacing%22%3A%22%22%2C%22color%22%3A%22secondary%22%2C%22hover_color%22%3A%22%22%7D&#8220; css=&#8220;.vc_custom_1732624302186{margin-bottom: 16px !important;}&#8220;][\/vc_column][\/vc_row][vc_row css=&#8220;.vc_custom_1685089933309{margin-bottom: 20px !important;}&#8220;][vc_column][g5element_button title=&#8220;Konformit\u00e4tserkl\u00e4rungen &#8211; LED-Abdeckungen&#8220; align=&#8220;left&#8220; link=&#8220;url:https%3A%2F%2Ftech-light.com.pl%2Fwp-content%2Fuploads%2F2024%2F11%2FTech-Light-declaration-of-conformity-cover.pdf|target:_blank&#8220; [&hellip;]<\/p>\n","protected":false},"author":1,"featured_media":0,"parent":0,"menu_order":0,"comment_status":"closed","ping_status":"closed","template":"","meta":{"_acf_changed":false,"inline_featured_image":false,"footnotes":""},"class_list":["post-4115","page","type-page","status-publish","hentry"],"acf":[],"yoast_head":"<!-- This site is optimized with the Yoast SEO plugin v26.6 - https:\/\/yoast.com\/wordpress\/plugins\/seo\/ -->\n<title>Do pobrania - Tech Light - Profile LED<\/title>\n<meta name=\"robots\" content=\"index, follow, max-snippet:-1, max-image-preview:large, max-video-preview:-1\" \/>\n<link rel=\"canonical\" href=\"https:\/\/tech-light.com.pl\/do-pobrania\/\" \/>\n<meta property=\"og:locale\" content=\"de_DE\" \/>\n<meta property=\"og:type\" content=\"article\" \/>\n<meta property=\"og:title\" content=\"Do pobrania - Tech Light - Profile LED\" \/>\n<meta property=\"og:description\" content=\"[vc_row css=&#8220;.vc_custom_1679464473604{margin-top: 40px !important;}&#8220; el_class=&#8220;contact_row-1&#8243;][vc_column offset=&#8220;vc_hidden-sm vc_hidden-xs&#8220;][vc_empty_space height=&#8220;10px&#8220;][g5element_heading title=&#8220;Zum Herunterladen&#8220; title_typography=&#8220;%7B%22font_family%22%3A%22Syne%22%2C%22font_weight%22%3A%22400%22%2C%22font_style%22%3A%22normal%22%2C%22font_size_lg%22%3A%22%22%2C%22font_size_md%22%3A%22%22%2C%22font_size_sm%22%3A%22%22%2C%22font_size_xs%22%3A%22%22%2C%22align%22%3A%22%22%2C%22text_transform%22%3A%22%22%2C%22line_height%22%3A%22%22%2C%22letter_spacing%22%3A%22%22%2C%22color%22%3A%22%22%2C%22hover_color%22%3A%22%22%7D&#8220; subtitle_typography=&#8220;%7B%22font_family%22%3A%22Syne%22%2C%22font_weight%22%3A%22700%22%2C%22font_style%22%3A%22normal%22%2C%22font_size_lg%22%3A%2214%22%2C%22font_size_md%22%3A%22%22%2C%22font_size_sm%22%3A%22%22%2C%22font_size_xs%22%3A%22%22%2C%22align%22%3A%22%22%2C%22text_transform%22%3A%22uppercase%22%2C%22line_height%22%3A%2220px%22%2C%22letter_spacing%22%3A%22%22%2C%22color%22%3A%22secondary%22%2C%22hover_color%22%3A%22%22%7D&#8220; css=&#8220;.vc_custom_1685091075233{margin-bottom: 16px !important;}&#8220;][\/vc_column][\/vc_row][vc_row css=&#8220;.vc_custom_1685089933309{margin-bottom: 20px !important;}&#8220;][vc_column][g5element_button title=&#8220;TECH Light-Produktkatalog&#8220; align=&#8220;left&#8220; link=&#8220;url:https%3A%2F%2Ftech-light.com.pl%2Fkatalog%2Ftech-light-2025-de.pdf|target:_blank&#8220; el_class=&#8220;button_1&#8243; css=&#8220;.vc_custom_1771501643943{margin-bottom: 20px !important;}&#8220;][g5element_button title=&#8220;Produktkatalog (Kompaktversion)&#8220; align=&#8220;left&#8220; link=&#8220;url:https%3A%2F%2Ftech-light.com.pl%2Fkatalog%2Ftech-light-slim-de.pdf|target:_blank&#8220; el_class=&#8220;button_1&#8243; css=&#8220;.vc_custom_1745913037836{margin-bottom: 20px !important;}&#8220;][\/vc_column][\/vc_row][vc_row css=&#8220;.vc_custom_1679464473604{margin-top: 40px !important;}&#8220; el_class=&#8220;contact_row-1&#8243;][vc_column offset=&#8220;vc_hidden-sm vc_hidden-xs&#8220;][vc_empty_space height=&#8220;10px&#8220;][g5element_heading title=&#8220;Konformit\u00e4tserkl\u00e4rungen&#8220; title_typography=&#8220;%7B%22font_family%22%3A%22Syne%22%2C%22font_weight%22%3A%22400%22%2C%22font_style%22%3A%22normal%22%2C%22font_size_lg%22%3A%22%22%2C%22font_size_md%22%3A%22%22%2C%22font_size_sm%22%3A%22%22%2C%22font_size_xs%22%3A%22%22%2C%22align%22%3A%22%22%2C%22text_transform%22%3A%22%22%2C%22line_height%22%3A%22%22%2C%22letter_spacing%22%3A%22%22%2C%22color%22%3A%22%22%2C%22hover_color%22%3A%22%22%7D&#8220; subtitle_typography=&#8220;%7B%22font_family%22%3A%22Syne%22%2C%22font_weight%22%3A%22700%22%2C%22font_style%22%3A%22normal%22%2C%22font_size_lg%22%3A%2214%22%2C%22font_size_md%22%3A%22%22%2C%22font_size_sm%22%3A%22%22%2C%22font_size_xs%22%3A%22%22%2C%22align%22%3A%22%22%2C%22text_transform%22%3A%22uppercase%22%2C%22line_height%22%3A%2220px%22%2C%22letter_spacing%22%3A%22%22%2C%22color%22%3A%22secondary%22%2C%22hover_color%22%3A%22%22%7D&#8220; css=&#8220;.vc_custom_1732624302186{margin-bottom: 16px !important;}&#8220;][\/vc_column][\/vc_row][vc_row css=&#8220;.vc_custom_1685089933309{margin-bottom: 20px !important;}&#8220;][vc_column][g5element_button title=&#8220;Konformit\u00e4tserkl\u00e4rungen &#8211; LED-Abdeckungen&#8220; align=&#8220;left&#8220; link=&#8220;url:https%3A%2F%2Ftech-light.com.pl%2Fwp-content%2Fuploads%2F2024%2F11%2FTech-Light-declaration-of-conformity-cover.pdf|target:_blank&#8220; [&hellip;]\" \/>\n<meta property=\"og:url\" content=\"https:\/\/tech-light.com.pl\/do-pobrania\/\" \/>\n<meta property=\"og:site_name\" content=\"Tech Light - Profile LED\" \/>\n<meta property=\"article:publisher\" content=\"https:\/\/www.facebook.com\/people\/Tech-Light\/100066483851004\/\" \/>\n<meta property=\"article:modified_time\" content=\"2026-02-19T11:47:38+00:00\" \/>\n<meta property=\"og:image\" content=\"https:\/\/tech-light.com.pl\/wp-content\/uploads\/2024\/04\/tech-light-profile-led.jpg\" \/>\n\t<meta property=\"og:image:width\" content=\"1200\" \/>\n\t<meta property=\"og:image:height\" content=\"675\" \/>\n\t<meta property=\"og:image:type\" content=\"image\/jpeg\" \/>\n<meta name=\"twitter:card\" content=\"summary_large_image\" \/>\n<meta name=\"twitter:label1\" content=\"Gesch\u00e4tzte Lesezeit\" \/>\n\t<meta name=\"twitter:data1\" content=\"1\u00a0Minute\" \/>\n<script type=\"application\/ld+json\" class=\"yoast-schema-graph\">{\"@context\":\"https:\/\/schema.org\",\"@graph\":[{\"@type\":\"WebPage\",\"@id\":\"https:\/\/tech-light.com.pl\/do-pobrania\/\",\"url\":\"https:\/\/tech-light.com.pl\/do-pobrania\/\",\"name\":\"Do pobrania - Tech Light - Profile LED\",\"isPartOf\":{\"@id\":\"https:\/\/tech-light.com.pl\/en\/#website\"},\"datePublished\":\"2023-05-26T08:18:27+00:00\",\"dateModified\":\"2026-02-19T11:47:38+00:00\",\"breadcrumb\":{\"@id\":\"https:\/\/tech-light.com.pl\/do-pobrania\/#breadcrumb\"},\"inLanguage\":\"de\",\"potentialAction\":[{\"@type\":\"ReadAction\",\"target\":[\"https:\/\/tech-light.com.pl\/do-pobrania\/\"]}]},{\"@type\":\"BreadcrumbList\",\"@id\":\"https:\/\/tech-light.com.pl\/do-pobrania\/#breadcrumb\",\"itemListElement\":[{\"@type\":\"ListItem\",\"position\":1,\"name\":\"Strona g\u0142\u00f3wna\",\"item\":\"https:\/\/tech-light.com.pl\/\"},{\"@type\":\"ListItem\",\"position\":2,\"name\":\"Do pobrania\"}]},{\"@type\":\"WebSite\",\"@id\":\"https:\/\/tech-light.com.pl\/en\/#website\",\"url\":\"https:\/\/tech-light.com.pl\/en\/\",\"name\":\"Tech Light - Profile LED\",\"description\":\"Rozwi\u0105zania PREMIUM w zasi\u0119gu Twojej r\u0119ki\",\"publisher\":{\"@id\":\"https:\/\/tech-light.com.pl\/en\/#organization\"},\"alternateName\":\"Polski producent Profili LED\",\"potentialAction\":[{\"@type\":\"SearchAction\",\"target\":{\"@type\":\"EntryPoint\",\"urlTemplate\":\"https:\/\/tech-light.com.pl\/en\/?s={search_term_string}\"},\"query-input\":{\"@type\":\"PropertyValueSpecification\",\"valueRequired\":true,\"valueName\":\"search_term_string\"}}],\"inLanguage\":\"de\"},{\"@type\":\"Organization\",\"@id\":\"https:\/\/tech-light.com.pl\/en\/#organization\",\"name\":\"Tech-Light Sp. z o.o.\",\"alternateName\":\"Tech Light - Profile LED\",\"url\":\"https:\/\/tech-light.com.pl\/en\/\",\"logo\":{\"@type\":\"ImageObject\",\"inLanguage\":\"de\",\"@id\":\"https:\/\/tech-light.com.pl\/en\/#\/schema\/logo\/image\/\",\"url\":\"https:\/\/tech-light.com.pl\/wp-content\/uploads\/2024\/04\/tech-light-tl.jpg\",\"contentUrl\":\"https:\/\/tech-light.com.pl\/wp-content\/uploads\/2024\/04\/tech-light-tl.jpg\",\"width\":696,\"height\":696,\"caption\":\"Tech-Light Sp. z o.o.\"},\"image\":{\"@id\":\"https:\/\/tech-light.com.pl\/en\/#\/schema\/logo\/image\/\"},\"sameAs\":[\"https:\/\/www.facebook.com\/people\/Tech-Light\/100066483851004\/\"]}]}<\/script>\n<!-- \/ Yoast SEO plugin. -->","yoast_head_json":{"title":"Do pobrania - Tech Light - Profile LED","robots":{"index":"index","follow":"follow","max-snippet":"max-snippet:-1","max-image-preview":"max-image-preview:large","max-video-preview":"max-video-preview:-1"},"canonical":"https:\/\/tech-light.com.pl\/do-pobrania\/","og_locale":"de_DE","og_type":"article","og_title":"Do pobrania - Tech Light - Profile LED","og_description":"[vc_row css=&#8220;.vc_custom_1679464473604{margin-top: 40px !important;}&#8220; el_class=&#8220;contact_row-1&#8243;][vc_column offset=&#8220;vc_hidden-sm vc_hidden-xs&#8220;][vc_empty_space height=&#8220;10px&#8220;][g5element_heading title=&#8220;Zum Herunterladen&#8220; title_typography=&#8220;%7B%22font_family%22%3A%22Syne%22%2C%22font_weight%22%3A%22400%22%2C%22font_style%22%3A%22normal%22%2C%22font_size_lg%22%3A%22%22%2C%22font_size_md%22%3A%22%22%2C%22font_size_sm%22%3A%22%22%2C%22font_size_xs%22%3A%22%22%2C%22align%22%3A%22%22%2C%22text_transform%22%3A%22%22%2C%22line_height%22%3A%22%22%2C%22letter_spacing%22%3A%22%22%2C%22color%22%3A%22%22%2C%22hover_color%22%3A%22%22%7D&#8220; subtitle_typography=&#8220;%7B%22font_family%22%3A%22Syne%22%2C%22font_weight%22%3A%22700%22%2C%22font_style%22%3A%22normal%22%2C%22font_size_lg%22%3A%2214%22%2C%22font_size_md%22%3A%22%22%2C%22font_size_sm%22%3A%22%22%2C%22font_size_xs%22%3A%22%22%2C%22align%22%3A%22%22%2C%22text_transform%22%3A%22uppercase%22%2C%22line_height%22%3A%2220px%22%2C%22letter_spacing%22%3A%22%22%2C%22color%22%3A%22secondary%22%2C%22hover_color%22%3A%22%22%7D&#8220; css=&#8220;.vc_custom_1685091075233{margin-bottom: 16px !important;}&#8220;][\/vc_column][\/vc_row][vc_row css=&#8220;.vc_custom_1685089933309{margin-bottom: 20px !important;}&#8220;][vc_column][g5element_button title=&#8220;TECH Light-Produktkatalog&#8220; align=&#8220;left&#8220; link=&#8220;url:https%3A%2F%2Ftech-light.com.pl%2Fkatalog%2Ftech-light-2025-de.pdf|target:_blank&#8220; el_class=&#8220;button_1&#8243; css=&#8220;.vc_custom_1771501643943{margin-bottom: 20px !important;}&#8220;][g5element_button title=&#8220;Produktkatalog (Kompaktversion)&#8220; align=&#8220;left&#8220; link=&#8220;url:https%3A%2F%2Ftech-light.com.pl%2Fkatalog%2Ftech-light-slim-de.pdf|target:_blank&#8220; el_class=&#8220;button_1&#8243; css=&#8220;.vc_custom_1745913037836{margin-bottom: 20px !important;}&#8220;][\/vc_column][\/vc_row][vc_row css=&#8220;.vc_custom_1679464473604{margin-top: 40px !important;}&#8220; el_class=&#8220;contact_row-1&#8243;][vc_column offset=&#8220;vc_hidden-sm vc_hidden-xs&#8220;][vc_empty_space height=&#8220;10px&#8220;][g5element_heading title=&#8220;Konformit\u00e4tserkl\u00e4rungen&#8220; title_typography=&#8220;%7B%22font_family%22%3A%22Syne%22%2C%22font_weight%22%3A%22400%22%2C%22font_style%22%3A%22normal%22%2C%22font_size_lg%22%3A%22%22%2C%22font_size_md%22%3A%22%22%2C%22font_size_sm%22%3A%22%22%2C%22font_size_xs%22%3A%22%22%2C%22align%22%3A%22%22%2C%22text_transform%22%3A%22%22%2C%22line_height%22%3A%22%22%2C%22letter_spacing%22%3A%22%22%2C%22color%22%3A%22%22%2C%22hover_color%22%3A%22%22%7D&#8220; subtitle_typography=&#8220;%7B%22font_family%22%3A%22Syne%22%2C%22font_weight%22%3A%22700%22%2C%22font_style%22%3A%22normal%22%2C%22font_size_lg%22%3A%2214%22%2C%22font_size_md%22%3A%22%22%2C%22font_size_sm%22%3A%22%22%2C%22font_size_xs%22%3A%22%22%2C%22align%22%3A%22%22%2C%22text_transform%22%3A%22uppercase%22%2C%22line_height%22%3A%2220px%22%2C%22letter_spacing%22%3A%22%22%2C%22color%22%3A%22secondary%22%2C%22hover_color%22%3A%22%22%7D&#8220; css=&#8220;.vc_custom_1732624302186{margin-bottom: 16px !important;}&#8220;][\/vc_column][\/vc_row][vc_row css=&#8220;.vc_custom_1685089933309{margin-bottom: 20px !important;}&#8220;][vc_column][g5element_button title=&#8220;Konformit\u00e4tserkl\u00e4rungen &#8211; LED-Abdeckungen&#8220; align=&#8220;left&#8220; link=&#8220;url:https%3A%2F%2Ftech-light.com.pl%2Fwp-content%2Fuploads%2F2024%2F11%2FTech-Light-declaration-of-conformity-cover.pdf|target:_blank&#8220; [&hellip;]","og_url":"https:\/\/tech-light.com.pl\/do-pobrania\/","og_site_name":"Tech Light - Profile LED","article_publisher":"https:\/\/www.facebook.com\/people\/Tech-Light\/100066483851004\/","article_modified_time":"2026-02-19T11:47:38+00:00","og_image":[{"width":1200,"height":675,"url":"https:\/\/tech-light.com.pl\/wp-content\/uploads\/2024\/04\/tech-light-profile-led.jpg","type":"image\/jpeg"}],"twitter_card":"summary_large_image","twitter_misc":{"Gesch\u00e4tzte Lesezeit":"1\u00a0Minute"},"schema":{"@context":"https:\/\/schema.org","@graph":[{"@type":"WebPage","@id":"https:\/\/tech-light.com.pl\/do-pobrania\/","url":"https:\/\/tech-light.com.pl\/do-pobrania\/","name":"Do pobrania - Tech Light - Profile LED","isPartOf":{"@id":"https:\/\/tech-light.com.pl\/en\/#website"},"datePublished":"2023-05-26T08:18:27+00:00","dateModified":"2026-02-19T11:47:38+00:00","breadcrumb":{"@id":"https:\/\/tech-light.com.pl\/do-pobrania\/#breadcrumb"},"inLanguage":"de","potentialAction":[{"@type":"ReadAction","target":["https:\/\/tech-light.com.pl\/do-pobrania\/"]}]},{"@type":"BreadcrumbList","@id":"https:\/\/tech-light.com.pl\/do-pobrania\/#breadcrumb","itemListElement":[{"@type":"ListItem","position":1,"name":"Strona g\u0142\u00f3wna","item":"https:\/\/tech-light.com.pl\/"},{"@type":"ListItem","position":2,"name":"Do pobrania"}]},{"@type":"WebSite","@id":"https:\/\/tech-light.com.pl\/en\/#website","url":"https:\/\/tech-light.com.pl\/en\/","name":"Tech Light - Profile LED","description":"Rozwi\u0105zania PREMIUM w zasi\u0119gu Twojej r\u0119ki","publisher":{"@id":"https:\/\/tech-light.com.pl\/en\/#organization"},"alternateName":"Polski producent Profili LED","potentialAction":[{"@type":"SearchAction","target":{"@type":"EntryPoint","urlTemplate":"https:\/\/tech-light.com.pl\/en\/?s={search_term_string}"},"query-input":{"@type":"PropertyValueSpecification","valueRequired":true,"valueName":"search_term_string"}}],"inLanguage":"de"},{"@type":"Organization","@id":"https:\/\/tech-light.com.pl\/en\/#organization","name":"Tech-Light Sp. z o.o.","alternateName":"Tech Light - Profile LED","url":"https:\/\/tech-light.com.pl\/en\/","logo":{"@type":"ImageObject","inLanguage":"de","@id":"https:\/\/tech-light.com.pl\/en\/#\/schema\/logo\/image\/","url":"https:\/\/tech-light.com.pl\/wp-content\/uploads\/2024\/04\/tech-light-tl.jpg","contentUrl":"https:\/\/tech-light.com.pl\/wp-content\/uploads\/2024\/04\/tech-light-tl.jpg","width":696,"height":696,"caption":"Tech-Light Sp. z o.o."},"image":{"@id":"https:\/\/tech-light.com.pl\/en\/#\/schema\/logo\/image\/"},"sameAs":["https:\/\/www.facebook.com\/people\/Tech-Light\/100066483851004\/"]}]}},"_links":{"self":[{"href":"https:\/\/tech-light.com.pl\/de\/wp-json\/wp\/v2\/pages\/4115","targetHints":{"allow":["GET"]}}],"collection":[{"href":"https:\/\/tech-light.com.pl\/de\/wp-json\/wp\/v2\/pages"}],"about":[{"href":"https:\/\/tech-light.com.pl\/de\/wp-json\/wp\/v2\/types\/page"}],"author":[{"embeddable":true,"href":"https:\/\/tech-light.com.pl\/de\/wp-json\/wp\/v2\/users\/1"}],"replies":[{"embeddable":true,"href":"https:\/\/tech-light.com.pl\/de\/wp-json\/wp\/v2\/comments?post=4115"}],"version-history":[{"count":18,"href":"https:\/\/tech-light.com.pl\/de\/wp-json\/wp\/v2\/pages\/4115\/revisions"}],"predecessor-version":[{"id":42689,"href":"https:\/\/tech-light.com.pl\/de\/wp-json\/wp\/v2\/pages\/4115\/revisions\/42689"}],"wp:attachment":[{"href":"https:\/\/tech-light.com.pl\/de\/wp-json\/wp\/v2\/media?parent=4115"}],"curies":[{"name":"wp","href":"https:\/\/api.w.org\/{rel}","templated":true}]}}