{"id":40808,"date":"2025-02-04T08:36:54","date_gmt":"2025-02-04T07:36:54","guid":{"rendered":"https:\/\/tech-light.com.pl\/?page_id=40808"},"modified":"2026-02-19T13:38:17","modified_gmt":"2026-02-19T12:38:17","slug":"offizieller-partner","status":"publish","type":"page","link":"https:\/\/tech-light.com.pl\/de\/offizieller-partner\/","title":{"rendered":"Offizieller Partner"},"content":{"rendered":"<div class=\"wpb-content-wrapper\"><p>[vc_row full_width=&#8220;stretch_row&#8220; bg_overlay_mode=&#8220;image&#8220; bg_overlay_opacity=&#8220;100&#8243; custom_parallax_type=&#8220;vertical_parallax&#8220; custom_parallax_bg_repeat=&#8220;no-repeat&#8220; custom_parallax_speed=&#8220;60&#8243; css=&#8220;.vc_custom_1738826927629{margin-bottom: 50px !important;border-bottom-width: 10px !important;padding-top: 0px !important;padding-bottom: 0px !important;background-position: center !important;background-repeat: no-repeat !important;background-size: cover !important;border-bottom-color: #ffe001 !important;border-bottom-style: solid !important;}&#8220; custom_parallax_image=&#8220;40826&#8243;][vc_column][vc_empty_space height=&#8220;150px&#8220; el_class=&#8220;mobile-none&#8220;][g5element_heading title=&#8220;Werden Sie offizieller TECH Light<br \/>\nVertreter in der DACH Region&#8220; subtitle=&#8220;TECH LIGHT&#8220; tag_html=&#8220;1&#8243; title_typography=&#8220;%7B%22font_family%22%3A%22Syne%22%2C%22font_weight%22%3A%22700%22%2C%22font_style%22%3A%22normal%22%2C%22font_size_lg%22%3A%22%22%2C%22font_size_md%22%3A%2280%22%2C%22font_size_sm%22%3A%22%22%2C%22font_size_xs%22%3A%2240%22%2C%22align%22%3A%22%22%2C%22text_transform%22%3A%22%22%2C%22line_height%22%3A%22%22%2C%22letter_spacing%22%3A%22%22%2C%22color%22%3A%22light%22%2C%22hover_color%22%3A%22light%22%7D&#8220; subtitle_typography=&#8220;%7B%22font_family%22%3A%22Syne%22%2C%22font_weight%22%3A%22400%22%2C%22font_style%22%3A%22normal%22%2C%22font_size_lg%22%3A%2216%22%2C%22font_size_md%22%3A%22%22%2C%22font_size_sm%22%3A%22%22%2C%22font_size_xs%22%3A%22%22%2C%22align%22%3A%22%22%2C%22text_transform%22%3A%22%22%2C%22line_height%22%3A%22%22%2C%22letter_spacing%22%3A%22%22%2C%22color%22%3A%22light%22%2C%22hover_color%22%3A%22light%22%7D&#8220; css_animation=&#8220;fadeInLeft&#8220; css=&#8220;.vc_custom_1771504406127{padding-top: 20px !important;padding-right: 20px !important;padding-bottom: 20px !important;padding-left: 20px !important;background-color: rgba(35,35,35,0.7) !important;*background-color: rgb(35,35,35) !important;}&#8220;][vc_empty_space height=&#8220;150px&#8220; el_class=&#8220;mobile-none&#8220;][\/vc_column][\/vc_row][vc_row][vc_column width=&#8220;1\/2&#8243;][vc_column_text css=&#8220;&#8220;]<\/p>\n<h2 class=\"text-xl font-semibold mb-4\">Warum TECH Light?<\/h2>\n<p class=\"mb-4\">Als f\u00fchrender polnischer Hersteller von LED-Profilen expandieren wir erfolgreich in Europa und suchen nun starke Partner.&nbsp;Unsere Produkte und Dienstleistungen zeichnen sich&nbsp;<span data-ogsc=\"\" data-ogsb=\"yellow\">aus<\/span>&nbsp;durch:<\/p>\n<div class=\"grid grid-cols-1 md:grid-cols-2 gap-6 mb-8\">\n<div>\n<h4 class=\"font-semibold mb-2\">Hohe Produktqualit\u00e4t<\/h4>\n<ul class=\"list-disc pl-6 mb-4\" style=\"margin-left: 1.5rem!important;\">\n<li>Optimales W\u00e4rmemanagement f\u00fcr maximale LED-Lebensdauer<\/li>\n<li>Intuitive und einfache Montage wegen durchdachten und simplen L\u00f6sungen<\/li>\n<li>Perfekt angepasste, wiederverwendbare Abdeckungen<\/li>\n<li>Optimale Lichtqualit\u00e4t im Verh\u00e4ltnis zu der LED-Leistung<\/li>\n<\/ul>\n<\/div>\n<div>\n<h4 class=\"font-semibold mb-2\">Logistik &amp; st\u00e4ndige Produktverf\u00fcgbarkeit<\/h4>\n<ul class=\"list-disc pl-6 mb-4\" style=\"margin-left: 1.5rem!important;\">\n<li>Gro\u00dfe Lagerbest\u00e4nde f\u00fcr schnelle Lieferungen<\/li>\n<li>Keine Mindestbestellmengen<\/li>\n<li>Kurze Lieferkette durch geografische N\u00e4he<\/li>\n<li>Direkte Lieferungen an Endkunden m\u00f6glich<\/li>\n<\/ul>\n<\/div>\n<\/div>\n<p>[\/vc_column_text][\/vc_column][vc_column width=&#8220;1\/2&#8243;][vc_single_image image=&#8220;40820&#8243; img_size=&#8220;full&#8220;][\/vc_column][\/vc_row][vc_row full_width=&#8220;stretch_row&#8220; bg_overlay_mode=&#8220;image&#8220; bg_overlay_opacity=&#8220;100&#8243; custom_parallax_type=&#8220;fixed&#8220; custom_parallax_bg_repeat=&#8220;no-repeat&#8220; css=&#8220;.vc_custom_1738827678223{margin-top: 50px !important;margin-bottom: 50px !important;padding-top: 0px !important;padding-bottom: 0px !important;background-position: center !important;background-repeat: no-repeat !important;background-size: cover !important;}&#8220; custom_parallax_image=&#8220;40823&#8243;][vc_column][vc_empty_space height=&#8220;120px&#8220; el_class=&#8220;mobile-none&#8220;][vc_empty_space height=&#8220;120px&#8220; el_class=&#8220;mobile-none&#8220;][\/vc_column][\/vc_row][vc_row][vc_column width=&#8220;1\/2&#8243;][vc_column_text]<\/p>\n<h2 class=\"text-xl font-semibold mb-4\"><span data-olk-copy-source=\"MessageBody\">Ihre Vorteile<\/span><\/h2>\n<div class=\"grid grid-cols-1 md:grid-cols-2 gap-6 mb-6\">\n<div>\n<h4 class=\"font-semibold mb-2\">Technische Unterst\u00fctzung<\/h4>\n<ul class=\"list-disc pl-6 mb-4\" style=\"margin-left: 1.5rem!important;\">\n<li>Pers\u00f6nlicher Kundenbetreuer mit 24h Reaktionszeit<\/li>\n<li>Ma\u00dfgeschneiderte L\u00f6sungen und Sonderanfertigungen<\/li>\n<li>Eigene Pulverbeschichtungsanlage<\/li>\n<li>Produktvorfertigung und Set-Vorbereitung<\/li>\n<\/ul>\n<\/div>\n<div>\n<h4 class=\"font-semibold mb-2\">Marketing &amp; Vertrieb<\/h4>\n<ul class=\"list-disc pl-6 mb-4\" style=\"margin-left: 1.5rem!important;\">\n<li>Professionelle Marketingmaterialien in deutscher Sprache<\/li>\n<li>Produktkataloge und Musterdisplays<\/li>\n<li>Transparente und faire Preispolitik<\/li>\n<li>Optimierte Lagerpolitik durch zusammensetzbare Produkte<\/li>\n<\/ul>\n<\/div>\n<\/div>\n<p class=\"x_MsoNormal\"><span data-ogsc=\"black\" data-ogsb=\"yellow\" data-olk-copy-source=\"MessageBody\">Wir m\u00f6chten langfristigen Gesch\u00e4ftsbeziehungen aufbauen, die auf gegenseitigem Vertrauen basieren. Als Hersteller k\u00f6nnen wir schnell auf die Marktanforderungen reagieren und entwickeln unsere Produkte kontinuierlich weiter, basierend auf dem Feedback unserer Partner.<\/span><\/p>\n<p>[\/vc_column_text][\/vc_column][vc_column width=&#8220;1\/2&#8243; css=&#8220;.vc_custom_1738828386940{padding-top: 50px !important;padding-right: 50px !important;padding-bottom: 50px !important;padding-left: 50px !important;background-color: #ffe001 !important;border-radius: 10px !important;}&#8220;][vc_column_text]<\/p>\n<h2>Melden Sie sich an<\/h2>\n<p>[\/vc_column_text]\n<div class=\"wpcf7 no-js\" id=\"wpcf7-f22687-o1\" lang=\"de-DE\" dir=\"ltr\" data-wpcf7-id=\"22687\">\n<div class=\"screen-reader-response\"><p role=\"status\" aria-live=\"polite\" aria-atomic=\"true\"><\/p> <ul><\/ul><\/div>\n<form action=\"\/de\/wp-json\/wp\/v2\/pages\/40808#wpcf7-f22687-o1\" method=\"post\" class=\"wpcf7-form init\" aria-label=\"Kontaktformular\" novalidate=\"novalidate\" data-status=\"init\">\n<fieldset class=\"hidden-fields-container\"><input type=\"hidden\" name=\"_wpcf7\" value=\"22687\" \/><input type=\"hidden\" name=\"_wpcf7_version\" value=\"6.1.4\" \/><input type=\"hidden\" name=\"_wpcf7_locale\" value=\"de_DE\" \/><input type=\"hidden\" name=\"_wpcf7_unit_tag\" value=\"wpcf7-f22687-o1\" \/><input type=\"hidden\" name=\"_wpcf7_container_post\" value=\"0\" \/><input type=\"hidden\" name=\"_wpcf7_posted_data_hash\" value=\"\" \/><input type=\"hidden\" name=\"_wpcf7dtx_version\" value=\"5.0.3\" \/>\n<\/fieldset>\n<p><label style=\"width:100%\"><span class=\"wpcf7-form-control-wrap\" data-name=\"nazwa-firmy\"><input size=\"40\" maxlength=\"100\" class=\"wpcf7-form-control wpcf7-text wpcf7-validates-as-required full-form\" aria-required=\"true\" aria-invalid=\"false\" placeholder=\"Firmenname\" value=\"\" type=\"text\" name=\"nazwa-firmy\" \/><\/span> <\/label><br \/>\n<label style=\"width:100%\"><span class=\"wpcf7-form-control-wrap\" data-name=\"nip-firmy\"><input size=\"40\" maxlength=\"20\" class=\"wpcf7-form-control wpcf7-text wpcf7-validates-as-required full-form\" aria-required=\"true\" aria-invalid=\"false\" placeholder=\"NIP\" value=\"\" type=\"text\" name=\"nip-firmy\" \/><\/span> <\/label><br \/>\n<label style=\"width:100%\"><span class=\"wpcf7-form-control-wrap\" data-name=\"osoba-kontaktowa\"><input size=\"40\" maxlength=\"100\" class=\"wpcf7-form-control wpcf7-text wpcf7-validates-as-required full-form\" aria-required=\"true\" aria-invalid=\"false\" placeholder=\"Ansprechpartner\" value=\"\" type=\"text\" name=\"osoba-kontaktowa\" \/><\/span> <\/label><br \/>\n<label style=\"width:100%\"><span class=\"wpcf7-form-control-wrap\" data-name=\"email\"><input size=\"40\" maxlength=\"100\" class=\"wpcf7-form-control wpcf7-email wpcf7-validates-as-required wpcf7-text wpcf7-validates-as-email full-form\" aria-required=\"true\" aria-invalid=\"false\" placeholder=\"E-Mail\" value=\"\" type=\"email\" name=\"email\" \/><\/span> <\/label><br \/>\n<label style=\"width:100%\"><span class=\"wpcf7-form-control-wrap\" data-name=\"telefon\"><input size=\"40\" maxlength=\"100\" class=\"wpcf7-form-control wpcf7-tel wpcf7-validates-as-required wpcf7-text wpcf7-validates-as-tel full-form\" aria-required=\"true\" aria-invalid=\"false\" placeholder=\"Telefon\" value=\"\" type=\"tel\" name=\"telefon\" \/><\/span> <\/label><br \/>\n<label style=\"width:100%\"><span class=\"wpcf7-form-control-wrap\" data-name=\"obszar-biznesowy\"><select class=\"wpcf7-form-control wpcf7-select wpcf7-validates-as-required full-form\" aria-required=\"true\" aria-invalid=\"false\" name=\"obszar-biznesowy\"><option value=\"\">&#8211; Bitte ausw\u00e4hlen &#8211;<\/option><option value=\"Shop \/ Gro\u00dfhandel\">Shop \/ Gro\u00dfhandel<\/option><option value=\"Architekt\">Architekt<\/option><option value=\"Innenarchitekt\">Innenarchitekt<\/option><option value=\"M\u00f6belhersteller\">M\u00f6belhersteller<\/option><option value=\"Bau-\/Projektunternehmer\">Bau-\/Projektunternehmer<\/option><option value=\"POS \/ Werbung\">POS \/ Werbung<\/option><option value=\"Leuchtenhersteller\">Leuchtenhersteller<\/option><option value=\"Andere\">Andere<\/option><\/select><\/span> <\/label><br \/>\n<span class=\"wpcf7-form-control-wrap url-adres\" data-name=\"url-adres\"><input type=\"hidden\" name=\"url-adres\" class=\"wpcf7-form-control wpcf7-hidden wpcf7dtx wpcf7dtx-hidden\" aria-invalid=\"false\" value=\"https:\/\/tech-light.com.pl\/de\/wp-json\/wp\/v2\/pages\/40808\"><\/span><br \/>\n<span class=\"wpcf7-form-control-wrap\" data-name=\"zgoda\"><span class=\"wpcf7-form-control wpcf7-acceptance optional\"><span class=\"wpcf7-list-item\"><label><input type=\"checkbox\" name=\"zgoda\" value=\"1\" aria-invalid=\"false\" \/><span class=\"wpcf7-list-item-label\">Ich bin mit den Bestimmungen der <a href=\"https:\/\/tech-light.com.pl\/polityka-prywatnosci\/\" target=\"_blank\">Datenschutzerkl\u00e4rung einverstanden<\/a><\/span><\/label><\/span><\/span><\/span>\n<\/p>\n<p><input class=\"wpcf7-form-control wpcf7-submit has-spinner\" type=\"submit\" value=\"Melden Sie sich an\" \/>\n<\/p><div class=\"wpcf7-response-output\" aria-hidden=\"true\"><\/div>\n<\/form>\n<\/div>\n[\/vc_column][\/vc_row][vc_row full_width=&#8220;stretch_row&#8220; bg_overlay_mode=&#8220;image&#8220; bg_overlay_opacity=&#8220;100&#8243; custom_parallax_type=&#8220;vertical_parallax&#8220; custom_parallax_bg_repeat=&#8220;no-repeat&#8220; custom_parallax_speed=&#8220;60&#8243; css=&#8220;.vc_custom_1738828237694{margin-top: 50px !important;margin-bottom: 0px !important;padding-top: 0px !important;padding-bottom: 0px !important;background-position: center !important;background-repeat: no-repeat !important;background-size: cover !important;}&#8220; custom_parallax_image=&#8220;24698&#8243;][vc_column][vc_empty_space height=&#8220;120px&#8220; el_class=&#8220;mobile-none&#8220;][vc_empty_space height=&#8220;120px&#8220; el_class=&#8220;mobile-none&#8220;][\/vc_column][\/vc_row]<\/p>\n<\/div>","protected":false},"excerpt":{"rendered":"<p>[vc_row full_width=&#8220;stretch_row&#8220; bg_overlay_mode=&#8220;image&#8220; bg_overlay_opacity=&#8220;100&#8243; custom_parallax_type=&#8220;vertical_parallax&#8220; custom_parallax_bg_repeat=&#8220;no-repeat&#8220; custom_parallax_speed=&#8220;60&#8243; css=&#8220;.vc_custom_1738826927629{margin-bottom: 50px !important;border-bottom-width: 10px !important;padding-top: 0px !important;padding-bottom: 0px !important;background-position: center !important;background-repeat: no-repeat !important;background-size: cover !important;border-bottom-color: #ffe001 !important;border-bottom-style: solid !important;}&#8220; custom_parallax_image=&#8220;40826&#8243;][vc_column][vc_empty_space height=&#8220;150px&#8220; el_class=&#8220;mobile-none&#8220;][g5element_heading title=&#8220;Werden Sie offizieller TECH Light Vertreter in der DACH Region&#8220; subtitle=&#8220;TECH LIGHT&#8220; tag_html=&#8220;1&#8243; title_typography=&#8220;%7B%22font_family%22%3A%22Syne%22%2C%22font_weight%22%3A%22700%22%2C%22font_style%22%3A%22normal%22%2C%22font_size_lg%22%3A%22%22%2C%22font_size_md%22%3A%2280%22%2C%22font_size_sm%22%3A%22%22%2C%22font_size_xs%22%3A%2240%22%2C%22align%22%3A%22%22%2C%22text_transform%22%3A%22%22%2C%22line_height%22%3A%22%22%2C%22letter_spacing%22%3A%22%22%2C%22color%22%3A%22light%22%2C%22hover_color%22%3A%22light%22%7D&#8220; subtitle_typography=&#8220;%7B%22font_family%22%3A%22Syne%22%2C%22font_weight%22%3A%22400%22%2C%22font_style%22%3A%22normal%22%2C%22font_size_lg%22%3A%2216%22%2C%22font_size_md%22%3A%22%22%2C%22font_size_sm%22%3A%22%22%2C%22font_size_xs%22%3A%22%22%2C%22align%22%3A%22%22%2C%22text_transform%22%3A%22%22%2C%22line_height%22%3A%22%22%2C%22letter_spacing%22%3A%22%22%2C%22color%22%3A%22light%22%2C%22hover_color%22%3A%22light%22%7D&#8220; css_animation=&#8220;fadeInLeft&#8220; css=&#8220;.vc_custom_1771504406127{padding-top: 20px !important;padding-right: 20px !important;padding-bottom: 20px !important;padding-left: 20px !important;background-color: rgba(35,35,35,0.7) [&hellip;]<\/p>\n","protected":false},"author":5,"featured_media":0,"parent":0,"menu_order":0,"comment_status":"closed","ping_status":"closed","template":"","meta":{"_acf_changed":false,"inline_featured_image":false,"footnotes":""},"class_list":["post-40808","page","type-page","status-publish","hentry"],"acf":[],"yoast_head":"<!-- This site is optimized with the Yoast SEO plugin v26.6 - https:\/\/yoast.com\/wordpress\/plugins\/seo\/ -->\n<title>Offizieller Partner - Tech Light - Profile LED<\/title>\n<meta name=\"description\" content=\"Zapraszamy do kontaktu z Tech-Light, producentem wysokiej klasy aluminiowych profili LED.\" \/>\n<meta name=\"robots\" content=\"index, follow, max-snippet:-1, max-image-preview:large, max-video-preview:-1\" \/>\n<link rel=\"canonical\" href=\"https:\/\/tech-light.com.pl\/oficjalny-partner-handlowy\/\" \/>\n<meta property=\"og:locale\" content=\"de_DE\" \/>\n<meta property=\"og:type\" content=\"article\" \/>\n<meta property=\"og:title\" content=\"Offizieller Partner - Tech Light - Profile LED\" \/>\n<meta property=\"og:description\" content=\"Zapraszamy do kontaktu z Tech-Light, producentem wysokiej klasy aluminiowych profili LED.\" \/>\n<meta property=\"og:url\" content=\"https:\/\/tech-light.com.pl\/oficjalny-partner-handlowy\/\" \/>\n<meta property=\"og:site_name\" content=\"Tech Light - Profile LED\" \/>\n<meta property=\"article:publisher\" content=\"https:\/\/www.facebook.com\/people\/Tech-Light\/100066483851004\/\" \/>\n<meta property=\"article:modified_time\" content=\"2026-02-19T12:38:17+00:00\" \/>\n<meta property=\"og:image\" content=\"https:\/\/tech-light.com.pl\/wp-content\/uploads\/2024\/04\/tech-light-profile-led.jpg\" \/>\n\t<meta property=\"og:image:width\" content=\"1200\" \/>\n\t<meta property=\"og:image:height\" content=\"675\" \/>\n\t<meta property=\"og:image:type\" content=\"image\/jpeg\" \/>\n<meta name=\"twitter:card\" content=\"summary_large_image\" \/>\n<meta name=\"twitter:label1\" content=\"Gesch\u00e4tzte Lesezeit\" \/>\n\t<meta name=\"twitter:data1\" content=\"3\u00a0Minuten\" \/>\n<script type=\"application\/ld+json\" class=\"yoast-schema-graph\">{\"@context\":\"https:\/\/schema.org\",\"@graph\":[{\"@type\":\"WebPage\",\"@id\":\"https:\/\/tech-light.com.pl\/oficjalny-partner-handlowy\/\",\"url\":\"https:\/\/tech-light.com.pl\/oficjalny-partner-handlowy\/\",\"name\":\"Offizieller Partner - Tech Light - Profile LED\",\"isPartOf\":{\"@id\":\"https:\/\/tech-light.com.pl\/en\/#website\"},\"datePublished\":\"2025-02-04T07:36:54+00:00\",\"dateModified\":\"2026-02-19T12:38:17+00:00\",\"description\":\"Zapraszamy do kontaktu z Tech-Light, producentem wysokiej klasy aluminiowych profili LED.\",\"breadcrumb\":{\"@id\":\"https:\/\/tech-light.com.pl\/oficjalny-partner-handlowy\/#breadcrumb\"},\"inLanguage\":\"de\",\"potentialAction\":[{\"@type\":\"ReadAction\",\"target\":[\"https:\/\/tech-light.com.pl\/oficjalny-partner-handlowy\/\"]}]},{\"@type\":\"BreadcrumbList\",\"@id\":\"https:\/\/tech-light.com.pl\/oficjalny-partner-handlowy\/#breadcrumb\",\"itemListElement\":[{\"@type\":\"ListItem\",\"position\":1,\"name\":\"Strona g\u0142\u00f3wna\",\"item\":\"https:\/\/tech-light.com.pl\/\"},{\"@type\":\"ListItem\",\"position\":2,\"name\":\"Offizieller Partner\"}]},{\"@type\":\"WebSite\",\"@id\":\"https:\/\/tech-light.com.pl\/en\/#website\",\"url\":\"https:\/\/tech-light.com.pl\/en\/\",\"name\":\"Tech Light - Profile LED\",\"description\":\"Rozwi\u0105zania PREMIUM w zasi\u0119gu Twojej r\u0119ki\",\"publisher\":{\"@id\":\"https:\/\/tech-light.com.pl\/en\/#organization\"},\"alternateName\":\"Polski producent Profili LED\",\"potentialAction\":[{\"@type\":\"SearchAction\",\"target\":{\"@type\":\"EntryPoint\",\"urlTemplate\":\"https:\/\/tech-light.com.pl\/en\/?s={search_term_string}\"},\"query-input\":{\"@type\":\"PropertyValueSpecification\",\"valueRequired\":true,\"valueName\":\"search_term_string\"}}],\"inLanguage\":\"de\"},{\"@type\":\"Organization\",\"@id\":\"https:\/\/tech-light.com.pl\/en\/#organization\",\"name\":\"Tech-Light Sp. z o.o.\",\"alternateName\":\"Tech Light - Profile LED\",\"url\":\"https:\/\/tech-light.com.pl\/en\/\",\"logo\":{\"@type\":\"ImageObject\",\"inLanguage\":\"de\",\"@id\":\"https:\/\/tech-light.com.pl\/en\/#\/schema\/logo\/image\/\",\"url\":\"https:\/\/tech-light.com.pl\/wp-content\/uploads\/2024\/04\/tech-light-tl.jpg\",\"contentUrl\":\"https:\/\/tech-light.com.pl\/wp-content\/uploads\/2024\/04\/tech-light-tl.jpg\",\"width\":696,\"height\":696,\"caption\":\"Tech-Light Sp. z o.o.\"},\"image\":{\"@id\":\"https:\/\/tech-light.com.pl\/en\/#\/schema\/logo\/image\/\"},\"sameAs\":[\"https:\/\/www.facebook.com\/people\/Tech-Light\/100066483851004\/\"]}]}<\/script>\n<!-- \/ Yoast SEO plugin. -->","yoast_head_json":{"title":"Offizieller Partner - Tech Light - Profile LED","description":"Zapraszamy do kontaktu z Tech-Light, producentem wysokiej klasy aluminiowych profili LED.","robots":{"index":"index","follow":"follow","max-snippet":"max-snippet:-1","max-image-preview":"max-image-preview:large","max-video-preview":"max-video-preview:-1"},"canonical":"https:\/\/tech-light.com.pl\/oficjalny-partner-handlowy\/","og_locale":"de_DE","og_type":"article","og_title":"Offizieller Partner - Tech Light - Profile LED","og_description":"Zapraszamy do kontaktu z Tech-Light, producentem wysokiej klasy aluminiowych profili LED.","og_url":"https:\/\/tech-light.com.pl\/oficjalny-partner-handlowy\/","og_site_name":"Tech Light - Profile LED","article_publisher":"https:\/\/www.facebook.com\/people\/Tech-Light\/100066483851004\/","article_modified_time":"2026-02-19T12:38:17+00:00","og_image":[{"width":1200,"height":675,"url":"https:\/\/tech-light.com.pl\/wp-content\/uploads\/2024\/04\/tech-light-profile-led.jpg","type":"image\/jpeg"}],"twitter_card":"summary_large_image","twitter_misc":{"Gesch\u00e4tzte Lesezeit":"3\u00a0Minuten"},"schema":{"@context":"https:\/\/schema.org","@graph":[{"@type":"WebPage","@id":"https:\/\/tech-light.com.pl\/oficjalny-partner-handlowy\/","url":"https:\/\/tech-light.com.pl\/oficjalny-partner-handlowy\/","name":"Offizieller Partner - Tech Light - Profile LED","isPartOf":{"@id":"https:\/\/tech-light.com.pl\/en\/#website"},"datePublished":"2025-02-04T07:36:54+00:00","dateModified":"2026-02-19T12:38:17+00:00","description":"Zapraszamy do kontaktu z Tech-Light, producentem wysokiej klasy aluminiowych profili LED.","breadcrumb":{"@id":"https:\/\/tech-light.com.pl\/oficjalny-partner-handlowy\/#breadcrumb"},"inLanguage":"de","potentialAction":[{"@type":"ReadAction","target":["https:\/\/tech-light.com.pl\/oficjalny-partner-handlowy\/"]}]},{"@type":"BreadcrumbList","@id":"https:\/\/tech-light.com.pl\/oficjalny-partner-handlowy\/#breadcrumb","itemListElement":[{"@type":"ListItem","position":1,"name":"Strona g\u0142\u00f3wna","item":"https:\/\/tech-light.com.pl\/"},{"@type":"ListItem","position":2,"name":"Offizieller Partner"}]},{"@type":"WebSite","@id":"https:\/\/tech-light.com.pl\/en\/#website","url":"https:\/\/tech-light.com.pl\/en\/","name":"Tech Light - Profile LED","description":"Rozwi\u0105zania PREMIUM w zasi\u0119gu Twojej r\u0119ki","publisher":{"@id":"https:\/\/tech-light.com.pl\/en\/#organization"},"alternateName":"Polski producent Profili LED","potentialAction":[{"@type":"SearchAction","target":{"@type":"EntryPoint","urlTemplate":"https:\/\/tech-light.com.pl\/en\/?s={search_term_string}"},"query-input":{"@type":"PropertyValueSpecification","valueRequired":true,"valueName":"search_term_string"}}],"inLanguage":"de"},{"@type":"Organization","@id":"https:\/\/tech-light.com.pl\/en\/#organization","name":"Tech-Light Sp. z o.o.","alternateName":"Tech Light - Profile LED","url":"https:\/\/tech-light.com.pl\/en\/","logo":{"@type":"ImageObject","inLanguage":"de","@id":"https:\/\/tech-light.com.pl\/en\/#\/schema\/logo\/image\/","url":"https:\/\/tech-light.com.pl\/wp-content\/uploads\/2024\/04\/tech-light-tl.jpg","contentUrl":"https:\/\/tech-light.com.pl\/wp-content\/uploads\/2024\/04\/tech-light-tl.jpg","width":696,"height":696,"caption":"Tech-Light Sp. z o.o."},"image":{"@id":"https:\/\/tech-light.com.pl\/en\/#\/schema\/logo\/image\/"},"sameAs":["https:\/\/www.facebook.com\/people\/Tech-Light\/100066483851004\/"]}]}},"_links":{"self":[{"href":"https:\/\/tech-light.com.pl\/de\/wp-json\/wp\/v2\/pages\/40808","targetHints":{"allow":["GET"]}}],"collection":[{"href":"https:\/\/tech-light.com.pl\/de\/wp-json\/wp\/v2\/pages"}],"about":[{"href":"https:\/\/tech-light.com.pl\/de\/wp-json\/wp\/v2\/types\/page"}],"author":[{"embeddable":true,"href":"https:\/\/tech-light.com.pl\/de\/wp-json\/wp\/v2\/users\/5"}],"replies":[{"embeddable":true,"href":"https:\/\/tech-light.com.pl\/de\/wp-json\/wp\/v2\/comments?post=40808"}],"version-history":[{"count":52,"href":"https:\/\/tech-light.com.pl\/de\/wp-json\/wp\/v2\/pages\/40808\/revisions"}],"predecessor-version":[{"id":42695,"href":"https:\/\/tech-light.com.pl\/de\/wp-json\/wp\/v2\/pages\/40808\/revisions\/42695"}],"wp:attachment":[{"href":"https:\/\/tech-light.com.pl\/de\/wp-json\/wp\/v2\/media?parent=40808"}],"curies":[{"name":"wp","href":"https:\/\/api.w.org\/{rel}","templated":true}]}}