{"id":22471,"date":"2024-07-18T10:32:05","date_gmt":"2024-07-18T08:32:05","guid":{"rendered":"https:\/\/tech-light.com.pl\/pryzma-do-profili-led\/"},"modified":"2026-02-19T13:11:46","modified_gmt":"2026-02-19T12:11:46","slug":"led-profil-prisma","status":"publish","type":"page","link":"https:\/\/tech-light.com.pl\/de\/led-profil-prisma\/","title":{"rendered":"LED-Profil-Prisma"},"content":{"rendered":"<div class=\"wpb-content-wrapper\"><p>[vc_row full_width=&#8220;stretch_row&#8220; bg_overlay_mode=&#8220;image&#8220; bg_overlay_opacity=&#8220;100&#8243; custom_parallax_type=&#8220;vertical_parallax&#8220; custom_parallax_bg_repeat=&#8220;no-repeat&#8220; custom_parallax_speed=&#8220;60&#8243; css=&#8220;.vc_custom_1721293027364{margin-bottom: 0px !important;padding-top: 40px !important;padding-bottom: 0px !important;background-position: center !important;background-repeat: no-repeat !important;background-size: cover !important;}&#8220; custom_parallax_image=&#8220;22413&#8243;][vc_column][vc_empty_space height=&#8220;150px&#8220; el_class=&#8220;mobile-none&#8220;][g5element_heading title=&#8220;Die modere Prisma-Abdeckung<br \/>\nf\u00fcr die Led-Profile&#8220; subtitle=&#8220;TECH LIGHT&#8220; tag_html=&#8220;1&#8243; title_typography=&#8220;%7B%22font_family%22%3A%22Syne%22%2C%22font_weight%22%3A%22700%22%2C%22font_style%22%3A%22normal%22%2C%22font_size_lg%22%3A%22%22%2C%22font_size_md%22%3A%2280%22%2C%22font_size_sm%22%3A%22%22%2C%22font_size_xs%22%3A%2240%22%2C%22align%22%3A%22%22%2C%22text_transform%22%3A%22%22%2C%22line_height%22%3A%22%22%2C%22letter_spacing%22%3A%22%22%2C%22color%22%3A%22light%22%2C%22hover_color%22%3A%22light%22%7D&#8220; subtitle_typography=&#8220;%7B%22font_family%22%3A%22Syne%22%2C%22font_weight%22%3A%22400%22%2C%22font_style%22%3A%22normal%22%2C%22font_size_lg%22%3A%2216%22%2C%22font_size_md%22%3A%22%22%2C%22font_size_sm%22%3A%22%22%2C%22font_size_xs%22%3A%22%22%2C%22align%22%3A%22%22%2C%22text_transform%22%3A%22%22%2C%22line_height%22%3A%22%22%2C%22letter_spacing%22%3A%22%22%2C%22color%22%3A%22light%22%2C%22hover_color%22%3A%22light%22%7D&#8220; css_animation=&#8220;fadeInLeft&#8220; css=&#8220;.vc_custom_1729748973549{margin-bottom: 25px !important;}&#8220;][g5element_button title=&#8220;Lernen Sie das aktuelle Prism-Angebot kennen&#8220; align=&#8220;left&#8220; css_animation=&#8220;fadeInLeft&#8220; link=&#8220;url:https%3A%2F%2Fb2b.tech-light.com.pl%2Fde%2Fprodukte%2F2%3Fsearch%3Dprisma|target:_blank&#8220; el_class=&#8220;button_1&#8243;][vc_empty_space height=&#8220;154px&#8220; el_class=&#8220;mobile-none&#8220;][\/vc_column][\/vc_row][vc_row content_placement=&#8220;bottom&#8220; el_class=&#8220;home_row-2&#8243; css=&#8220;.vc_custom_1679304114099{margin-top: 35px !important;}&#8220;][vc_column][vc_empty_space height=&#8220;10px&#8220; el_class=&#8220;mobile-none&#8220;][\/vc_column][vc_column offset=&#8220;vc_col-md-8&#8243;][g5element_heading title=&#8220;Die Prisma-Abdeckung&#8220; subtitle=&#8220;NEU BEI TECH LIGHT&#8220; subtitle_typography=&#8220;%7B%22font_family%22%3A%22%22%2C%22font_weight%22%3A%22%22%2C%22font_style%22%3A%22%22%2C%22font_size_lg%22%3A%2214%22%2C%22font_size_md%22%3A%22%22%2C%22font_size_sm%22%3A%22%22%2C%22font_size_xs%22%3A%22%22%2C%22align%22%3A%22%22%2C%22text_transform%22%3A%22%22%2C%22line_height%22%3A%22%22%2C%22letter_spacing%22%3A%22%22%2C%22color%22%3A%22secondary%22%2C%22hover_color%22%3A%22%22%7D&#8220; css=&#8220;.vc_custom_1729749018820{margin-bottom: 34px !important;}&#8220;][vc_column_text el_class=&#8220;square_li_item list_two_col&#8220;]LED-Profil-Prisma ist die neueste Innovation in der Beleuchtungsbranche, die sich durch fortschrittliche Technologie und hervorragende optische Eigenschaften auszeichnet. Mit pr\u00e4zisen Mikrostrukturen zerstreut das Prisma nicht nur das Licht, sondern verbessert auch seine Effizienz und \u00c4sthetik.<\/p>\n<p><strong>Produktvorteile:<\/strong><\/p>\n<ul>\n<li><strong>Optimale Lichtstreuung:<\/strong> Das Prisma zerstreut effektiv das von LEDs emittierte Licht, eliminiert den Effekt von Punktlichtquellen und sorgt f\u00fcr eine gleichm\u00e4\u00dfige, augenfreundliche Beleuchtung.<\/li>\n<li><strong>Fortschrittliche Mikrostruktur-Technologie:<\/strong> Pr\u00e4zise Mikrostrukturen auf der Oberfl\u00e4che des Prismas erzeugen einzigartige optische Effekte, die die Beleuchtungsqualit\u00e4t verbessern und jedem Interieur ein modernes Aussehen verleihen.<\/li>\n<li><strong>Hohe Lichtdurchl\u00e4ssigkeit:<\/strong> Hergestellt aus hochtransparentem Polycarbonat (PC) maximiert das Prisma die Lichtdurchl\u00e4ssigkeit und beh\u00e4lt gleichzeitig die \u00e4sthetische Streuung bei.<\/li>\n<li><strong>Haltbarkeit und Widerstandsf\u00e4higkeit:<\/strong> Durch die Verwendung von widerstandsf\u00e4higen Materialien ist das Prisma kratzfest und widerstandsf\u00e4hig gegen \u00e4u\u00dferen Einfl\u00fcssen, was eine lange Lebensdauer garantiert.<\/li>\n<li><strong>Einfache Montage:<\/strong> Die Abdeckung ist mithilfe \u00a0eines einfachen Klick-Mechanismus in den Standard-LED-Profilen zu montieren, was die Installationskosten und die Montagezeit senkt.<\/li>\n<li><strong>Nahtloses Stanzen:<\/strong> Mit der nahtlosen Stanztechnologie minimiert das Prisma seitliche Lichtblitze und sorgt f\u00fcr eine saubere und klare Beleuchtung.<\/li>\n<\/ul>\n<p>[\/vc_column_text][\/vc_column][vc_column offset=&#8220;vc_col-md-4&#8243;][vc_single_image image=&#8220;26817&#8243; img_size=&#8220;full&#8220; alignment=&#8220;right&#8220; css_animation=&#8220;fadeInRight&#8220;][\/vc_column][\/vc_row][vc_row full_width=&#8220;stretch_row&#8220; content_placement=&#8220;bottom&#8220; el_class=&#8220;home_row-2&#8243; css=&#8220;.vc_custom_1721295038615{margin-top: 35px !important;background-color: #f8f8f8 !important;}&#8220;][vc_column][vc_empty_space height=&#8220;10px&#8220; el_class=&#8220;mobile-none&#8220;][\/vc_column][vc_column offset=&#8220;vc_col-md-4&#8243;][vc_single_image image=&#8220;22422&#8243; img_size=&#8220;full&#8220; alignment=&#8220;right&#8220; css_animation=&#8220;fadeInLeft&#8220;][\/vc_column][vc_column offset=&#8220;vc_col-md-8&#8243;][g5element_heading title=&#8220;Anwendung&#8220; subtitle=&#8220;SPEZIFIKATION, FAZIT&#8220; subtitle_typography=&#8220;%7B%22font_family%22%3A%22%22%2C%22font_weight%22%3A%22%22%2C%22font_style%22%3A%22%22%2C%22font_size_lg%22%3A%2214%22%2C%22font_size_md%22%3A%22%22%2C%22font_size_sm%22%3A%22%22%2C%22font_size_xs%22%3A%22%22%2C%22align%22%3A%22%22%2C%22text_transform%22%3A%22%22%2C%22line_height%22%3A%22%22%2C%22letter_spacing%22%3A%22%22%2C%22color%22%3A%22secondary%22%2C%22hover_color%22%3A%22%22%7D&#8220; css=&#8220;.vc_custom_1722408551537{margin-bottom: 34px !important;}&#8220;][vc_column_text css=&#8220;&#8220; el_class=&#8220;square_li_item list_two_col&#8220;]<\/p>\n<ul>\n<li><strong>Arbeitsplatz:<\/strong> Ideal f\u00fcr die Beleuchtung von B\u00fcros und Arbeitspl\u00e4tzen, wo eine gleichm\u00e4\u00dfige und komfortable blendfreie Beleuchtung erforderlich ist.<\/li>\n<li><strong>Blendmindernde Leuchten:<\/strong> Prisma eignet sich hervorragend f\u00fcr Beleuchtungsk\u00f6rper, die Blendung reduzieren und den visuellen Komfort bieten.<\/li>\n<li><strong>Architektonische Linien und Decken:<\/strong> Mit seiner \u00c4sthetik und Funktionalit\u00e4t ist Prisma die ideale Wahl, um moderne architektonische Lichtlinien und Decken in Gesch\u00e4fts- und Wohnr\u00e4umen zu schaffen.<\/li>\n<\/ul>\n<p>Spezifikation:<\/p>\n<ul>\n<li><strong>Material:<\/strong> Polycarbonat (PC)<strong>Dicke:<\/strong> 2 mm<strong>Verf\u00fcgbare Farben:<\/strong> Transparent \/ farblos<\/li>\n<li><strong>Verf\u00fcgbare Breite:<br \/>\n<\/strong>C6 \u2013 45,5mm<br \/>\nC7 \u2013 29,0 mm<br \/>\nC15 &#8211; 19,2 mm<\/li>\n<\/ul>\n<p><strong>Zusammenfassung:<\/strong><\/p>\n<p>Das Prisma f\u00fcr LED-Profile von TECH Light ist eine Neuheit auf dem Markt, die fortschrittliche Technologie und elegantes Design vereint. Dank seiner einzigartigen optischen Eigenschaften und Haltbarkeit ist es die perfekte L\u00f6sung f\u00fcr eine Vielzahl von Lichtanwendungen und bietet nicht nur Funktionalit\u00e4t, sondern auch \u00c4sthetik.<\/p>\n<p><strong>W\u00e4hlen Sie ein Prisma f\u00fcr LED-Profile von TECH Light und genie\u00dfen Sie die h\u00f6chste Lichtqualit\u00e4t.<\/strong>[\/vc_column_text][\/vc_column][\/vc_row][vc_row full_width=&#8220;stretch_row&#8220; content_placement=&#8220;bottom&#8220; el_class=&#8220;home_row-2&#8243; css=&#8220;.vc_custom_1721295367343{padding-bottom: 50px !important;background-color: #f8f8f8 !important;}&#8220;][vc_column][g5element_button title=&#8220;Lernen Sie das aktuelle Prism-Angebot kennen&#8220; align=&#8220;center&#8220; link=&#8220;url:https%3A%2F%2Fb2b.tech-light.com.pl%2Fde%2Fprodukte%2F2%3Fsearch%3Dprisma|target:_blank&#8220; el_class=&#8220;button_1&#8243;][\/vc_column][\/vc_row]<\/p>\n<\/div>","protected":false},"excerpt":{"rendered":"<p>[vc_row full_width=&#8220;stretch_row&#8220; bg_overlay_mode=&#8220;image&#8220; bg_overlay_opacity=&#8220;100&#8243; custom_parallax_type=&#8220;vertical_parallax&#8220; custom_parallax_bg_repeat=&#8220;no-repeat&#8220; custom_parallax_speed=&#8220;60&#8243; css=&#8220;.vc_custom_1721293027364{margin-bottom: 0px !important;padding-top: 40px !important;padding-bottom: 0px !important;background-position: center !important;background-repeat: no-repeat !important;background-size: cover !important;}&#8220; custom_parallax_image=&#8220;22413&#8243;][vc_column][vc_empty_space height=&#8220;150px&#8220; el_class=&#8220;mobile-none&#8220;][g5element_heading title=&#8220;Die modere Prisma-Abdeckung f\u00fcr die Led-Profile&#8220; subtitle=&#8220;TECH LIGHT&#8220; tag_html=&#8220;1&#8243; title_typography=&#8220;%7B%22font_family%22%3A%22Syne%22%2C%22font_weight%22%3A%22700%22%2C%22font_style%22%3A%22normal%22%2C%22font_size_lg%22%3A%22%22%2C%22font_size_md%22%3A%2280%22%2C%22font_size_sm%22%3A%22%22%2C%22font_size_xs%22%3A%2240%22%2C%22align%22%3A%22%22%2C%22text_transform%22%3A%22%22%2C%22line_height%22%3A%22%22%2C%22letter_spacing%22%3A%22%22%2C%22color%22%3A%22light%22%2C%22hover_color%22%3A%22light%22%7D&#8220; subtitle_typography=&#8220;%7B%22font_family%22%3A%22Syne%22%2C%22font_weight%22%3A%22400%22%2C%22font_style%22%3A%22normal%22%2C%22font_size_lg%22%3A%2216%22%2C%22font_size_md%22%3A%22%22%2C%22font_size_sm%22%3A%22%22%2C%22font_size_xs%22%3A%22%22%2C%22align%22%3A%22%22%2C%22text_transform%22%3A%22%22%2C%22line_height%22%3A%22%22%2C%22letter_spacing%22%3A%22%22%2C%22color%22%3A%22light%22%2C%22hover_color%22%3A%22light%22%7D&#8220; css_animation=&#8220;fadeInLeft&#8220; css=&#8220;.vc_custom_1729748973549{margin-bottom: 25px !important;}&#8220;][g5element_button title=&#8220;Lernen Sie das aktuelle Prism-Angebot kennen&#8220; align=&#8220;left&#8220; css_animation=&#8220;fadeInLeft&#8220; link=&#8220;url:https%3A%2F%2Fb2b.tech-light.com.pl%2Fde%2Fprodukte%2F2%3Fsearch%3Dprisma|target:_blank&#8220; el_class=&#8220;button_1&#8243;][vc_empty_space height=&#8220;154px&#8220; el_class=&#8220;mobile-none&#8220;][\/vc_column][\/vc_row][vc_row content_placement=&#8220;bottom&#8220; el_class=&#8220;home_row-2&#8243; css=&#8220;.vc_custom_1679304114099{margin-top: 35px !important;}&#8220;][vc_column][vc_empty_space [&hellip;]<\/p>\n","protected":false},"author":5,"featured_media":0,"parent":0,"menu_order":0,"comment_status":"closed","ping_status":"closed","template":"","meta":{"_acf_changed":false,"inline_featured_image":false,"footnotes":""},"class_list":["post-22471","page","type-page","status-publish","hentry"],"acf":[],"yoast_head":"<!-- This site is optimized with the Yoast SEO plugin v26.6 - https:\/\/yoast.com\/wordpress\/plugins\/seo\/ -->\n<title>Tech LIGHT - Polski producent Profili LED<\/title>\n<meta name=\"description\" content=\"Profile LED Tech-Light charakteryzuj\u0105 si\u0119 wysok\u0105 jako\u015bci\u0105 oraz niecodziennym designem. Zapraszamy do zapoznania si\u0119 z nasz\u0105 ofert\u0105.\" \/>\n<meta name=\"robots\" content=\"index, follow, max-snippet:-1, max-image-preview:large, max-video-preview:-1\" \/>\n<link rel=\"canonical\" href=\"https:\/\/tech-light.com.pl\/pryzma-do-profili-led\/\" \/>\n<meta property=\"og:locale\" content=\"de_DE\" \/>\n<meta property=\"og:type\" content=\"article\" \/>\n<meta property=\"og:title\" content=\"Tech LIGHT - Polski producent Profili LED\" \/>\n<meta property=\"og:description\" content=\"Profile LED Tech-Light charakteryzuj\u0105 si\u0119 wysok\u0105 jako\u015bci\u0105 oraz niecodziennym designem. Zapraszamy do zapoznania si\u0119 z nasz\u0105 ofert\u0105.\" \/>\n<meta property=\"og:url\" content=\"https:\/\/tech-light.com.pl\/pryzma-do-profili-led\/\" \/>\n<meta property=\"og:site_name\" content=\"Tech Light - Profile LED\" \/>\n<meta property=\"article:publisher\" content=\"https:\/\/www.facebook.com\/people\/Tech-Light\/100066483851004\/\" \/>\n<meta property=\"article:modified_time\" content=\"2026-02-19T12:11:46+00:00\" \/>\n<meta property=\"og:image\" content=\"https:\/\/tech-light.com.pl\/wp-content\/uploads\/2024\/04\/tech-light-profile-led.jpg\" \/>\n\t<meta property=\"og:image:width\" content=\"1200\" \/>\n\t<meta property=\"og:image:height\" content=\"675\" \/>\n\t<meta property=\"og:image:type\" content=\"image\/jpeg\" \/>\n<meta name=\"twitter:card\" content=\"summary_large_image\" \/>\n<meta name=\"twitter:label1\" content=\"Gesch\u00e4tzte Lesezeit\" \/>\n\t<meta name=\"twitter:data1\" content=\"4\u00a0Minuten\" \/>\n<script type=\"application\/ld+json\" class=\"yoast-schema-graph\">{\"@context\":\"https:\/\/schema.org\",\"@graph\":[{\"@type\":\"WebPage\",\"@id\":\"https:\/\/tech-light.com.pl\/pryzma-do-profili-led\/\",\"url\":\"https:\/\/tech-light.com.pl\/pryzma-do-profili-led\/\",\"name\":\"Tech LIGHT - Polski producent Profili LED\",\"isPartOf\":{\"@id\":\"https:\/\/tech-light.com.pl\/en\/#website\"},\"datePublished\":\"2024-07-18T08:32:05+00:00\",\"dateModified\":\"2026-02-19T12:11:46+00:00\",\"description\":\"Profile LED Tech-Light charakteryzuj\u0105 si\u0119 wysok\u0105 jako\u015bci\u0105 oraz niecodziennym designem. Zapraszamy do zapoznania si\u0119 z nasz\u0105 ofert\u0105.\",\"breadcrumb\":{\"@id\":\"https:\/\/tech-light.com.pl\/pryzma-do-profili-led\/#breadcrumb\"},\"inLanguage\":\"de\",\"potentialAction\":[{\"@type\":\"ReadAction\",\"target\":[\"https:\/\/tech-light.com.pl\/pryzma-do-profili-led\/\"]}]},{\"@type\":\"BreadcrumbList\",\"@id\":\"https:\/\/tech-light.com.pl\/pryzma-do-profili-led\/#breadcrumb\",\"itemListElement\":[{\"@type\":\"ListItem\",\"position\":1,\"name\":\"Strona g\u0142\u00f3wna\",\"item\":\"https:\/\/tech-light.com.pl\/\"},{\"@type\":\"ListItem\",\"position\":2,\"name\":\"LED-Profil-Prisma\"}]},{\"@type\":\"WebSite\",\"@id\":\"https:\/\/tech-light.com.pl\/en\/#website\",\"url\":\"https:\/\/tech-light.com.pl\/en\/\",\"name\":\"Tech Light - Profile LED\",\"description\":\"Rozwi\u0105zania PREMIUM w zasi\u0119gu Twojej r\u0119ki\",\"publisher\":{\"@id\":\"https:\/\/tech-light.com.pl\/en\/#organization\"},\"alternateName\":\"Polski producent Profili LED\",\"potentialAction\":[{\"@type\":\"SearchAction\",\"target\":{\"@type\":\"EntryPoint\",\"urlTemplate\":\"https:\/\/tech-light.com.pl\/en\/?s={search_term_string}\"},\"query-input\":{\"@type\":\"PropertyValueSpecification\",\"valueRequired\":true,\"valueName\":\"search_term_string\"}}],\"inLanguage\":\"de\"},{\"@type\":\"Organization\",\"@id\":\"https:\/\/tech-light.com.pl\/en\/#organization\",\"name\":\"Tech-Light Sp. z o.o.\",\"alternateName\":\"Tech Light - Profile LED\",\"url\":\"https:\/\/tech-light.com.pl\/en\/\",\"logo\":{\"@type\":\"ImageObject\",\"inLanguage\":\"de\",\"@id\":\"https:\/\/tech-light.com.pl\/en\/#\/schema\/logo\/image\/\",\"url\":\"https:\/\/tech-light.com.pl\/wp-content\/uploads\/2024\/04\/tech-light-tl.jpg\",\"contentUrl\":\"https:\/\/tech-light.com.pl\/wp-content\/uploads\/2024\/04\/tech-light-tl.jpg\",\"width\":696,\"height\":696,\"caption\":\"Tech-Light Sp. z o.o.\"},\"image\":{\"@id\":\"https:\/\/tech-light.com.pl\/en\/#\/schema\/logo\/image\/\"},\"sameAs\":[\"https:\/\/www.facebook.com\/people\/Tech-Light\/100066483851004\/\"]}]}<\/script>\n<!-- \/ Yoast SEO plugin. -->","yoast_head_json":{"title":"Tech LIGHT - Polski producent Profili LED","description":"Profile LED Tech-Light charakteryzuj\u0105 si\u0119 wysok\u0105 jako\u015bci\u0105 oraz niecodziennym designem. Zapraszamy do zapoznania si\u0119 z nasz\u0105 ofert\u0105.","robots":{"index":"index","follow":"follow","max-snippet":"max-snippet:-1","max-image-preview":"max-image-preview:large","max-video-preview":"max-video-preview:-1"},"canonical":"https:\/\/tech-light.com.pl\/pryzma-do-profili-led\/","og_locale":"de_DE","og_type":"article","og_title":"Tech LIGHT - Polski producent Profili LED","og_description":"Profile LED Tech-Light charakteryzuj\u0105 si\u0119 wysok\u0105 jako\u015bci\u0105 oraz niecodziennym designem. Zapraszamy do zapoznania si\u0119 z nasz\u0105 ofert\u0105.","og_url":"https:\/\/tech-light.com.pl\/pryzma-do-profili-led\/","og_site_name":"Tech Light - Profile LED","article_publisher":"https:\/\/www.facebook.com\/people\/Tech-Light\/100066483851004\/","article_modified_time":"2026-02-19T12:11:46+00:00","og_image":[{"width":1200,"height":675,"url":"https:\/\/tech-light.com.pl\/wp-content\/uploads\/2024\/04\/tech-light-profile-led.jpg","type":"image\/jpeg"}],"twitter_card":"summary_large_image","twitter_misc":{"Gesch\u00e4tzte Lesezeit":"4\u00a0Minuten"},"schema":{"@context":"https:\/\/schema.org","@graph":[{"@type":"WebPage","@id":"https:\/\/tech-light.com.pl\/pryzma-do-profili-led\/","url":"https:\/\/tech-light.com.pl\/pryzma-do-profili-led\/","name":"Tech LIGHT - Polski producent Profili LED","isPartOf":{"@id":"https:\/\/tech-light.com.pl\/en\/#website"},"datePublished":"2024-07-18T08:32:05+00:00","dateModified":"2026-02-19T12:11:46+00:00","description":"Profile LED Tech-Light charakteryzuj\u0105 si\u0119 wysok\u0105 jako\u015bci\u0105 oraz niecodziennym designem. Zapraszamy do zapoznania si\u0119 z nasz\u0105 ofert\u0105.","breadcrumb":{"@id":"https:\/\/tech-light.com.pl\/pryzma-do-profili-led\/#breadcrumb"},"inLanguage":"de","potentialAction":[{"@type":"ReadAction","target":["https:\/\/tech-light.com.pl\/pryzma-do-profili-led\/"]}]},{"@type":"BreadcrumbList","@id":"https:\/\/tech-light.com.pl\/pryzma-do-profili-led\/#breadcrumb","itemListElement":[{"@type":"ListItem","position":1,"name":"Strona g\u0142\u00f3wna","item":"https:\/\/tech-light.com.pl\/"},{"@type":"ListItem","position":2,"name":"LED-Profil-Prisma"}]},{"@type":"WebSite","@id":"https:\/\/tech-light.com.pl\/en\/#website","url":"https:\/\/tech-light.com.pl\/en\/","name":"Tech Light - Profile LED","description":"Rozwi\u0105zania PREMIUM w zasi\u0119gu Twojej r\u0119ki","publisher":{"@id":"https:\/\/tech-light.com.pl\/en\/#organization"},"alternateName":"Polski producent Profili LED","potentialAction":[{"@type":"SearchAction","target":{"@type":"EntryPoint","urlTemplate":"https:\/\/tech-light.com.pl\/en\/?s={search_term_string}"},"query-input":{"@type":"PropertyValueSpecification","valueRequired":true,"valueName":"search_term_string"}}],"inLanguage":"de"},{"@type":"Organization","@id":"https:\/\/tech-light.com.pl\/en\/#organization","name":"Tech-Light Sp. z o.o.","alternateName":"Tech Light - Profile LED","url":"https:\/\/tech-light.com.pl\/en\/","logo":{"@type":"ImageObject","inLanguage":"de","@id":"https:\/\/tech-light.com.pl\/en\/#\/schema\/logo\/image\/","url":"https:\/\/tech-light.com.pl\/wp-content\/uploads\/2024\/04\/tech-light-tl.jpg","contentUrl":"https:\/\/tech-light.com.pl\/wp-content\/uploads\/2024\/04\/tech-light-tl.jpg","width":696,"height":696,"caption":"Tech-Light Sp. z o.o."},"image":{"@id":"https:\/\/tech-light.com.pl\/en\/#\/schema\/logo\/image\/"},"sameAs":["https:\/\/www.facebook.com\/people\/Tech-Light\/100066483851004\/"]}]}},"_links":{"self":[{"href":"https:\/\/tech-light.com.pl\/de\/wp-json\/wp\/v2\/pages\/22471","targetHints":{"allow":["GET"]}}],"collection":[{"href":"https:\/\/tech-light.com.pl\/de\/wp-json\/wp\/v2\/pages"}],"about":[{"href":"https:\/\/tech-light.com.pl\/de\/wp-json\/wp\/v2\/types\/page"}],"author":[{"embeddable":true,"href":"https:\/\/tech-light.com.pl\/de\/wp-json\/wp\/v2\/users\/5"}],"replies":[{"embeddable":true,"href":"https:\/\/tech-light.com.pl\/de\/wp-json\/wp\/v2\/comments?post=22471"}],"version-history":[{"count":15,"href":"https:\/\/tech-light.com.pl\/de\/wp-json\/wp\/v2\/pages\/22471\/revisions"}],"predecessor-version":[{"id":42693,"href":"https:\/\/tech-light.com.pl\/de\/wp-json\/wp\/v2\/pages\/22471\/revisions\/42693"}],"wp:attachment":[{"href":"https:\/\/tech-light.com.pl\/de\/wp-json\/wp\/v2\/media?parent=22471"}],"curies":[{"name":"wp","href":"https:\/\/api.w.org\/{rel}","templated":true}]}}