{"id":10419,"date":"2023-03-17T08:23:34","date_gmt":"2023-03-17T07:23:34","guid":{"rendered":"https:\/\/tech-light.com.pl\/polityka-prywatnosci\/"},"modified":"2026-04-24T11:35:03","modified_gmt":"2026-04-24T09:35:03","slug":"polityka-prywatnosci","status":"publish","type":"page","link":"https:\/\/tech-light.com.pl\/de\/polityka-prywatnosci\/","title":{"rendered":"Polityka prywatno\u015bci"},"content":{"rendered":"<div class=\"wpb-content-wrapper\"><p>[vc_row][vc_column][vc_column_text css=&#8220;&#8220;]<\/p>\n<div>\n<div class=\"ql-block\" data-block-id=\"block-tvLjfasXWp\">Datenschutzerkl\u00e4rung beschreibt die Grunds\u00e4tze der Verarbeitung von Informationen \u00fcber Sie, einschlie\u00dflich personenbezogener Daten und Cookies.<\/div>\n<hr class=\"ql-divider ql-blot-format-toolbar__holder\" contenteditable=\"false\" \/>\n<h4 class=\"ql-heading\" data-block-id=\"block-nQIZTXcOFw\">1<strong>. Allgemeine Informationen<\/strong><\/h4>\n<ol>\n<li>Diese Richtlinie gilt f\u00fcr die Website unter: <a class=\"ql-link\" href=\"http:\/\/tech-light.com.pl\" target=\"_blank\" rel=\"noopener noreferrer\">tech-light.com.pl<\/a><\/li>\n<li>Betreiber der Website und Verantwortlicher f\u00fcr personenbezogene Daten ist: TECH Light Sp. z o.o., ul. Nowogrodzka 31; 00-511 Warschau<\/li>\n<li>Kontakt-E-Mail-Adresse des Betreibers: <a class=\"ql-link\" href=\"mailto:info@tech-light.com.pl\" target=\"_blank\" rel=\"noopener noreferrer\">info@tech-light.com.pl<\/a><\/li>\n<li>Der Betreiber ist Verantwortlicher f\u00fcr Ihre personenbezogenen Daten in Bezug auf Daten, die Sie freiwillig auf der Website angeben.<\/li>\n<li>Die Website verwendet personenbezogene Daten zu folgenden Zwecken:<\/li>\n<li>\u2022 Versand von Newslettern<\/li>\n<li>\u2022 Durchf\u00fchrung von Online-Chat-Gespr\u00e4chen<\/li>\n<li>\u2022 Bearbeitung von Anfragen \u00fcber Formulare<\/li>\n<li>\u2022 Pr\u00e4sentation von Angeboten oder Informationen<\/li>\n<li>Die Website erhebt Informationen \u00fcber Nutzer und ihr Verhalten auf folgende Weise:<\/li>\n<li>a. Durch freiwillig in Formularen eingegebene Daten, die in die Systeme des Betreibers \u00fcbertragen werden<\/li>\n<li>b. Durch das Speichern von Cookies auf den Endger\u00e4ten der Nutzer<\/li>\n<\/ol>\n<h4 class=\"ql-heading\" data-block-id=\"block-8xd80vqPUe\"><strong>2. Ausgew\u00e4hlte Methoden zum Datenschutz durch den Betreiber<\/strong><\/h4>\n<ol>\n<li>Login- und Dateneingabebereiche sind auf der \u00dcbertragungsebene gesch\u00fctzt (SSL-Zertifikat). Dadurch werden personenbezogene Daten und Login-Daten, die auf der Website eingegeben werden, auf dem Ger\u00e4t des Nutzers verschl\u00fcsselt und k\u00f6nnen nur auf dem Zielserver gelesen werden.<\/li>\n<li>Ein wesentlicher Bestandteil des Datenschutzes ist die regelm\u00e4\u00dfige Aktualisierung s\u00e4mtlicher Software, die vom Betreiber zur Verarbeitung personenbezogener Daten verwendet wird, insbesondere regelm\u00e4\u00dfige Updates der Softwarekomponenten.<\/li>\n<\/ol>\n<h4 class=\"ql-heading\" data-block-id=\"block-sQs15FvjJ8\"><strong>3. Hosting<\/strong><\/h4>\n<ol>\n<li>Die Website wird (technisch) auf Servern des Anbieters gehostet: dhosting<\/li>\n<\/ol>\n<h4 class=\"ql-heading\" data-block-id=\"block-f1wmeRFnVd\"><strong>4. Ihre Rechte und weitere Informationen zur Datennutzung<\/strong><\/h4>\n<ol>\n<li>In bestimmten Situationen ist der Verantwortliche berechtigt, Ihre personenbezogenen Daten an andere Empf\u00e4nger weiterzugeben, wenn dies zur Erf\u00fcllung eines mit Ihnen geschlossenen Vertrags oder zur Erf\u00fcllung gesetzlicher Verpflichtungen erforderlich ist. Dies betrifft folgende Empf\u00e4ngergruppen:<\/li>\n<li>\u2022 Hosting-Unternehmen im Rahmen der Auftragsverarbeitung<\/li>\n<li>Ihre personenbezogenen Daten werden vom Verantwortlichen nicht l\u00e4nger verarbeitet, als es zur Durchf\u00fchrung der damit verbundenen T\u00e4tigkeiten gem\u00e4\u00df gesonderten Vorschriften (z. B. Buchhaltungsvorschriften) erforderlich ist. Im Hinblick auf Marketingdaten werden diese nicht l\u00e4nger als 3 Jahre verarbeitet.<\/li>\n<li>Sie haben das Recht, vom Verantwortlichen zu verlangen:<\/li>\n<li>\u2022 Auskunft \u00fcber Ihre personenbezogenen Daten<\/li>\n<li>\u2022 Berichtigung<\/li>\n<li>\u2022 L\u00f6schung<\/li>\n<li>\u2022 Einschr\u00e4nkung der Verarbeitung<\/li>\n<li>\u2022 Daten\u00fcbertragbarkeit<\/li>\n<li>Sie haben das Recht, der Verarbeitung gem\u00e4\u00df Punkt 3.3 c) zu widersprechen, insbesondere wenn die Verarbeitung zur Wahrung berechtigter Interessen des Verantwortlichen erfolgt, einschlie\u00dflich Profiling. Das Widerspruchsrecht besteht jedoch nicht, wenn zwingende schutzw\u00fcrdige Gr\u00fcnde f\u00fcr die Verarbeitung vorliegen, die Ihre Interessen, Rechte und Freiheiten \u00fcberwiegen, insbesondere zur Geltendmachung, Aus\u00fcbung oder Verteidigung von Rechtsanspr\u00fcchen.<\/li>\n<li>Sie haben das Recht, Beschwerde beim Pr\u00e4sidenten der Datenschutzbeh\u00f6rde einzulegen: ul. Stawki 2, 00-193 Warschau.<\/li>\n<li>Die Angabe personenbezogener Daten ist freiwillig, jedoch erforderlich f\u00fcr die Nutzung der Website.<\/li>\n<li>Es k\u00f6nnen automatisierte Entscheidungen einschlie\u00dflich Profiling getroffen werden, um Dienstleistungen im Rahmen des geschlossenen Vertrags zu erbringen sowie f\u00fcr Direktmarketing durch den Verantwortlichen.<\/li>\n<li>Personenbezogene Daten werden nicht in Drittl\u00e4nder im Sinne der Datenschutzvorschriften \u00fcbermittelt. Das bedeutet, dass sie nicht au\u00dferhalb der Europ\u00e4ischen Union \u00fcbertragen werden.<\/li>\n<\/ol>\n<h4 class=\"ql-heading\" data-block-id=\"block-yh4lQSTkR1\"><strong>5. Informationen in Formularen<\/strong><\/h4>\n<ol>\n<li>Die Website sammelt freiwillig vom Nutzer angegebene Informationen, einschlie\u00dflich personenbezogener Daten, sofern diese angegeben werden.<\/li>\n<li>Die Website kann Verbindungsparameter speichern (Zeitstempel, IP-Adresse).<\/li>\n<li>In einigen F\u00e4llen kann die Website Informationen speichern, die eine Verkn\u00fcpfung der Formulardaten mit der E-Mail-Adresse des Nutzers erleichtern. In diesem Fall erscheint die E-Mail-Adresse des Nutzers innerhalb der URL der Seite mit dem Formular.<\/li>\n<li>Die im Formular angegebenen Daten werden entsprechend dem Zweck des jeweiligen Formulars verarbeitet, z. B. zur Bearbeitung einer Serviceanfrage, eines Gesch\u00e4ftskontakts, zur Registrierung von Dienstleistungen usw. Der Kontext und die Beschreibung des Formulars informieren jeweils klar \u00fcber dessen Zweck.<\/li>\n<\/ol>\n<h4 class=\"ql-heading\" data-block-id=\"block-EvnPeDBHH1\"><strong>6. Protokolle des Verantwortlichen<\/strong><\/h4>\n<ol>\n<li>Informationen \u00fcber das Verhalten der Nutzer auf der Website k\u00f6nnen protokolliert werden. Diese Daten werden zur Verwaltung der Website verwendet.<\/li>\n<\/ol>\n<h4 class=\"ql-heading\" data-block-id=\"block-EqzlIFI5Me\"><strong>7. Wichtige Marketingtechniken<\/strong><\/h4>\n<ol>\n<li>Der Betreiber verwendet eine statistische Analyse des Website-Verkehrs \u00fcber Google Analytics (Google Inc., USA). Der Betreiber \u00fcbermittelt keine personenbezogenen Daten an den Anbieter dieses Dienstes, sondern nur anonymisierte Informationen. Der Dienst basiert auf der Verwendung von Cookies auf dem Endger\u00e4t des Nutzers. Informationen zu Nutzerpr\u00e4ferenzen, die vom Google-Werbenetzwerk gesammelt werden, k\u00f6nnen vom Nutzer unter folgendem Link eingesehen und bearbeitet werden: https:\/\/www.google.com\/ads\/preferences\/<\/li>\n<li>Der Betreiber verwendet Remarketing-Techniken, die eine Anpassung von Werbebotschaften an das Verhalten des Nutzers auf der Website erm\u00f6glichen. Dies kann den Eindruck erwecken, dass personenbezogene Daten zur Verfolgung des Nutzers verwendet werden, jedoch werden in der Praxis keine personenbezogenen Daten vom Betreiber an Werbeanbieter weitergegeben. Voraussetzung hierf\u00fcr ist die aktivierte Verwendung von Cookies.<\/li>\n<li>Der Betreiber verwendet den Facebook-Pixel. Diese Technologie erm\u00f6glicht es Facebook (Facebook Inc., USA) zu erkennen, dass eine registrierte Person die Website nutzt. Grundlage sind Daten, f\u00fcr die Facebook selbst verantwortlich ist; der Betreiber \u00fcbermittelt keine zus\u00e4tzlichen personenbezogenen Daten an Facebook. Der Dienst basiert auf Cookies.<\/li>\n<li>Der Betreiber verwendet L\u00f6sungen zur Analyse des Nutzerverhaltens durch Heatmaps und Aufzeichnungen von Website-Aktivit\u00e4ten. Diese Informationen werden vor der \u00dcbermittlung anonymisiert, sodass keine Identifikation einer Person m\u00f6glich ist. Insbesondere werden eingegebene Passw\u00f6rter und andere personenbezogene Daten nicht aufgezeichnet.<\/li>\n<li>Der Betreiber verwendet L\u00f6sungen zur Automatisierung von Website-Aktivit\u00e4ten, z. B. zum Versenden von E-Mails nach dem Besuch bestimmter Unterseiten, sofern der Nutzer dem Erhalt kommerzieller Kommunikation zugestimmt hat.<\/li>\n<\/ol>\n<h4 class=\"ql-heading\" data-block-id=\"block-rDjrXebYj1\"><strong>8. Informationen zu Cookies<\/strong><\/h4>\n<ol>\n<li>Die Website verwendet Cookies.<\/li>\n<li>Cookies sind IT-Daten, insbesondere Textdateien, die auf dem Endger\u00e4t des Nutzers gespeichert werden und zur Nutzung der Website dienen. Cookies enthalten in der Regel den Namen der Website, die Speicherdauer sowie eine eindeutige Kennung.<\/li>\n<li>Verantwortlich f\u00fcr das Setzen und den Zugriff auf Cookies ist der Betreiber der Website.<\/li>\n<li>Cookies werden verwendet f\u00fcr:<\/li>\n<li>a. Aufrechterhaltung der Nutzersitzung (nach dem Login)<\/li>\n<li>b. Umsetzung der im Abschnitt \u201eWichtige Marketingtechniken\u201c genannten Zwecke<\/li>\n<li>Die Website verwendet zwei Hauptarten von Cookies: Session-Cookies und permanente Cookies. Session-Cookies sind tempor\u00e4r und werden bis zum Logout, Verlassen der Website oder Schlie\u00dfen des Browsers gespeichert. Permanente Cookies bleiben f\u00fcr eine festgelegte Zeit oder bis zur L\u00f6schung gespeichert.<\/li>\n<li>Webbrowser erlauben standardm\u00e4\u00dfig die Speicherung von Cookies. Nutzer k\u00f6nnen diese Einstellungen \u00e4ndern, Cookies l\u00f6schen oder blockieren. Detaillierte Informationen finden sich in der Browserhilfe.<\/li>\n<li>Einschr\u00e4nkungen bei der Verwendung von Cookies k\u00f6nnen die Funktionalit\u00e4t der Website beeintr\u00e4chtigen.<\/li>\n<li>Cookies k\u00f6nnen auch von Partnern des Betreibers verwendet werden, insbesondere: Google, Facebook, Twitter, TikTok.<\/li>\n<\/ol>\n<h4><strong>9.<\/strong>Verwaltung von Cookies \u2013 wie Zustimmung erteilen und widerrufen<\/h4>\n<ol>\n<li>Wenn der Nutzer keine Cookies erhalten m\u00f6chte, kann er die Browsereinstellungen \u00e4ndern. Das Deaktivieren von Cookies, die f\u00fcr Authentifizierung, Sicherheit und Nutzerpr\u00e4ferenzen erforderlich sind, kann die Nutzung der Website erschweren oder verhindern.<\/li>\n<li>Zur Verwaltung der Cookie-Einstellungen w\u00e4hlen Sie Ihren Browser und folgen Sie den Anweisungen:<\/li>\n<\/ol>\n<ol>\n<li>\n<ul>\n<li><a href=\"https:\/\/support.microsoft.com\/pl-pl\/help\/10607\/microsoft-edge-view-delete-browser-history\">Edge<\/a><\/li>\n<li><a href=\"https:\/\/support.microsoft.com\/pl-pl\/help\/278835\/how-to-delete-cookie-files-in-internet-explorer\">Internet Explorer<\/a><\/li>\n<li><a href=\"http:\/\/support.google.com\/chrome\/bin\/answer.py?hl=pl&amp;answer=95647\">Chrome<\/a><\/li>\n<li><a href=\"http:\/\/support.apple.com\/kb\/PH5042\">Safari<\/a><\/li>\n<li><a href=\"http:\/\/support.mozilla.org\/pl\/kb\/W%C5%82%C4%85czanie%20i%20wy%C5%82%C4%85czanie%20obs%C5%82ugi%20ciasteczek\">Firefox<\/a><\/li>\n<li><a href=\"http:\/\/help.opera.com\/Windows\/12.10\/pl\/cookies.html\">Opera<\/a><\/li>\n<\/ul>\n<p>Mobile Ger\u00e4te:<\/p>\n<ul>\n<li><a href=\"http:\/\/support.google.com\/chrome\/bin\/answer.py?hl=pl&amp;answer=95647\">Android<\/a><\/li>\n<li><a href=\"http:\/\/support.apple.com\/kb\/HT1677?viewlocale=pl_PL\">Safari (iOS)<\/a><\/li>\n<li><a href=\"http:\/\/www.windowsphone.com\/pl-pl\/how-to\/wp7\/web\/changing-privacy-and-other-browser-settings\">Windows Phone<\/a><\/li>\n<\/ul>\n<\/li>\n<\/ol>\n<\/div>\n<p>[\/vc_column_text][\/vc_column][\/vc_row]<\/p>\n<\/div>","protected":false},"excerpt":{"rendered":"<p>[vc_row][vc_column][vc_column_text css=&#8220;&#8220;] Datenschutzerkl\u00e4rung beschreibt die Grunds\u00e4tze der Verarbeitung von Informationen \u00fcber Sie, einschlie\u00dflich personenbezogener Daten und Cookies. 1. Allgemeine Informationen Diese Richtlinie gilt f\u00fcr die Website unter: tech-light.com.pl Betreiber der Website und Verantwortlicher f\u00fcr personenbezogene Daten ist: TECH Light Sp. z o.o., ul. Nowogrodzka 31; 00-511 Warschau Kontakt-E-Mail-Adresse des Betreibers: info@tech-light.com.pl Der Betreiber ist Verantwortlicher [&hellip;]<\/p>\n","protected":false},"author":5,"featured_media":0,"parent":0,"menu_order":0,"comment_status":"closed","ping_status":"closed","template":"","meta":{"_acf_changed":false,"inline_featured_image":false,"footnotes":""},"class_list":["post-10419","page","type-page","status-publish","hentry"],"acf":[],"yoast_head":"<!-- This site is optimized with the Yoast SEO plugin v26.6 - https:\/\/yoast.com\/wordpress\/plugins\/seo\/ -->\n<title>Polityka prywatno\u015bci - Tech Light - Profile LED<\/title>\n<meta name=\"robots\" content=\"index, follow, max-snippet:-1, max-image-preview:large, max-video-preview:-1\" \/>\n<link rel=\"canonical\" href=\"https:\/\/tech-light.com.pl\/de\/polityka-prywatnosci\/\" \/>\n<meta property=\"og:locale\" content=\"de_DE\" \/>\n<meta property=\"og:type\" content=\"article\" \/>\n<meta property=\"og:title\" content=\"Polityka prywatno\u015bci - Tech Light - Profile LED\" \/>\n<meta property=\"og:description\" content=\"[vc_row][vc_column][vc_column_text css=&#8220;&#8220;] Datenschutzerkl\u00e4rung beschreibt die Grunds\u00e4tze der Verarbeitung von Informationen \u00fcber Sie, einschlie\u00dflich personenbezogener Daten und Cookies. 1. Allgemeine Informationen Diese Richtlinie gilt f\u00fcr die Website unter: tech-light.com.pl Betreiber der Website und Verantwortlicher f\u00fcr personenbezogene Daten ist: TECH Light Sp. z o.o., ul. Nowogrodzka 31; 00-511 Warschau Kontakt-E-Mail-Adresse des Betreibers: info@tech-light.com.pl Der Betreiber ist Verantwortlicher [&hellip;]\" \/>\n<meta property=\"og:url\" content=\"https:\/\/tech-light.com.pl\/de\/polityka-prywatnosci\/\" \/>\n<meta property=\"og:site_name\" content=\"Tech Light - Profile LED\" \/>\n<meta property=\"article:publisher\" content=\"https:\/\/www.facebook.com\/people\/Tech-Light\/100066483851004\/\" \/>\n<meta property=\"article:modified_time\" content=\"2026-04-24T09:35:03+00:00\" \/>\n<meta property=\"og:image\" content=\"https:\/\/tech-light.com.pl\/wp-content\/uploads\/2024\/04\/tech-light-profile-led.jpg\" \/>\n\t<meta property=\"og:image:width\" content=\"1200\" \/>\n\t<meta property=\"og:image:height\" content=\"675\" \/>\n\t<meta property=\"og:image:type\" content=\"image\/jpeg\" \/>\n<meta name=\"twitter:card\" content=\"summary_large_image\" \/>\n<meta name=\"twitter:label1\" content=\"Gesch\u00e4tzte Lesezeit\" \/>\n\t<meta name=\"twitter:data1\" content=\"7\u00a0Minuten\" \/>\n<script type=\"application\/ld+json\" class=\"yoast-schema-graph\">{\"@context\":\"https:\/\/schema.org\",\"@graph\":[{\"@type\":\"WebPage\",\"@id\":\"https:\/\/tech-light.com.pl\/de\/polityka-prywatnosci\/\",\"url\":\"https:\/\/tech-light.com.pl\/de\/polityka-prywatnosci\/\",\"name\":\"Polityka prywatno\u015bci - Tech Light - Profile LED\",\"isPartOf\":{\"@id\":\"https:\/\/tech-light.com.pl\/en\/#website\"},\"datePublished\":\"2023-03-17T07:23:34+00:00\",\"dateModified\":\"2026-04-24T09:35:03+00:00\",\"breadcrumb\":{\"@id\":\"https:\/\/tech-light.com.pl\/de\/polityka-prywatnosci\/#breadcrumb\"},\"inLanguage\":\"de\",\"potentialAction\":[{\"@type\":\"ReadAction\",\"target\":[\"https:\/\/tech-light.com.pl\/de\/polityka-prywatnosci\/\"]}]},{\"@type\":\"BreadcrumbList\",\"@id\":\"https:\/\/tech-light.com.pl\/de\/polityka-prywatnosci\/#breadcrumb\",\"itemListElement\":[{\"@type\":\"ListItem\",\"position\":1,\"name\":\"Strona g\u0142\u00f3wna\",\"item\":\"https:\/\/tech-light.com.pl\/\"},{\"@type\":\"ListItem\",\"position\":2,\"name\":\"Polityka prywatno\u015bci\"}]},{\"@type\":\"WebSite\",\"@id\":\"https:\/\/tech-light.com.pl\/en\/#website\",\"url\":\"https:\/\/tech-light.com.pl\/en\/\",\"name\":\"Tech Light - Profile LED\",\"description\":\"Rozwi\u0105zania PREMIUM w zasi\u0119gu Twojej r\u0119ki\",\"publisher\":{\"@id\":\"https:\/\/tech-light.com.pl\/en\/#organization\"},\"alternateName\":\"Polski producent Profili LED\",\"potentialAction\":[{\"@type\":\"SearchAction\",\"target\":{\"@type\":\"EntryPoint\",\"urlTemplate\":\"https:\/\/tech-light.com.pl\/en\/?s={search_term_string}\"},\"query-input\":{\"@type\":\"PropertyValueSpecification\",\"valueRequired\":true,\"valueName\":\"search_term_string\"}}],\"inLanguage\":\"de\"},{\"@type\":\"Organization\",\"@id\":\"https:\/\/tech-light.com.pl\/en\/#organization\",\"name\":\"Tech-Light Sp. z o.o.\",\"alternateName\":\"Tech Light - Profile LED\",\"url\":\"https:\/\/tech-light.com.pl\/en\/\",\"logo\":{\"@type\":\"ImageObject\",\"inLanguage\":\"de\",\"@id\":\"https:\/\/tech-light.com.pl\/en\/#\/schema\/logo\/image\/\",\"url\":\"https:\/\/tech-light.com.pl\/wp-content\/uploads\/2024\/04\/tech-light-tl.jpg\",\"contentUrl\":\"https:\/\/tech-light.com.pl\/wp-content\/uploads\/2024\/04\/tech-light-tl.jpg\",\"width\":696,\"height\":696,\"caption\":\"Tech-Light Sp. z o.o.\"},\"image\":{\"@id\":\"https:\/\/tech-light.com.pl\/en\/#\/schema\/logo\/image\/\"},\"sameAs\":[\"https:\/\/www.facebook.com\/people\/Tech-Light\/100066483851004\/\"]}]}<\/script>\n<!-- \/ Yoast SEO plugin. -->","yoast_head_json":{"title":"Polityka prywatno\u015bci - Tech Light - Profile LED","robots":{"index":"index","follow":"follow","max-snippet":"max-snippet:-1","max-image-preview":"max-image-preview:large","max-video-preview":"max-video-preview:-1"},"canonical":"https:\/\/tech-light.com.pl\/de\/polityka-prywatnosci\/","og_locale":"de_DE","og_type":"article","og_title":"Polityka prywatno\u015bci - Tech Light - Profile LED","og_description":"[vc_row][vc_column][vc_column_text css=&#8220;&#8220;] Datenschutzerkl\u00e4rung beschreibt die Grunds\u00e4tze der Verarbeitung von Informationen \u00fcber Sie, einschlie\u00dflich personenbezogener Daten und Cookies. 1. Allgemeine Informationen Diese Richtlinie gilt f\u00fcr die Website unter: tech-light.com.pl Betreiber der Website und Verantwortlicher f\u00fcr personenbezogene Daten ist: TECH Light Sp. z o.o., ul. Nowogrodzka 31; 00-511 Warschau Kontakt-E-Mail-Adresse des Betreibers: info@tech-light.com.pl Der Betreiber ist Verantwortlicher [&hellip;]","og_url":"https:\/\/tech-light.com.pl\/de\/polityka-prywatnosci\/","og_site_name":"Tech Light - Profile LED","article_publisher":"https:\/\/www.facebook.com\/people\/Tech-Light\/100066483851004\/","article_modified_time":"2026-04-24T09:35:03+00:00","og_image":[{"width":1200,"height":675,"url":"https:\/\/tech-light.com.pl\/wp-content\/uploads\/2024\/04\/tech-light-profile-led.jpg","type":"image\/jpeg"}],"twitter_card":"summary_large_image","twitter_misc":{"Gesch\u00e4tzte Lesezeit":"7\u00a0Minuten"},"schema":{"@context":"https:\/\/schema.org","@graph":[{"@type":"WebPage","@id":"https:\/\/tech-light.com.pl\/de\/polityka-prywatnosci\/","url":"https:\/\/tech-light.com.pl\/de\/polityka-prywatnosci\/","name":"Polityka prywatno\u015bci - Tech Light - Profile LED","isPartOf":{"@id":"https:\/\/tech-light.com.pl\/en\/#website"},"datePublished":"2023-03-17T07:23:34+00:00","dateModified":"2026-04-24T09:35:03+00:00","breadcrumb":{"@id":"https:\/\/tech-light.com.pl\/de\/polityka-prywatnosci\/#breadcrumb"},"inLanguage":"de","potentialAction":[{"@type":"ReadAction","target":["https:\/\/tech-light.com.pl\/de\/polityka-prywatnosci\/"]}]},{"@type":"BreadcrumbList","@id":"https:\/\/tech-light.com.pl\/de\/polityka-prywatnosci\/#breadcrumb","itemListElement":[{"@type":"ListItem","position":1,"name":"Strona g\u0142\u00f3wna","item":"https:\/\/tech-light.com.pl\/"},{"@type":"ListItem","position":2,"name":"Polityka prywatno\u015bci"}]},{"@type":"WebSite","@id":"https:\/\/tech-light.com.pl\/en\/#website","url":"https:\/\/tech-light.com.pl\/en\/","name":"Tech Light - Profile LED","description":"Rozwi\u0105zania PREMIUM w zasi\u0119gu Twojej r\u0119ki","publisher":{"@id":"https:\/\/tech-light.com.pl\/en\/#organization"},"alternateName":"Polski producent Profili LED","potentialAction":[{"@type":"SearchAction","target":{"@type":"EntryPoint","urlTemplate":"https:\/\/tech-light.com.pl\/en\/?s={search_term_string}"},"query-input":{"@type":"PropertyValueSpecification","valueRequired":true,"valueName":"search_term_string"}}],"inLanguage":"de"},{"@type":"Organization","@id":"https:\/\/tech-light.com.pl\/en\/#organization","name":"Tech-Light Sp. z o.o.","alternateName":"Tech Light - Profile LED","url":"https:\/\/tech-light.com.pl\/en\/","logo":{"@type":"ImageObject","inLanguage":"de","@id":"https:\/\/tech-light.com.pl\/en\/#\/schema\/logo\/image\/","url":"https:\/\/tech-light.com.pl\/wp-content\/uploads\/2024\/04\/tech-light-tl.jpg","contentUrl":"https:\/\/tech-light.com.pl\/wp-content\/uploads\/2024\/04\/tech-light-tl.jpg","width":696,"height":696,"caption":"Tech-Light Sp. z o.o."},"image":{"@id":"https:\/\/tech-light.com.pl\/en\/#\/schema\/logo\/image\/"},"sameAs":["https:\/\/www.facebook.com\/people\/Tech-Light\/100066483851004\/"]}]}},"_links":{"self":[{"href":"https:\/\/tech-light.com.pl\/de\/wp-json\/wp\/v2\/pages\/10419","targetHints":{"allow":["GET"]}}],"collection":[{"href":"https:\/\/tech-light.com.pl\/de\/wp-json\/wp\/v2\/pages"}],"about":[{"href":"https:\/\/tech-light.com.pl\/de\/wp-json\/wp\/v2\/types\/page"}],"author":[{"embeddable":true,"href":"https:\/\/tech-light.com.pl\/de\/wp-json\/wp\/v2\/users\/5"}],"replies":[{"embeddable":true,"href":"https:\/\/tech-light.com.pl\/de\/wp-json\/wp\/v2\/comments?post=10419"}],"version-history":[{"count":10,"href":"https:\/\/tech-light.com.pl\/de\/wp-json\/wp\/v2\/pages\/10419\/revisions"}],"predecessor-version":[{"id":43511,"href":"https:\/\/tech-light.com.pl\/de\/wp-json\/wp\/v2\/pages\/10419\/revisions\/43511"}],"wp:attachment":[{"href":"https:\/\/tech-light.com.pl\/de\/wp-json\/wp\/v2\/media?parent=10419"}],"curies":[{"name":"wp","href":"https:\/\/api.w.org\/{rel}","templated":true}]}}